{"id":58,"date":"2009-02-04T19:07:02","date_gmt":"2009-02-04T23:07:02","guid":{"rendered":"http:\/\/promociondeeventos.sld.cu\/conapac2009\/"},"modified":"2009-02-24T15:44:44","modified_gmt":"2009-02-24T19:44:44","slug":"temas-libres","status":"publish","type":"page","link":"https:\/\/promociondeeventos.sld.cu\/conapac2009\/temas-libres\/","title":{"rendered":"Temas libres"},"content":{"rendered":"<p><strong><a href=\"http:\/\/promociondeeventos.sld.cu\/conapac2009\/files\/2008\/08\/b-de-cuba.JPG\" title=\"b-de-cuba.JPG\"><\/a><a href=\"http:\/\/promociondeeventos.sld.cu\/conapac2009\/files\/2009\/02\/120px-flag_of_colombiasvg.png\" title=\"120px-flag_of_colombiasvg.png\"><\/a><a href=\"http:\/\/promociondeeventos.sld.cu\/conapac2009\/files\/2008\/07\/baner-congreso2.JPG\" title=\"baner-congreso2.JPG\"><img decoding=\"async\" src=\"http:\/\/promociondeeventos.sld.cu\/conapac2009\/files\/2008\/07\/baner-congreso2.JPG\" alt=\"baner-congreso2.JPG\" \/><\/a><br \/>\nJueves 2 de abril<br \/>\n<\/strong><strong><strong>sala 10<br \/>\n2.00 pm<br \/>\n<\/strong><\/strong><\/p>\n<p><strong>Caracterizaci\u00f3n\u00a0 biocelular de la\u00a0 eritrocitosis patol\u00f3gica de la altura<\/strong>. (20 minutos)<br \/>\n<img decoding=\"async\" loading=\"lazy\" border=\"0\" align=\"left\" width=\"51\" src=\"http:\/\/promociondeeventos.sld.cu\/conapac2009\/files\/2008\/11\/120px-flag_of_boliviasvg.thumbnail.png\" alt=\"BOLIVIA\" height=\"31\" \/>Dr. Ricardo Amaru<\/p>\n<p><strong>Identificaci\u00f3n del mecanismo de se\u00f1alizaci\u00f3n con ubiquitina en el par\u00e1sito giardia lamblia usando el modelo oculto de Markov<\/strong>.<br \/>\n(10 minutos)<br \/>\n<a href=\"http:\/\/promociondeeventos.sld.cu\/conapac2009\/files\/2008\/08\/b-de-cuba.JPG\" title=\"b-de-cuba.JPG\"><\/a><a href=\"http:\/\/promociondeeventos.sld.cu\/conapac2009\/files\/2009\/02\/120px-flag_of_colombiasvg.png\" title=\"120px-flag_of_colombiasvg.png\"><img decoding=\"async\" loading=\"lazy\" border=\"0\" align=\"left\" width=\"51\" src=\"http:\/\/promociondeeventos.sld.cu\/conapac2009\/files\/2009\/02\/120px-flag_of_colombiasvg.thumbnail.png\" alt=\"COLOMBIA\" height=\"31\" \/><\/a>Isabel Castellanos<\/p>\n<p><strong>La Industria del Diagnostico y los Servicios de Laboratorios en CUBA<\/strong> (20 minutos)<br \/>\n<a href=\"http:\/\/promociondeeventos.sld.cu\/conapac2009\/files\/2008\/08\/b-de-cuba.JPG\" title=\"b-de-cuba.JPG\"><img decoding=\"async\" loading=\"lazy\" border=\"0\" align=\"left\" width=\"51\" src=\"http:\/\/promociondeeventos.sld.cu\/conapac2009\/files\/2008\/08\/b-de-cuba.thumbnail.JPG\" alt=\"CUBA\" height=\"31\" \/><\/a>MSc. Lilliam Valdes D.<\/p>\n","protected":false},"excerpt":{"rendered":"<p>Jueves 2 de abril sala 10 2.00 pm Caracterizaci\u00f3n\u00a0 biocelular de la\u00a0 eritrocitosis patol\u00f3gica de la altura. (20 minutos) Dr. Ricardo Amaru Identificaci\u00f3n del mecanismo de se\u00f1alizaci\u00f3n con ubiquitina en el par\u00e1sito giardia lamblia usando el modelo oculto de Markov. (10 minutos) Isabel Castellanos La Industria del Diagnostico y los Servicios de Laboratorios en CUBA [&hellip;]<\/p>\n","protected":false},"author":20,"featured_media":0,"parent":0,"menu_order":10,"comment_status":"open","ping_status":"open","template":"","meta":[],"_links":{"self":[{"href":"https:\/\/promociondeeventos.sld.cu\/conapac2009\/wp-json\/wp\/v2\/pages\/58"}],"collection":[{"href":"https:\/\/promociondeeventos.sld.cu\/conapac2009\/wp-json\/wp\/v2\/pages"}],"about":[{"href":"https:\/\/promociondeeventos.sld.cu\/conapac2009\/wp-json\/wp\/v2\/types\/page"}],"author":[{"embeddable":true,"href":"https:\/\/promociondeeventos.sld.cu\/conapac2009\/wp-json\/wp\/v2\/users\/20"}],"replies":[{"embeddable":true,"href":"https:\/\/promociondeeventos.sld.cu\/conapac2009\/wp-json\/wp\/v2\/comments?post=58"}],"version-history":[{"count":0,"href":"https:\/\/promociondeeventos.sld.cu\/conapac2009\/wp-json\/wp\/v2\/pages\/58\/revisions"}],"wp:attachment":[{"href":"https:\/\/promociondeeventos.sld.cu\/conapac2009\/wp-json\/wp\/v2\/media?parent=58"}],"curies":[{"name":"wp","href":"https:\/\/api.w.org\/{rel}","templated":true}]}}