{"id":54,"date":"2008-12-11T13:23:29","date_gmt":"2008-12-11T17:23:29","guid":{"rendered":"http:\/\/promociondeeventos.sld.cu\/conapac2009\/"},"modified":"2009-02-24T16:07:17","modified_gmt":"2009-02-24T20:07:17","slug":"cursos","status":"publish","type":"page","link":"https:\/\/promociondeeventos.sld.cu\/conapac2009\/cursos\/","title":{"rendered":"Cursos"},"content":{"rendered":"<p><a href=\"http:\/\/promociondeeventos.sld.cu\/conapac2009\/files\/2008\/10\/brasil.JPG\" title=\"brasil.JPG\"><\/a><a href=\"http:\/\/promociondeeventos.sld.cu\/conapac2009\/files\/2008\/08\/b-de-cuba.JPG\" title=\"b-de-cuba.JPG\"><\/a><a href=\"http:\/\/promociondeeventos.sld.cu\/conapac2009\/files\/2008\/07\/baner-congreso2.JPG\" title=\"baner-congreso2.JPG\"><img decoding=\"async\" src=\"http:\/\/promociondeeventos.sld.cu\/conapac2009\/files\/2008\/07\/baner-congreso2.JPG\" alt=\"baner-congreso2.JPG\" \/><\/a><a href=\"http:\/\/promociondeeventos.sld.cu\/conapac2009\/files\/2008\/07\/baner-congreso2.JPG\" title=\"baner-congreso2.JPG\"><img decoding=\"async\" loading=\"lazy\" border=\"0\" align=\"middle\" width=\"1\" src=\"http:\/\/promociondeeventos.sld.cu\/conapac2009\/files\/2008\/07\/baner-congreso2.JPG\" alt=\"baner-congreso2.JPG\" height=\"1\" \/><\/a><img decoding=\"async\" loading=\"lazy\" border=\"0\" align=\"middle\" width=\"1\" src=\"http:\/\/promociondeeventos.sld.cu\/conapac2009\/files\/2008\/07\/baner-congreso2.JPG\" alt=\"baner-congreso2.JPG\" height=\"1\" \/><\/p>\n<p><strong>Cursos pre-congresos<\/strong><\/p>\n<p><strong>lunes 30 de marzo<\/strong><\/p>\n<ul>\n<li>Aplicaci\u00f3n de la Biolog\u00eda Molecular al trasplante de \u00f3rganos y tejidos.<br \/>\nMetodolog\u00eda del PCR. Serolog\u00eda versus Biolog\u00eda Molecular.\u00a0 Ant\u00edgenos Menores de Histocompatibilidad. Detecci\u00f3n del quimerismo hematopoy\u00e9tico post-trasplante alog\u00e9nico de m\u00e9dula \u00f3sea. Inmunosupresi\u00f3n.<br \/>\nProfesores:<br \/>\n<a href=\"http:\/\/promociondeeventos.sld.cu\/conapac2009\/files\/2008\/08\/b-de-cuba.JPG\" title=\"b-de-cuba.JPG\"><img decoding=\"async\" loading=\"lazy\" border=\"0\" align=\"left\" width=\"51\" src=\"http:\/\/promociondeeventos.sld.cu\/conapac2009\/files\/2008\/08\/b-de-cuba.JPG\" alt=\"CUBA\" height=\"31\" \/><\/a>\u00a0 Lic. Jorge Mato Luis<br \/>\n\u00a0 Dra. Flora Calzadilla Lugo<br \/>\n\u00a0\u00a0\u00a0\u00a0\u00a0\u00a0\u00a0\u00a0\u00a0\u00a0\u00a0\u00a0\u00a0MSc. Zuzet Mart\u00ednez<br \/>\n\u00a0\u00a0\u00a0\u00a0\u00a0\u00a0\u00a0\u00a0\u00a0\u00a0\u00a0\u00a0\u00a0Dra. Karina Casanueva Calero<br \/>\n\u00a0\u00a0\u00a0\u00a0\u00a0\u00a0\u00a0\u00a0\u00a0\u00a0\u00a0\u00a0\u00a0MSc. Ingrid Garc\u00eda Gonz\u00e1lez<\/li>\n<\/ul>\n<p>Lugar: Hospital \u00abHermanos Ameijeiras\u00bb<br \/>\nCapacidad: 30 plazas.<\/p>\n<ul>\n<li><strong>Anemias<br \/>\n<\/strong>Anemia ferrop\u00e9nica, Anemia y embarazo, Anemia megalobl\u00e1stica, Anemia de los Procesos Cr\u00f3nicos.<br \/>\nProfesores:<\/li>\n<\/ul>\n<p><img decoding=\"async\" loading=\"lazy\" border=\"0\" align=\"left\" width=\"51\" src=\"http:\/\/promociondeeventos.sld.cu\/conapac2009\/files\/2008\/08\/b-de-cuba.JPG\" alt=\"CUBA\" height=\"31\" \/>\u00a0Dra. Elda Palomo Torres.<br \/>\n\u00a0Dr. Lorenzo Mu\u00f1oz Caldas.\u00a0<br \/>\n\u00a0\u00a0\u00a0\u00a0\u00a0\u00a0\u00a0\u00a0\u00a0\u00a0\u00a0\u00a0Dra. Josefa Companioni Tamayo.\u00a0<br \/>\n\u00a0\u00a0\u00a0\u00a0\u00a0\u00a0\u00a0\u00a0\u00a0\u00a0\u00a0\u00a0Dra. Miriam S\u00e1nchez Damas.\u00a0<br \/>\n\u00a0\u00a0\u00a0\u00a0\u00a0\u00a0\u00a0\u00a0\u00a0\u00a0\u00a0\u00a0Dr. Rolando Vergara Rivera.<\/p>\n<p>Lugar: Hospital Universitario \u00abCalixto Garc\u00eda I\u00f1iguez\u00bb<br \/>\nCapacidad: 30 plazas.<\/p>\n<ul>\n<li><strong>Estr\u00e9s oxidativo\u00a0<br \/>\n<\/strong>Oxidaciones Biol\u00f3gicas y Estr\u00e9s Oxidativo. Generalidades, Estr\u00e9s Oxidativo y L\u00edpidos, Cronobiolog\u00eda y Estr\u00e9s Oxidativo, Da\u00f1o oxidativo al ADN, Estr\u00e9s Oxidativo en la Infertilidad humana, Estudio del Estr\u00e9s Oxidativo.<br \/>\nProfesores:<img decoding=\"async\" loading=\"lazy\" border=\"0\" align=\"left\" width=\"51\" src=\"http:\/\/promociondeeventos.sld.cu\/conapac2009\/files\/2008\/08\/b-de-cuba.JPG\" alt=\"CUBA\" height=\"31\" \/><br \/>\nMSc. Celia A. Alonso Rodr\u00edguez\u00a0\u00a0\u00a0\u00a0\u00a0\u00a0\u00a0\u00a0\u00a0\u00a0\u00a0\u00a0\u00a0\u00a0\u00a0\u00a0\u00a0\u00a0\u00a0\u00a0\u00a0\u00a0\u00a0\u00a0\u00a0\u00a0\u00a0\u00a0\u00a0\u00a0\u00a0\u00a0\u00a0\u00a0\u00a0\u00a0\u00a0\u00a0\u00a0\u00a0\u00a0\u00a0\u00a0\u00a0\u00a0\u00a0\u00a0\u00a0\u00a0\u00a0\u00a0\u00a0\u00a0\u00a0\u00a0\u00a0\u00a0\u00a0\u00a0\u00a0\u00a0\u00a0\u00a0\u00a0\u00a0\u00a0\u00a0\u00a0\u00a0\u00a0\u00a0\u00a0\u00a0\u00a0\u00a0\u00a0\u00a0\u00a0\u00a0\u00a0\u00a0\u00a0\u00a0\u00a0\u00a0\u00a0\u00a0\u00a0\u00a0\u00a0\u00a0\u00a0\u00a0\u00a0\u00a0\u00a0\u00a0\u00a0\u00a0<br \/>\n\u00a0\u00a0\u00a0\u00a0\u00a0\u00a0\u00a0\u00a0\u00a0\u00a0\u00a0\u00a0Dr. Luis Mayor Gonz\u00e1lez\u00a0\u00a0\u00a0\u00a0\u00a0\u00a0<br \/>\n\u00a0\u00a0\u00a0\u00a0\u00a0\u00a0\u00a0\u00a0\u00a0\u00a0\u00a0\u00a0Dra. C. Yolanda Vald\u00e9s Rodr\u00edguez<br \/>\n\u00a0\u00a0\u00a0\u00a0\u00a0\u00a0\u00a0\u00a0\u00a0\u00a0\u00a0\u00a0MSc. Gretel River\u00f3n Forment<br \/>\n\u00a0\u00a0\u00a0\u00a0\u00a0\u00a0\u00a0\u00a0\u00a0\u00a0\u00a0\u00a0Dra. Rosa Mar\u00eda Flores S\u00e1nchez<br \/>\n\u00a0\u00a0\u00a0\u00a0\u00a0\u00a0\u00a0\u00a0\u00a0\u00a0\u00a0\u00a0Dr. Gregorio Mart\u00ednez S\u00e1nchez\u00a0\u00a0\u00a0\u00a0\u00a0\u00a0<br \/>\nLugar: Hospital \u00abHermanos Ameijeiras\u00bb\u00a0<br \/>\nCapacidad: 100 plazas.\u00a0\u00a0\u00a0\u00a0\u00a0\u00a0\u00a0\u00a0\u00a0\u00a0\u00a0\u00a0\u00a0\u00a0\u00a0\u00a0\u00a0\u00a0\u00a0\u00a0\u00a0\u00a0\u00a0\u00a0\u00a0\u00a0\u00a0\u00a0\u00a0\u00a0\u00a0\u00a0\u00a0\u00a0<\/li>\n<\/ul>\n<p><strong>Curso trans-congreso<\/strong><\/p>\n<p><strong>mi\u00e9rcoles 1ro de abril<\/strong><\/p>\n<ul>\n<li><strong>Curso Internacional de Acreditaci\u00f3n.<br \/>\nGesti\u00f3n de la Calidad en el Laboratorio Cl\u00ednico.<\/strong><\/li>\n<\/ul>\n<p>Acreditaci\u00f3n de Acreditaci\u00f3n de Laboratorios Cl\u00ednicos<br \/>\nHist\u00f3rico y principios de la acreditaci\u00f3n en el mundo.<br \/>\nEl Programa de Acreditaci\u00f3n de Laboratorios Cl\u00ednicos (PALC) de la SBPC\/ML.<br \/>\nGesti\u00f3n de la calidad \u00e2\u20ac\u201c Normas de certificaci\u00f3n y acreditaci\u00f3n<br \/>\nIntroducci\u00f3n a los principios generales y definiciones de la gesti\u00f3n de la calidad y de los principales sistemas de certificaci\u00f3n\u00a0 y acreditaci\u00f3n<br \/>\nGesti\u00f3n de Equipos y Servicios Externos<br \/>\nSuministro, control de almacenaje, calibraci\u00f3n\u00a0 y mantenimiento<br \/>\nGesti\u00f3n de la Fase Pre anal\u00edtica<br \/>\nRegistro de pacientes, toma de muestras y transporte.<br \/>\nseguramiento de la Calidad Anal\u00edtica<br \/>\nControl de la Calidad de los sistemas cualitativos; Control de la Calidad de los sistemas cuantitativos; Control Externo de la Calidad \/ Evaluaci\u00f3n Externa de la Calidad; Comparaci\u00f3n y validaci\u00f3n de m\u00e9todos (Introducci\u00f3n y principios)<br \/>\nReceso<br \/>\nGesti\u00f3n de la Fase Postanal\u00edtica e Informes de Resultados<br \/>\nComunicaci\u00f3n de resultados cr\u00edticos\u00a0 y rectificaci\u00f3n de informes<br \/>\nGesti\u00f3n de No conformidades y Reclamaci\u00f3n de Clientes<br \/>\nA trav\u00e9s del An\u00e1lisis de causa y Plan de acciones correctivas<br \/>\nImplementaci\u00f3n de PALC \u00e2\u20ac\u201c SBPC\/ML e ISO 15189<br \/>\nPlanificaci\u00f3n\u00a0 y monitoreo<br \/>\nProfesora:<br \/>\n<a href=\"http:\/\/promociondeeventos.sld.cu\/conapac2009\/files\/2008\/10\/brasil.JPG\" title=\"brasil.JPG\"><img decoding=\"async\" loading=\"lazy\" border=\"0\" align=\"left\" width=\"51\" src=\"http:\/\/promociondeeventos.sld.cu\/conapac2009\/files\/2008\/10\/brasil.JPG\" alt=\"BRASIL\" height=\"31\" \/><\/a>Dra. Luisane Viera<\/p>\n<p>Lugar: Palacio de las Convenciones<br \/>\n\u00a0\u00a0\u00a0\u00a0\u00a0\u00a0\u00a0\u00a0\u00a0\u00a0\u00a0\u00a0\u00a0 sala 6<br \/>\n9.00 am<\/p>\n","protected":false},"excerpt":{"rendered":"<p>Cursos pre-congresos lunes 30 de marzo Aplicaci\u00f3n de la Biolog\u00eda Molecular al trasplante de \u00f3rganos y tejidos. Metodolog\u00eda del PCR. Serolog\u00eda versus Biolog\u00eda Molecular.\u00a0 Ant\u00edgenos Menores de Histocompatibilidad. Detecci\u00f3n del quimerismo hematopoy\u00e9tico post-trasplante alog\u00e9nico de m\u00e9dula \u00f3sea. Inmunosupresi\u00f3n. Profesores: \u00a0 Lic. Jorge Mato Luis \u00a0 Dra. Flora Calzadilla Lugo \u00a0\u00a0\u00a0\u00a0\u00a0\u00a0\u00a0\u00a0\u00a0\u00a0\u00a0\u00a0\u00a0MSc. Zuzet Mart\u00ednez \u00a0\u00a0\u00a0\u00a0\u00a0\u00a0\u00a0\u00a0\u00a0\u00a0\u00a0\u00a0\u00a0Dra. Karina Casanueva [&hellip;]<\/p>\n","protected":false},"author":20,"featured_media":0,"parent":0,"menu_order":11,"comment_status":"open","ping_status":"open","template":"","meta":[],"_links":{"self":[{"href":"https:\/\/promociondeeventos.sld.cu\/conapac2009\/wp-json\/wp\/v2\/pages\/54"}],"collection":[{"href":"https:\/\/promociondeeventos.sld.cu\/conapac2009\/wp-json\/wp\/v2\/pages"}],"about":[{"href":"https:\/\/promociondeeventos.sld.cu\/conapac2009\/wp-json\/wp\/v2\/types\/page"}],"author":[{"embeddable":true,"href":"https:\/\/promociondeeventos.sld.cu\/conapac2009\/wp-json\/wp\/v2\/users\/20"}],"replies":[{"embeddable":true,"href":"https:\/\/promociondeeventos.sld.cu\/conapac2009\/wp-json\/wp\/v2\/comments?post=54"}],"version-history":[{"count":0,"href":"https:\/\/promociondeeventos.sld.cu\/conapac2009\/wp-json\/wp\/v2\/pages\/54\/revisions"}],"wp:attachment":[{"href":"https:\/\/promociondeeventos.sld.cu\/conapac2009\/wp-json\/wp\/v2\/media?parent=54"}],"curies":[{"name":"wp","href":"https:\/\/api.w.org\/{rel}","templated":true}]}}