{"id":40,"date":"2008-08-14T13:23:49","date_gmt":"2008-08-14T17:23:49","guid":{"rendered":"http:\/\/promociondeeventos.sld.cu\/conapac2009\/"},"modified":"2008-11-20T12:16:39","modified_gmt":"2008-11-20T16:16:39","slug":"expolab","status":"publish","type":"page","link":"https:\/\/promociondeeventos.sld.cu\/conapac2009\/expolab\/","title":{"rendered":"EXPOLAB"},"content":{"rendered":"<p><a href=\"http:\/\/promociondeeventos.sld.cu\/conapac2009\/files\/2008\/07\/baner-congreso2.JPG\" title=\"baner-congreso2.JPG\"><img decoding=\"async\" src=\"http:\/\/promociondeeventos.sld.cu\/conapac2009\/files\/2008\/07\/baner-congreso2.JPG\" alt=\"baner-congreso2.JPG\" \/><\/a>\u00a0<\/p>\n<p>Paralelamente al Congreso se desarrollar\u00e1 una exposici\u00f3n cient\u00edfico-comercial en el Sal\u00f3n Principal del Palacio de Convenciones, sede del Evento, en el cual las empresas, laboratorios y firmas especializadas, tanto nacionales como extranjeras dispondr\u00e1n de una ocasi\u00f3n excepcional para exponer y comercializar sus equipos, reactivos,literatura y otros materiales afines a la tem\u00e1tica del Evento.<\/p>\n<p>El precio del stand modular interior montado es de 110.00 CUC por m2 para todo el per\u00edodo de exposici\u00f3n e incluye:<br \/>\n1. Montaje del stand con paneles modulares blancos de 94,8 x 2,42 m.<br \/>\n2. Consumo de electricidad hasta 500 W.<br \/>\n3. Credenciales seg\u00fan el espacio reservado.<br \/>\n4. R\u00f3tulo con el nombre de la entidad.<br \/>\n5. Limpieza del stand.<br \/>\n6. Seguridad de las muestras despu\u00e9s del horario de exposici\u00f3n.<br \/>\nEl espacio m\u00ednimo a contratar es de 9m2 (3X3 m).<br \/>\nSi usted desea realizar un dise\u00f1o libre, el precio del espacio sin montar es 90.00 CUC \/ m2 por todo el per\u00edodo de la exposici\u00f3n e incluye:<\/p>\n<p>Consumo de electricidad hasta 500 W.<br \/>\nCredenciales seg\u00fan los m2 contratados.<br \/>\nLimpieza del stand.<br \/>\nSeguridad de las muestras despu\u00e9s del cierre de la exposici\u00f3n.<br \/>\nEl espacio m\u00ednimo a contratar es de 9m2 (3X3 m).<br \/>\nLas entidades nacionales que operan en divisas pagan al 50%, las que operan solamente en MN, pagan todo en MN.<br \/>\nLa ubicaci\u00f3n en el plano ser\u00e1 seg\u00fan el orden de llegada y con la aprobaci\u00f3n del Comit\u00e9 Organizador del Evento.<br \/>\nSe ofrecer\u00e1n facilidades para la contrataci\u00f3n de medios audiovisuales, luces, muebles, plantas ornamentales, etc., seg\u00fan las tarifas que aparecen en el Formulario de Servicios.<br \/>\nToda la informaci\u00f3n referente a precios, normas de participaci\u00f3n, condiciones para el env\u00edo de mercanc\u00edas, regulaciones aduanales, etc. podr\u00e1 obtenerse a trav\u00e9s del Departamento de Ferias y Exposiciones del Palacio de Convenciones de La Habana.<br \/>\nLos interesados deben contactar a:<br \/>\nRa\u00fal Gonz\u00e1lez Castro<br \/>\nOrganizador Profesional de Ferias y Exposiciones<br \/>\nTel\u00e9fonos: (537) 2087541 \/ 2026011 al 19 Ext. 1507<br \/>\nFax: (537) 2028382<br \/>\nE-mail: <a href=\"mailto:raulg@palco.cu\">raulg@palco.cu<\/a><br \/>\nPara m\u00e1s informaci\u00f3n consulte el sitio web: <a href=\"http:\/\/www.cpalco.com\/\">www.cpalco.com<\/a><\/p>\n","protected":false},"excerpt":{"rendered":"<p>\u00a0 Paralelamente al Congreso se desarrollar\u00e1 una exposici\u00f3n cient\u00edfico-comercial en el Sal\u00f3n Principal del Palacio de Convenciones, sede del Evento, en el cual las empresas, laboratorios y firmas especializadas, tanto nacionales como extranjeras dispondr\u00e1n de una ocasi\u00f3n excepcional para exponer y comercializar sus equipos, reactivos,literatura y otros materiales afines a la tem\u00e1tica del Evento. El [&hellip;]<\/p>\n","protected":false},"author":20,"featured_media":0,"parent":0,"menu_order":14,"comment_status":"open","ping_status":"open","template":"","meta":[],"_links":{"self":[{"href":"https:\/\/promociondeeventos.sld.cu\/conapac2009\/wp-json\/wp\/v2\/pages\/40"}],"collection":[{"href":"https:\/\/promociondeeventos.sld.cu\/conapac2009\/wp-json\/wp\/v2\/pages"}],"about":[{"href":"https:\/\/promociondeeventos.sld.cu\/conapac2009\/wp-json\/wp\/v2\/types\/page"}],"author":[{"embeddable":true,"href":"https:\/\/promociondeeventos.sld.cu\/conapac2009\/wp-json\/wp\/v2\/users\/20"}],"replies":[{"embeddable":true,"href":"https:\/\/promociondeeventos.sld.cu\/conapac2009\/wp-json\/wp\/v2\/comments?post=40"}],"version-history":[{"count":0,"href":"https:\/\/promociondeeventos.sld.cu\/conapac2009\/wp-json\/wp\/v2\/pages\/40\/revisions"}],"wp:attachment":[{"href":"https:\/\/promociondeeventos.sld.cu\/conapac2009\/wp-json\/wp\/v2\/media?parent=40"}],"curies":[{"name":"wp","href":"https:\/\/api.w.org\/{rel}","templated":true}]}}