{"id":32,"date":"2008-08-07T14:59:31","date_gmt":"2008-08-07T18:59:31","guid":{"rendered":"http:\/\/promociondeeventos.sld.cu\/conapac2009\/"},"modified":"2008-11-20T12:17:07","modified_gmt":"2008-11-20T16:17:07","slug":"receptivo-hotelero-y-transportista","status":"publish","type":"page","link":"https:\/\/promociondeeventos.sld.cu\/conapac2009\/receptivo-hotelero-y-transportista\/","title":{"rendered":"Receptivo hotelero y transportista:"},"content":{"rendered":"<p><strong><a href=\"http:\/\/promociondeeventos.sld.cu\/conapac2009\/files\/2008\/07\/baner-congreso2.JPG\" title=\"baner-congreso2.JPG\"><img decoding=\"async\" src=\"http:\/\/promociondeeventos.sld.cu\/conapac2009\/files\/2008\/07\/baner-congreso2.JPG\" alt=\"baner-congreso2.JPG\" \/><\/a><\/strong><\/p>\n<p><strong>Receptivo Hotelero<\/strong>:<\/p>\n<p>\u00a0Especialista: Lic. Raul Lantigua H.\u00a0\u00a0Comercial: Havanatur S.A.\u00a0<br \/>\n\u00a0Telef. (537) 204 1074 ext. 119\u00a0<br \/>\n\u00a0E.mail; <a href=\"mailto:lantigua@havanatur.cu\">lantigua@havanatur.cu<\/a><\/p>\n<p><strong>Hoteles en Ciudad Habana: <\/strong><\/p>\n<p>\u00a0\u00a0\u00a0\u00a0\u00a0\u00a0\u00a0\u00a0\u00a0\u00a0\u00a0\u00a0\u00a0\u00a0\u00a0\u00a0\u00a0\u00a0\u00a0\u00a0\u00a0\u00a0\u00a0\u00a0\u00a0\u00a0\u00a0\u00a0\u00a0\u00a0\u00a0\u00a0\u00a0Categor\u00eda\u00a0\u00a0\u00a0\u00a0\u00a0 Sgl\u00a0\u00a0\u00a0\u00a0\u00a0\u00a0\u00a0\u00a0\u00a0\u00a0 Dbl\u00a0<br \/>\nPalco\u00a0\u00a0\u00abSede\u00bb\u00a0\u00a0(CP)\u00a0\u00a0\u00a0\u00a0\u00a0\u00a0 4*\u00a0\u00a0\u00a0\u00a0\u00a0\u00a0\u00a0\u00a0\u00a0\u00a0$59.00\u00a0\u00a0\u00a0\u00a0\u00a0$45.00<\/p>\n<p>Meli\u00e1 Habana\u00a0\u00a0(CP)\u00a0\u00a0\u00a0 5*\u00a0\u00a0\u00a0\u00a0\u00a0\u00a0\u00a0\u00a0 $113.00\u00a0\u00a0\u00a0\u00a0\u00a0$80.00<\/p>\n<p><strong>\u00a0Servicio que incluye el precio de paquete en Ciudad Habana:<\/strong><\/p>\n<ul>\n<li>Alojamiento con desayuno por persona por noche.<\/li>\n<li>\u00a0Traslado aeropuerto \/ hotel \/ aeropuerto.<\/li>\n<li>Traslado a las sesiones del evento.<\/li>\n<li>\u00a0Asistencia personalizada.<\/li>\n<li>\u00a0Reconfirmaci\u00f3n de vuelo.<\/li>\n<\/ul>\n<p>\u00a0<strong>Moneda: <\/strong><\/p>\n<p>La moneda oficial de circulaci\u00f3n en el pa\u00eds es el Peso Convertible (CUC). Esta moneda puede obtenerse a su arribo en el aeropuerto, hoteles, Centro de Convenciones o Casas de Cambio.<\/p>\n<p>Las monedas canjeables son: Euros, D\u00f3lares Canadienses, Libras Esterlinas, al cambio Internacional del d\u00eda. En el caso del d\u00f3lar estadounidense, el tipo de cambio aproximado, es de 1.00 USD = 0,80 CUC.<\/p>\n<p>\u00a0La mayor\u00eda de los negocios tur\u00edsticos aceptan tarjetas de cr\u00e9ditos VISA, Master Card, Cabal y Visa Electr\u00f3n, cuya matriz no sea un Banco Norteamericano.<\/p>\n<p><strong>Transportista Oficial<\/strong>: COPA AIRLINES<\/p>\n<p>\u00a0\u00abLa L\u00ednea A\u00e9rea Copa Airlines, transportista oficial del evento, le ofrece a todos los participantes que soliciten sus<br \/>\nreservas en las oficinas de Copa Airlines, un Descuento Especial de la tarifa p\u00fablica disponible en los 32 destinos en 20 pa\u00edses de Suram\u00e9rica, Centroam\u00e9rica, Caribe y Norteam\u00e9rica\u00bb.<\/p>\n<p>P\u00e1gina Web de Copa Airlines: <a href=\"http:\/\/www.copaair.com\/\">www.copaair.com<\/a>\u00a0\u00a0<\/p>\n","protected":false},"excerpt":{"rendered":"<p>Receptivo Hotelero: \u00a0Especialista: Lic. Raul Lantigua H.\u00a0\u00a0Comercial: Havanatur S.A.\u00a0 \u00a0Telef. (537) 204 1074 ext. 119\u00a0 \u00a0E.mail; lantigua@havanatur.cu Hoteles en Ciudad Habana: \u00a0\u00a0\u00a0\u00a0\u00a0\u00a0\u00a0\u00a0\u00a0\u00a0\u00a0\u00a0\u00a0\u00a0\u00a0\u00a0\u00a0\u00a0\u00a0\u00a0\u00a0\u00a0\u00a0\u00a0\u00a0\u00a0\u00a0\u00a0\u00a0\u00a0\u00a0\u00a0\u00a0Categor\u00eda\u00a0\u00a0\u00a0\u00a0\u00a0 Sgl\u00a0\u00a0\u00a0\u00a0\u00a0\u00a0\u00a0\u00a0\u00a0\u00a0 Dbl\u00a0 Palco\u00a0\u00a0\u00abSede\u00bb\u00a0\u00a0(CP)\u00a0\u00a0\u00a0\u00a0\u00a0\u00a0 4*\u00a0\u00a0\u00a0\u00a0\u00a0\u00a0\u00a0\u00a0\u00a0\u00a0$59.00\u00a0\u00a0\u00a0\u00a0\u00a0$45.00 Meli\u00e1 Habana\u00a0\u00a0(CP)\u00a0\u00a0\u00a0 5*\u00a0\u00a0\u00a0\u00a0\u00a0\u00a0\u00a0\u00a0 $113.00\u00a0\u00a0\u00a0\u00a0\u00a0$80.00 \u00a0Servicio que incluye el precio de paquete en Ciudad Habana: Alojamiento con desayuno por persona por noche. \u00a0Traslado aeropuerto \/ hotel \/ aeropuerto. Traslado a [&hellip;]<\/p>\n","protected":false},"author":20,"featured_media":0,"parent":0,"menu_order":13,"comment_status":"open","ping_status":"open","template":"","meta":[],"_links":{"self":[{"href":"https:\/\/promociondeeventos.sld.cu\/conapac2009\/wp-json\/wp\/v2\/pages\/32"}],"collection":[{"href":"https:\/\/promociondeeventos.sld.cu\/conapac2009\/wp-json\/wp\/v2\/pages"}],"about":[{"href":"https:\/\/promociondeeventos.sld.cu\/conapac2009\/wp-json\/wp\/v2\/types\/page"}],"author":[{"embeddable":true,"href":"https:\/\/promociondeeventos.sld.cu\/conapac2009\/wp-json\/wp\/v2\/users\/20"}],"replies":[{"embeddable":true,"href":"https:\/\/promociondeeventos.sld.cu\/conapac2009\/wp-json\/wp\/v2\/comments?post=32"}],"version-history":[{"count":0,"href":"https:\/\/promociondeeventos.sld.cu\/conapac2009\/wp-json\/wp\/v2\/pages\/32\/revisions"}],"wp:attachment":[{"href":"https:\/\/promociondeeventos.sld.cu\/conapac2009\/wp-json\/wp\/v2\/media?parent=32"}],"curies":[{"name":"wp","href":"https:\/\/api.w.org\/{rel}","templated":true}]}}