{"id":21,"date":"2008-07-29T10:16:08","date_gmt":"2008-07-29T14:16:08","guid":{"rendered":"http:\/\/promociondeeventos.sld.cu\/conapac2009\/"},"modified":"2008-11-17T14:53:04","modified_gmt":"2008-11-17T18:53:04","slug":"convocatoria","status":"publish","type":"page","link":"https:\/\/promociondeeventos.sld.cu\/conapac2009\/","title":{"rendered":"Convocatoria"},"content":{"rendered":"<p><a href=\"http:\/\/promociondeeventos.sld.cu\/conapac2009\/files\/2008\/07\/imagenbanderas.JPG\" title=\"imagenbanderas.JPG\"><\/a><\/p>\n<p><a href=\"http:\/\/promociondeeventos.sld.cu\/conapac2009\/files\/2008\/07\/baner-congreso2.JPG\" title=\"baner-congreso2.JPG\"><\/a><a href=\"http:\/\/promociondeeventos.sld.cu\/conapac2009\/files\/2008\/07\/baner-congreso2.JPG\" title=\"baner-congreso2.JPG\"><img decoding=\"async\" src=\"http:\/\/promociondeeventos.sld.cu\/conapac2009\/files\/2008\/07\/baner-congreso2.JPG\" alt=\"baner-congreso2.JPG\" \/><\/a>\u00a0<\/p>\n<p>Es un honor dirigirnos a ustedes para invitarles a participar y compartir en el XIX Congreso Latinoamericano de Patolog\u00eda Cl\u00ednica\/Medicina de Laboratorio,\u00a0 y en el VII Congreso\u00a0de la\u00a0Sociedad Cubana\u00a0\u00a0de Patolog\u00eda Cl\u00ednica,\u00a0 que se realizar\u00e1 en el Palacio de las Convenciones de La Habana, Cuba, del 31 de marzo al 3 de abril de 2009.<br \/>\nPara este evento contamos con la participaci\u00f3n de profesores nacionales y extranjeros que difundir\u00e1n sus conocimientos en el campo de la Patolog\u00eda Cl\u00ednica, mediante conferencias magistrales, cursos, talleres, simposios y temas libres, siempre orientando sus experiencias hacia la aplicaci\u00f3n de la promoci\u00f3n, prevenci\u00f3n, diagn\u00f3stico y recuperaci\u00f3n de la salud; enriquecer y satisfacer el saber de todos, as\u00ed como orientar a nuestros congresistas para que nuestros laboratorios cl\u00ednicos, mantengan el reto que se impone, el uso de las herramientas de la calidad para lograr nuestro principal empe\u00f1o: la salud de nuestros pacientes.<br \/>\nAdem\u00e1s, los invitamos a disfrutar de la alegr\u00eda y hospitalidad de nuestro pueblo, conocer La Habana cargada de costumbres y tradiciones de quienes la habitan, que les garantizar\u00e1n una feliz estancia.<br \/>\nSaludos cordiales<br \/>\nComit\u00e9 Organizador<\/p>\n","protected":false},"excerpt":{"rendered":"<p>\u00a0 Es un honor dirigirnos a ustedes para invitarles a participar y compartir en el XIX Congreso Latinoamericano de Patolog\u00eda Cl\u00ednica\/Medicina de Laboratorio,\u00a0 y en el VII Congreso\u00a0de la\u00a0Sociedad Cubana\u00a0\u00a0de Patolog\u00eda Cl\u00ednica,\u00a0 que se realizar\u00e1 en el Palacio de las Convenciones de La Habana, Cuba, del 31 de marzo al 3 de abril de 2009. [&hellip;]<\/p>\n","protected":false},"author":20,"featured_media":0,"parent":0,"menu_order":1,"comment_status":"open","ping_status":"open","template":"","meta":[],"_links":{"self":[{"href":"https:\/\/promociondeeventos.sld.cu\/conapac2009\/wp-json\/wp\/v2\/pages\/21"}],"collection":[{"href":"https:\/\/promociondeeventos.sld.cu\/conapac2009\/wp-json\/wp\/v2\/pages"}],"about":[{"href":"https:\/\/promociondeeventos.sld.cu\/conapac2009\/wp-json\/wp\/v2\/types\/page"}],"author":[{"embeddable":true,"href":"https:\/\/promociondeeventos.sld.cu\/conapac2009\/wp-json\/wp\/v2\/users\/20"}],"replies":[{"embeddable":true,"href":"https:\/\/promociondeeventos.sld.cu\/conapac2009\/wp-json\/wp\/v2\/comments?post=21"}],"version-history":[{"count":0,"href":"https:\/\/promociondeeventos.sld.cu\/conapac2009\/wp-json\/wp\/v2\/pages\/21\/revisions"}],"wp:attachment":[{"href":"https:\/\/promociondeeventos.sld.cu\/conapac2009\/wp-json\/wp\/v2\/media?parent=21"}],"curies":[{"name":"wp","href":"https:\/\/api.w.org\/{rel}","templated":true}]}}