{"id":17,"date":"2008-07-29T10:37:19","date_gmt":"2008-07-29T14:37:19","guid":{"rendered":"http:\/\/promociondeeventos.sld.cu\/conapac2009\/"},"modified":"2008-11-17T14:56:03","modified_gmt":"2008-11-17T18:56:03","slug":"normas-de-presentacion-de-los-trabajos","status":"publish","type":"page","link":"https:\/\/promociondeeventos.sld.cu\/conapac2009\/normas-de-presentacion-de-los-trabajos\/","title":{"rendered":"Normas de presentaci\u00f3n de los trabajos"},"content":{"rendered":"<p><a href=\"http:\/\/promociondeeventos.sld.cu\/conapac2009\/files\/2008\/07\/imagenbanderas3.JPG\" title=\"imagenbanderas3.JPG\"><\/a><\/p>\n<p><a href=\"http:\/\/promociondeeventos.sld.cu\/conapac2009\/files\/2008\/07\/baner-congreso2.JPG\" title=\"baner-congreso2.JPG\"><img decoding=\"async\" src=\"http:\/\/promociondeeventos.sld.cu\/conapac2009\/files\/2008\/07\/baner-congreso2.JPG\" alt=\"baner-congreso2.JPG\" \/><\/a><\/p>\n<p>Los trabajos deben ajustarse a una cuartilla, escritos en MS Office Word.<br \/>\nAutores (primer apellido e inicial del nombre con comas intermedias entre cada autor). Reflejar la instituci\u00f3n, direcci\u00f3n y e-mail del autor principal. Resumen del trabajo (letra Arial 10), conteniendo una breve introducci\u00f3n, principales materiales, m\u00e9todos y resultados, as\u00ed como las conclusiones m\u00e1s relevantes.<br \/>\nEl t\u00edtulo del trabajo en may\u00fasculas y negritas, con m\u00e1ximo de 300 palabras en las que no est\u00e1n incluidos el t\u00edtulo y los autores. Los res\u00famenes sedeben enviar a las siguientes direcciones:<br \/>\n<a href=\"mailto:marisolg@infomed.sld.cu\">marisolg@infomed.sld.cu<\/a><br \/>\n<a href=\"mailto:omarante@infomed.sld.cu\">omarante@infomed.sld.cu<\/a><br \/>\nLos trabajos deben ser enviados antes del 15 de diciembre del 2008 y en el asunto debe decir RESUMEN PARA ALAPAC\/ML 2009.<br \/>\nEn el caso de conferencias, simposio, o mesas redondas, tambi\u00e9n deben enviar el resumen que cumpla los requisitos anteriores y detallando la actividad a desarrollar.<br \/>\nEn el caso de los residentes de la especialidad, los res\u00famenes deben cumplir los mismos requisitos y especificar al final RESIDENTE<\/p>\n","protected":false},"excerpt":{"rendered":"<p>Los trabajos deben ajustarse a una cuartilla, escritos en MS Office Word. Autores (primer apellido e inicial del nombre con comas intermedias entre cada autor). Reflejar la instituci\u00f3n, direcci\u00f3n y e-mail del autor principal. Resumen del trabajo (letra Arial 10), conteniendo una breve introducci\u00f3n, principales materiales, m\u00e9todos y resultados, as\u00ed como las conclusiones m\u00e1s relevantes. [&hellip;]<\/p>\n","protected":false},"author":20,"featured_media":0,"parent":0,"menu_order":5,"comment_status":"open","ping_status":"open","template":"","meta":[],"_links":{"self":[{"href":"https:\/\/promociondeeventos.sld.cu\/conapac2009\/wp-json\/wp\/v2\/pages\/17"}],"collection":[{"href":"https:\/\/promociondeeventos.sld.cu\/conapac2009\/wp-json\/wp\/v2\/pages"}],"about":[{"href":"https:\/\/promociondeeventos.sld.cu\/conapac2009\/wp-json\/wp\/v2\/types\/page"}],"author":[{"embeddable":true,"href":"https:\/\/promociondeeventos.sld.cu\/conapac2009\/wp-json\/wp\/v2\/users\/20"}],"replies":[{"embeddable":true,"href":"https:\/\/promociondeeventos.sld.cu\/conapac2009\/wp-json\/wp\/v2\/comments?post=17"}],"version-history":[{"count":0,"href":"https:\/\/promociondeeventos.sld.cu\/conapac2009\/wp-json\/wp\/v2\/pages\/17\/revisions"}],"wp:attachment":[{"href":"https:\/\/promociondeeventos.sld.cu\/conapac2009\/wp-json\/wp\/v2\/media?parent=17"}],"curies":[{"name":"wp","href":"https:\/\/api.w.org\/{rel}","templated":true}]}}