{"id":6,"date":"2023-03-29T20:59:24","date_gmt":"2023-03-29T20:59:24","guid":{"rendered":"https:\/\/promociondeeventos.sld.cu\/cnecv2023\/?page_id=6"},"modified":"2023-03-30T17:25:08","modified_gmt":"2023-03-30T17:25:08","slug":"tematicas","status":"publish","type":"page","link":"https:\/\/promociondeeventos.sld.cu\/cnecv2023\/tematicas\/","title":{"rendered":"Tem\u00e1ticas"},"content":{"rendered":"<ul>\n<li><em>Biogeograf\u00eda y ecolog\u00eda de los vectores\u00a0 para conocer los cambios en las din\u00e1micas poblacionales de \u00e9stos de las cuales depende directamente el \u00e9xito de las estrategias de control.<\/em><\/li>\n<li><em>Vigilancia entomol\u00f3gica<\/em><\/li>\n<li><em>M\u00e9todos de vigilancia y control de Aedes aegypti<\/em><\/li>\n<li><em>Interacci\u00f3n hospedero par\u00e1sito.<\/em><\/li>\n<li><em> Capacidad y competencia vectorial<\/em><\/li>\n<li><em>Resistencia a insecticidas. Mecanismos de resistencia.<\/em><\/li>\n<li><em>Estrategias innovadoras en el control de vectores (Uso de Wolbachia, insecto est\u00e9ril y otros)<\/em><\/li>\n<li><em>Determinantes sociales y Comunicaci\u00f3n social.<\/em><\/li>\n<li><em> Enfoque intersectorial en la vigilancia y el control de vectores<\/em><\/li>\n<li><em>Impacto de la COVID-19 en los programas vectoriales.<\/em><\/li>\n<\/ul>\n","protected":false},"excerpt":{"rendered":"<p>Biogeograf\u00eda y ecolog\u00eda de los vectores\u00a0 para conocer los cambios en las din\u00e1micas poblacionales de \u00e9stos de las cuales depende directamente el \u00e9xito de las estrategias de control. Vigilancia entomol\u00f3gica M\u00e9todos de vigilancia y control de Aedes aegypti Interacci\u00f3n hospedero par\u00e1sito. Capacidad y competencia vectorial Resistencia a insecticidas. Mecanismos de resistencia. Estrategias innovadoras en el [&hellip;]<\/p>\n","protected":false},"author":3262,"featured_media":0,"parent":0,"menu_order":0,"comment_status":"closed","ping_status":"closed","template":"","meta":[],"_links":{"self":[{"href":"https:\/\/promociondeeventos.sld.cu\/cnecv2023\/wp-json\/wp\/v2\/pages\/6"}],"collection":[{"href":"https:\/\/promociondeeventos.sld.cu\/cnecv2023\/wp-json\/wp\/v2\/pages"}],"about":[{"href":"https:\/\/promociondeeventos.sld.cu\/cnecv2023\/wp-json\/wp\/v2\/types\/page"}],"author":[{"embeddable":true,"href":"https:\/\/promociondeeventos.sld.cu\/cnecv2023\/wp-json\/wp\/v2\/users\/3262"}],"replies":[{"embeddable":true,"href":"https:\/\/promociondeeventos.sld.cu\/cnecv2023\/wp-json\/wp\/v2\/comments?post=6"}],"version-history":[{"count":2,"href":"https:\/\/promociondeeventos.sld.cu\/cnecv2023\/wp-json\/wp\/v2\/pages\/6\/revisions"}],"predecessor-version":[{"id":45,"href":"https:\/\/promociondeeventos.sld.cu\/cnecv2023\/wp-json\/wp\/v2\/pages\/6\/revisions\/45"}],"wp:attachment":[{"href":"https:\/\/promociondeeventos.sld.cu\/cnecv2023\/wp-json\/wp\/v2\/media?parent=6"}],"curies":[{"name":"wp","href":"https:\/\/api.w.org\/{rel}","templated":true}]}}