{"id":50,"date":"2023-04-10T14:56:15","date_gmt":"2023-04-10T14:56:15","guid":{"rendered":"https:\/\/promociondeeventos.sld.cu\/cnecv2023\/?page_id=50"},"modified":"2023-04-10T14:59:21","modified_gmt":"2023-04-10T14:59:21","slug":"programa","status":"publish","type":"page","link":"https:\/\/promociondeeventos.sld.cu\/cnecv2023\/programa\/","title":{"rendered":"Programa"},"content":{"rendered":"<table width=\"100%\">\n<tbody>\n<tr>\n<td width=\"14%\"><strong>Sesi\u00f3n<\/strong><\/td>\n<td width=\"28%\"><strong>Horario<\/strong><\/td>\n<td colspan=\"2\" width=\"57%\"><strong>Jueves 20 de abril<\/strong><\/td>\n<td width=\"0%\">&nbsp;<\/td>\n<\/tr>\n<tr>\n<td rowspan=\"5\" width=\"14%\">Ma\u00f1ana<\/td>\n<td width=\"28%\">9.00 am<\/td>\n<td colspan=\"2\" width=\"57%\">Palabras iniciales<\/p>\n<p>Dra. Madelaine Rivera S\u00e1nchez<\/td>\n<td width=\"0%\">&nbsp;<\/td>\n<\/tr>\n<tr>\n<td width=\"28%\">9.10 am \u00a0a 9:30 am<\/td>\n<td colspan=\"2\" width=\"57%\">Actualizaci\u00f3n de la situaci\u00f3n entomo \u2013 epidemiol\u00f3gica de la regi\u00f3n y del pa\u00eds.<\/p>\n<p>Dra. Madelaine Rivera S\u00e1nchez<\/td>\n<td width=\"0%\">&nbsp;<\/td>\n<\/tr>\n<tr>\n<td width=\"28%\">9:30 am a 9.45 am<\/td>\n<td colspan=\"2\" width=\"57%\">Situaci\u00f3n de los Laboratorios de Entomolog\u00eda, diagn\u00f3stico y pruebas biol\u00f3gicas, 1er trimestre 2023\u201d.Proyecciones de trabajo.<\/p>\n<p>Dra. Daym\u00ed Lugo (Minsap)<\/td>\n<td width=\"0%\">&nbsp;<\/td>\n<\/tr>\n<tr>\n<td width=\"28%\">9.45. 10:00 am<\/td>\n<td colspan=\"2\" width=\"57%\">\u00a0Actualizaci\u00f3n del sistema de vigilancia por Larvitrampas ,1er trimestre del A\u00f1o 2023\u201d<\/p>\n<p>Lic. Marlen Calero(Minsap)<\/td>\n<td width=\"0%\">&nbsp;<\/td>\n<\/tr>\n<tr>\n<td width=\"28%\">10:00 am a\u00a0 10.15 am<\/td>\n<td colspan=\"2\" width=\"57%\">Aedes vittatus en Cuba. Actualizaci\u00f3n de su dispersi\u00f3n(15 minutos)<\/p>\n<p>Mar\u00eda del Carmen Marquetti. IPK<\/td>\n<td width=\"0%\">&nbsp;<\/td>\n<\/tr>\n<tr>\n<td rowspan=\"6\" width=\"14%\">Ma\u00f1ana<\/p>\n<p>&nbsp;<\/td>\n<td width=\"28%\">10.15 am a 10:30 am<\/td>\n<td colspan=\"3\" width=\"57%\">Transmisi\u00f3n de Arbovirus por Aedes spp en Cuba. Actualizaci\u00f3n\u00bb (15 minutos)<\/p>\n<p>Gladys Guti\u00e9rrez: IPK<\/td>\n<\/tr>\n<tr>\n<td width=\"28%\">10:30 pm\u00a0 a 11:00 am<\/td>\n<td colspan=\"3\" width=\"57%\">\u00a0Resultados de aplicaci\u00f3n de nematodos para el control de cul\u00edcidos (15 minutos).<\/p>\n<p>Zulema Men\u00e9ndez: IPK<\/td>\n<\/tr>\n<tr>\n<td width=\"28%\">11.00 am a 11.15 am<\/td>\n<td colspan=\"3\" width=\"57%\">Productos naturales y sint\u00e9ticos para el control de Blatella germ\u00e1nica(15 minutos)<\/p>\n<p>Maureen Leyva: IPK<\/td>\n<\/tr>\n<tr>\n<td width=\"28%\">11.15 am\u00a0 a 11.30 am<\/td>\n<td colspan=\"3\" width=\"57%\">Factores que afectan la acci\u00f3n de los biolarvicidas(15 minutos)<\/p>\n<p>Aileen Gonz\u00e1lez: IPK<\/td>\n<\/tr>\n<tr>\n<td width=\"28%\">11.30 am\u00a0 a 11.45 am<\/td>\n<td colspan=\"3\" width=\"57%\">Aislamientos de par\u00e1sitos en moluscos de importancia m\u00e9dica y veterinaria en Cuba.(15 minutos)<\/p>\n<p>Jorge S\u00e1nchez: IPK<\/p>\n<p>&nbsp;<\/p>\n<p>&nbsp;<\/td>\n<\/tr>\n<tr>\n<td width=\"28%\">11.45 am\u00a0 a 12.00 pm<\/td>\n<td width=\"56%\">Investigaciones sociales en la prevenci\u00f3n y el control de Arbovirosis: un acercamiento a los principales enfoques y contribuciones (15 minutos)<\/p>\n<p>Yisel Hern\u00e1ndez y Dennis P\u00e9rez: IPK<\/p>\n<p>&nbsp;<\/td>\n<td colspan=\"2\" width=\"0%\">&nbsp;<\/td>\n<\/tr>\n<tr>\n<td width=\"14%\"><strong>Sesi\u00f3n<\/strong><\/td>\n<td width=\"28%\"><strong>Horario<\/strong><\/td>\n<td width=\"56%\">Viernes 21 de Abril<\/td>\n<td colspan=\"2\" width=\"0%\">&nbsp;<\/td>\n<\/tr>\n<tr>\n<td rowspan=\"11\" width=\"14%\">Ma\u00f1ana<\/p>\n<p>&nbsp;<\/td>\n<td width=\"28%\">9.00 : 9.15 am<\/td>\n<td width=\"56%\">Actualizaci\u00f3n de control de roedores y otros cul\u00edcidos, su importancia sanitaria, 1er trimestre A\u00f1o 2023\u201d.<\/p>\n<p>Lic. Quenia Casanova (Minsap)<\/td>\n<td colspan=\"2\" width=\"0%\">&nbsp;<\/td>\n<\/tr>\n<tr>\n<td width=\"28%\">9.15 am\u00a0 a 9:30 am<\/td>\n<td width=\"56%\">Control de Roedores en Cuba en post pandemia(15 minutos)<\/p>\n<p>Ariamys Companioni (IPK)<\/td>\n<td colspan=\"2\" width=\"0%\">&nbsp;<\/td>\n<\/tr>\n<tr>\n<td width=\"28%\">9:30 am a 9.45 am<\/td>\n<td width=\"56%\">Centros Priorizados y Control sanitario Internacional, 1er trimestre del A\u00f1o 2023<\/p>\n<p>Lic. Juan Carlos Monterrey<\/td>\n<td colspan=\"2\" width=\"0%\">&nbsp;<\/td>\n<\/tr>\n<tr>\n<td width=\"28%\">9.45 am a 10:00 am<\/td>\n<td width=\"56%\">Resultados preliminares sobre el monitoreo de la resistencia a tres insecticidas de amplio uso\u00a0 en Cuba.\u00a0\u00a0\u00a0 (15 minutos)<\/p>\n<p>Luis Piedra: IPK<\/td>\n<td colspan=\"2\" width=\"0%\">&nbsp;<\/td>\n<\/tr>\n<tr>\n<td width=\"28%\">10:00 am a\u00a0 10.15 am<\/td>\n<td width=\"56%\">Informaci\u00f3n sobre dos formulados \u00a0novedosos \u00a0para el control de Aedes aegypti \u00a0en tratamientos de termo nebulizaci\u00f3n \u00a0(15 minutos)<\/p>\n<p>Domingo Montada (IPK)<\/p>\n<p>&nbsp;<\/p>\n<p>&nbsp;<\/p>\n<p>&nbsp;<\/td>\n<td colspan=\"2\" width=\"0%\">&nbsp;<\/td>\n<\/tr>\n<tr>\n<td width=\"28%\">10.15 am a 10:30 am<\/td>\n<td width=\"56%\">Estrategias de cr\u00edas masivas y liberaci\u00f3n de mosquitos para el control de Arbovirosis.(15 minutos)<\/p>\n<p>Ren\u00e9 Gato (IPK)<\/td>\n<td colspan=\"2\" width=\"0%\">&nbsp;<\/td>\n<\/tr>\n<tr>\n<td width=\"28%\">10:30 pm\u00a0 a 11:00 am<\/td>\n<td width=\"56%\">Estado de la resistencia a insecticida en Aedes albopictus en dos municipios de La Habana (15 minutos)<\/p>\n<p>Luis Piedra: IPK<\/td>\n<td colspan=\"2\" width=\"0%\">&nbsp;<\/td>\n<\/tr>\n<tr>\n<td width=\"28%\">11.00 am a 11.15 am<\/td>\n<td width=\"56%\">Pron\u00f3sticos bioclim\u00e1ticos\u00a0 para la vigilancia y lucha antivectorial-<\/p>\n<p>Paulo Ortiz INSMET.<\/td>\n<td colspan=\"2\" width=\"0%\">&nbsp;<\/td>\n<\/tr>\n<tr>\n<td width=\"28%\">11.15 am\u00a0 a 11.30 am<\/td>\n<td width=\"56%\">Situaci\u00f3n de los recursos de los laboratorios. (Equipo y reactivos)<\/td>\n<td colspan=\"2\" width=\"0%\">&nbsp;<\/td>\n<\/tr>\n<tr>\n<td width=\"28%\">11.30 am\u00a0 a 12.00 pm<\/td>\n<td width=\"56%\">Conclusiones.<\/td>\n<td colspan=\"2\" width=\"0%\">&nbsp;<\/td>\n<\/tr>\n<tr>\n<td width=\"28%\"><\/td>\n<td width=\"56%\">&nbsp;<\/td>\n<td colspan=\"2\" width=\"0%\">&nbsp;<\/td>\n<\/tr>\n<\/tbody>\n<\/table>\n","protected":false},"excerpt":{"rendered":"<p>Sesi\u00f3n Horario Jueves 20 de abril &nbsp; Ma\u00f1ana 9.00 am Palabras iniciales Dra. Madelaine Rivera S\u00e1nchez &nbsp; 9.10 am \u00a0a 9:30 am Actualizaci\u00f3n de la situaci\u00f3n entomo \u2013 epidemiol\u00f3gica de la regi\u00f3n y del pa\u00eds. Dra. Madelaine Rivera S\u00e1nchez &nbsp; 9:30 am a 9.45 am Situaci\u00f3n de los Laboratorios de Entomolog\u00eda, diagn\u00f3stico y pruebas biol\u00f3gicas, [&hellip;]<\/p>\n","protected":false},"author":3257,"featured_media":0,"parent":0,"menu_order":0,"comment_status":"closed","ping_status":"closed","template":"","meta":[],"_links":{"self":[{"href":"https:\/\/promociondeeventos.sld.cu\/cnecv2023\/wp-json\/wp\/v2\/pages\/50"}],"collection":[{"href":"https:\/\/promociondeeventos.sld.cu\/cnecv2023\/wp-json\/wp\/v2\/pages"}],"about":[{"href":"https:\/\/promociondeeventos.sld.cu\/cnecv2023\/wp-json\/wp\/v2\/types\/page"}],"author":[{"embeddable":true,"href":"https:\/\/promociondeeventos.sld.cu\/cnecv2023\/wp-json\/wp\/v2\/users\/3257"}],"replies":[{"embeddable":true,"href":"https:\/\/promociondeeventos.sld.cu\/cnecv2023\/wp-json\/wp\/v2\/comments?post=50"}],"version-history":[{"count":4,"href":"https:\/\/promociondeeventos.sld.cu\/cnecv2023\/wp-json\/wp\/v2\/pages\/50\/revisions"}],"predecessor-version":[{"id":55,"href":"https:\/\/promociondeeventos.sld.cu\/cnecv2023\/wp-json\/wp\/v2\/pages\/50\/revisions\/55"}],"wp:attachment":[{"href":"https:\/\/promociondeeventos.sld.cu\/cnecv2023\/wp-json\/wp\/v2\/media?parent=50"}],"curies":[{"name":"wp","href":"https:\/\/api.w.org\/{rel}","templated":true}]}}