{"id":4,"date":"2023-03-29T20:58:40","date_gmt":"2023-03-29T20:58:40","guid":{"rendered":"https:\/\/promociondeeventos.sld.cu\/cnecv2023\/?page_id=4"},"modified":"2023-03-30T21:29:34","modified_gmt":"2023-03-30T21:29:34","slug":"convocatoria","status":"publish","type":"page","link":"https:\/\/promociondeeventos.sld.cu\/cnecv2023\/","title":{"rendered":"Convocatoria"},"content":{"rendered":"<p style=\"text-align: justify;\">El conocimiento de aspectos\u00a0 b\u00e1sicos sobre la entomolog\u00eda m\u00e9dica y el control de vectores constituyen factores decisorios para el manejo de poblaciones de insectos y otros vectores para prevenir, reducir e interrumpir la transmisi\u00f3n de enfermedades vectoriales. Con este curso adem\u00e1s de realizar una actualizaci\u00f3n de todos los componentes del programa de lucha anti vectorial en el pa\u00eds, se realizar\u00e1 una discusi\u00f3n que aporte nuevos enfoques o el mejoramiento de los existentes en el contexto actual cubano, despu\u00e9s del enfrentamiento a la pandemia de la COVID-19.\u00a0 Este an\u00e1lisis buscar\u00e1 respuesta para el mejoramiento de las estrategias de control\u00a0 principalmente las arbovirosis que a\u00f1o tras a\u00f1o repite como un problema de salud en la poblaci\u00f3n cubana. El curso abordar\u00e1 tambi\u00e9n la vigilancia entomol\u00f3gica y entomovirologica,\u00a0 intervenciones b\u00e1sicas de control de vectores, resistencia a insecticidas, estrategias innovadoras en el control de vectores, roedores sinantr\u00f3picos, malacolog\u00eda\u00a0 m\u00e9dica, determinantes sociales y comunicaci\u00f3n social para el control de vectores entre otros temas.<\/p>\n","protected":false},"excerpt":{"rendered":"<p>El conocimiento de aspectos\u00a0 b\u00e1sicos sobre la entomolog\u00eda m\u00e9dica y el control de vectores constituyen factores decisorios para el manejo de poblaciones de insectos y otros vectores para prevenir, reducir e interrumpir la transmisi\u00f3n de enfermedades vectoriales. Con este curso adem\u00e1s de realizar una actualizaci\u00f3n de todos los componentes del programa de lucha anti vectorial [&hellip;]<\/p>\n","protected":false},"author":3262,"featured_media":0,"parent":0,"menu_order":0,"comment_status":"closed","ping_status":"closed","template":"","meta":[],"_links":{"self":[{"href":"https:\/\/promociondeeventos.sld.cu\/cnecv2023\/wp-json\/wp\/v2\/pages\/4"}],"collection":[{"href":"https:\/\/promociondeeventos.sld.cu\/cnecv2023\/wp-json\/wp\/v2\/pages"}],"about":[{"href":"https:\/\/promociondeeventos.sld.cu\/cnecv2023\/wp-json\/wp\/v2\/types\/page"}],"author":[{"embeddable":true,"href":"https:\/\/promociondeeventos.sld.cu\/cnecv2023\/wp-json\/wp\/v2\/users\/3262"}],"replies":[{"embeddable":true,"href":"https:\/\/promociondeeventos.sld.cu\/cnecv2023\/wp-json\/wp\/v2\/comments?post=4"}],"version-history":[{"count":3,"href":"https:\/\/promociondeeventos.sld.cu\/cnecv2023\/wp-json\/wp\/v2\/pages\/4\/revisions"}],"predecessor-version":[{"id":48,"href":"https:\/\/promociondeeventos.sld.cu\/cnecv2023\/wp-json\/wp\/v2\/pages\/4\/revisions\/48"}],"wp:attachment":[{"href":"https:\/\/promociondeeventos.sld.cu\/cnecv2023\/wp-json\/wp\/v2\/media?parent=4"}],"curies":[{"name":"wp","href":"https:\/\/api.w.org\/{rel}","templated":true}]}}