{"id":21,"date":"2023-03-29T21:08:57","date_gmt":"2023-03-29T21:08:57","guid":{"rendered":"https:\/\/promociondeeventos.sld.cu\/cnecv2023\/?page_id=21"},"modified":"2023-03-30T17:16:45","modified_gmt":"2023-03-30T17:16:45","slug":"comite-organizador","status":"publish","type":"page","link":"https:\/\/promociondeeventos.sld.cu\/cnecv2023\/comite-organizador\/","title":{"rendered":"Comit\u00e9 organizador"},"content":{"rendered":"<p><strong>PRESIDENTES:<\/strong><\/p>\n<p>Prof. Madelaine Rivera Jefa de la Direcci\u00f3n Nacional de Vigilancia y Lucha anti vectorial DNVLA, MINSAP <a href=\"mailto:pmaedes@infomed.sld.cu\" target=\"_blank\" rel=\"noopener\">pmaedes@infomed.sld.cu<\/a><\/p>\n<p>Prof. Mar\u00eda del Carmen Marquetti Fern\u00e1ndez DrC, Investigadora y Profesora\u00a0 Titular, Profesora Consultante. Instituto Medicina Tropical Pedro Kour\u00ed (IPK) <a href=\"mailto:marquetti@ipk.sld.cu\" target=\"_blank\" rel=\"noopener\">marquetti@ipk.sld.cu<\/a><\/p>\n<p><strong>MIEMBROS DNVLA<\/strong><\/p>\n<p>Prof. Madelaine\u00a0 Rivera, Cuba. Jefa de la Direcci\u00f3n Nacional de Vigilancia y Lucha Antivectorial MINSAP. <a href=\"mailto:pmaedes@infomed.sld.cu\" target=\"_blank\" rel=\"noopener\">pmaedes@infomed.sld.cu<\/a><\/p>\n<p>Prof. Daimy Lugo Rolo. Dra em Veterinaria, Jefa de Departamento de Vigilancia Entomologica. Prof. Asistente. <a href=\"mailto:daimy2275@infomed.sld.cu\" target=\"_blank\" rel=\"noopener\">daimy2275@infomed.sld.cu<\/a><\/p>\n<p><strong>MIEMBROS IPK<\/strong><\/p>\n<p>Prof. Ariamys Companioni MSc. Investigadora y Profesora Auxiliar. Jefa Departamento Control de Vectores, IPK <a href=\"mailto:ariamys@ipk.sld.cu\" target=\"_blank\" rel=\"noopener\">ariamys@ipk.sld.cu<\/a><\/p>\n<p>Prof. Mar\u00eda del Carmen Marquetti Fern\u00e1ndez DrC. Investigadora y Profesora\u00a0 Titular<\/p>\n<p>Profesora Consultante. Instituto Medicina Tropical Pedro Kour\u00ed <a href=\"mailto:marquetti@ipk.sld.cu\" target=\"_blank\" rel=\"noopener\">marquetti@ipk.sld.cu<\/a><br \/>\nProf. Jorge Fraga Nodarse, DrC. Investigador Titular, Profesor Titular. Instituto Medicina Tropical Pedro Kour\u00ed <a href=\"mailto:fraga@ipk.sld.cu\" target=\"_blank\" rel=\"noopener\">fraga@ipk.sld.cu<\/a><br \/>\nTec. Jorge Campos D\u00edaz. Instituto Medicina Tropical Pedro Kour\u00ed. <a href=\"mailto:jcampos@ipk.sld.cu\" target=\"_blank\" rel=\"noopener\">jcampos@ipk.sld.cu<\/a><br \/>\nProf. Marta Castro Peraza DrCProfesor Titular. Instituto Medicina Tropical Pedro Kour\u00ed <a href=\"mailto:martac@ipk.sld.cu\" target=\"_blank\" rel=\"noopener\">martac@ipk.sld.cu<\/a><\/p>\n<p>Prof Reinier Gonz\u00edlez Li\u00f3n. Instituto Medicina Tropical Pedro Kour\u00ed. <a href=\"mailto:reynierglion@ipk.sld.cu\" target=\"_blank\" rel=\"noopener\">reynierglion@ipk.sld.cu<\/a><\/p>\n","protected":false},"excerpt":{"rendered":"<p>PRESIDENTES: Prof. Madelaine Rivera Jefa de la Direcci\u00f3n Nacional de Vigilancia y Lucha anti vectorial DNVLA, MINSAP pmaedes@infomed.sld.cu Prof. Mar\u00eda del Carmen Marquetti Fern\u00e1ndez DrC, Investigadora y Profesora\u00a0 Titular, Profesora Consultante. Instituto Medicina Tropical Pedro Kour\u00ed (IPK) marquetti@ipk.sld.cu MIEMBROS DNVLA Prof. Madelaine\u00a0 Rivera, Cuba. Jefa de la Direcci\u00f3n Nacional de Vigilancia y Lucha Antivectorial MINSAP. [&hellip;]<\/p>\n","protected":false},"author":3262,"featured_media":0,"parent":0,"menu_order":0,"comment_status":"closed","ping_status":"closed","template":"","meta":[],"_links":{"self":[{"href":"https:\/\/promociondeeventos.sld.cu\/cnecv2023\/wp-json\/wp\/v2\/pages\/21"}],"collection":[{"href":"https:\/\/promociondeeventos.sld.cu\/cnecv2023\/wp-json\/wp\/v2\/pages"}],"about":[{"href":"https:\/\/promociondeeventos.sld.cu\/cnecv2023\/wp-json\/wp\/v2\/types\/page"}],"author":[{"embeddable":true,"href":"https:\/\/promociondeeventos.sld.cu\/cnecv2023\/wp-json\/wp\/v2\/users\/3262"}],"replies":[{"embeddable":true,"href":"https:\/\/promociondeeventos.sld.cu\/cnecv2023\/wp-json\/wp\/v2\/comments?post=21"}],"version-history":[{"count":3,"href":"https:\/\/promociondeeventos.sld.cu\/cnecv2023\/wp-json\/wp\/v2\/pages\/21\/revisions"}],"predecessor-version":[{"id":36,"href":"https:\/\/promociondeeventos.sld.cu\/cnecv2023\/wp-json\/wp\/v2\/pages\/21\/revisions\/36"}],"wp:attachment":[{"href":"https:\/\/promociondeeventos.sld.cu\/cnecv2023\/wp-json\/wp\/v2\/media?parent=21"}],"curies":[{"name":"wp","href":"https:\/\/api.w.org\/{rel}","templated":true}]}}