{"id":10,"date":"2023-03-29T21:00:04","date_gmt":"2023-03-29T21:00:04","guid":{"rendered":"https:\/\/promociondeeventos.sld.cu\/cnecv2023\/?page_id=10"},"modified":"2023-03-30T17:29:55","modified_gmt":"2023-03-30T17:29:55","slug":"normas-de-presentacion","status":"publish","type":"page","link":"https:\/\/promociondeeventos.sld.cu\/cnecv2023\/normas-de-presentacion\/","title":{"rendered":"Normas de presentaci\u00f3n"},"content":{"rendered":"<p>Para los interesados en presentar trabajos:<\/p>\n<p>Formato:<\/p>\n<p>Texto del resumen estructurado en: T\u00edtulo, Autor\/es, Palabras Clave, Introducci\u00f3n, Objetivos, Material y M\u00e9todo, Resultados, Discusi\u00f3n o Conclusiones y Bibliograf\u00eda<\/p>\n<p>T\u00edtulo (no m\u00e1s de 16 palabras)<\/p>\n<p>Autor\/es,(M\u00e1ximo 10 autores por resumen y se deben aportar los siguientes datos: nombre completo, email, y afiliaci\u00f3n para poder hacer el env\u00edo de los certificados correspondientes)<\/p>\n<p>Palabras Clave (no m\u00e1s de cinco)<\/p>\n<p>El resumen (sin incluir t\u00edtulos, autores y afiliaci\u00f3n) no puede superar las 400 palabras. En el caso de querer adjuntar una tabla o gr\u00e1fico, no podr\u00e1 superar las 300 palabras.<\/p>\n<p>El autor que presente la suscripci\u00f3n (en caso de ser aceptada) deber\u00e1 estar inscrito en el curso. Caracter\u00edsticas de los p\u00f3steres:<\/p>\n<p>Los p\u00f3steres deben ser trabajos de una sola p\u00e1gina, estructurados de forma sint\u00e9tica, sencilla y visual.<\/p>\n<p>En el resumen deben aparecer todos los \u00edtems del resumen enviado anteriormente.<\/p>\n<p>Se recomienda que tengan un 30 % de elementos gr\u00e1ficos e im\u00e1genes y un 70 % de texto.<\/p>\n<p>Los p\u00f3steres se presentar\u00e1n en formato vertical, tama\u00f1o aproximado DINa4 (4:3, en color y con la suficiente visualizaci\u00f3n e informaci\u00f3n del trabajo que se aporta en el resumen.\u2022 La presentaci\u00f3n del p\u00f3ster se realizar\u00e1 en formato PDF, y con un tama\u00f1o no mayor de 5 Megabytes.<\/p>\n<p>Para presentar la bibliograf\u00eda, puedes a\u00f1adir un c\u00f3digo QR, que est\u00e9 enlazado con la bibliograf\u00eda utilizada<\/p>\n<p>Deben escribir a : Prof. Mar\u00eda del Carmen Marquetti Fern\u00e1ndez DrC, Investigadora y Profesora\u00a0 Titular, Profesora Consultante. Instituto Medicina Tropical Pedro Kour\u00ed (IPK) <a href=\"mailto:marquetti@ipk.sld.cu\" target=\"_blank\" rel=\"noopener\">marquetti@ipk.sld.cu<\/a><\/p>\n","protected":false},"excerpt":{"rendered":"<p>Para los interesados en presentar trabajos: Formato: Texto del resumen estructurado en: T\u00edtulo, Autor\/es, Palabras Clave, Introducci\u00f3n, Objetivos, Material y M\u00e9todo, Resultados, Discusi\u00f3n o Conclusiones y Bibliograf\u00eda T\u00edtulo (no m\u00e1s de 16 palabras) Autor\/es,(M\u00e1ximo 10 autores por resumen y se deben aportar los siguientes datos: nombre completo, email, y afiliaci\u00f3n para poder hacer el env\u00edo [&hellip;]<\/p>\n","protected":false},"author":3262,"featured_media":0,"parent":0,"menu_order":0,"comment_status":"closed","ping_status":"closed","template":"","meta":[],"_links":{"self":[{"href":"https:\/\/promociondeeventos.sld.cu\/cnecv2023\/wp-json\/wp\/v2\/pages\/10"}],"collection":[{"href":"https:\/\/promociondeeventos.sld.cu\/cnecv2023\/wp-json\/wp\/v2\/pages"}],"about":[{"href":"https:\/\/promociondeeventos.sld.cu\/cnecv2023\/wp-json\/wp\/v2\/types\/page"}],"author":[{"embeddable":true,"href":"https:\/\/promociondeeventos.sld.cu\/cnecv2023\/wp-json\/wp\/v2\/users\/3262"}],"replies":[{"embeddable":true,"href":"https:\/\/promociondeeventos.sld.cu\/cnecv2023\/wp-json\/wp\/v2\/comments?post=10"}],"version-history":[{"count":3,"href":"https:\/\/promociondeeventos.sld.cu\/cnecv2023\/wp-json\/wp\/v2\/pages\/10\/revisions"}],"predecessor-version":[{"id":47,"href":"https:\/\/promociondeeventos.sld.cu\/cnecv2023\/wp-json\/wp\/v2\/pages\/10\/revisions\/47"}],"wp:attachment":[{"href":"https:\/\/promociondeeventos.sld.cu\/cnecv2023\/wp-json\/wp\/v2\/media?parent=10"}],"curies":[{"name":"wp","href":"https:\/\/api.w.org\/{rel}","templated":true}]}}