{"id":7,"date":"2025-12-10T16:46:40","date_gmt":"2025-12-10T16:46:40","guid":{"rendered":"https:\/\/promociondeeventos.sld.cu\/cmatorax2026\/?page_id=7"},"modified":"2025-12-10T16:46:40","modified_gmt":"2025-12-10T16:46:40","slug":"comite-cientifico","status":"publish","type":"page","link":"https:\/\/promociondeeventos.sld.cu\/cmatorax2026\/comite-cientifico\/","title":{"rendered":"Comit\u00e9 Cient\u00edfico"},"content":{"rendered":"<ul>\n<li>Presidente:<\/li>\n<\/ul>\n<p>Dr. Karel Borroto Mart\u00ednez. MsC. karelborroto@infomed.sld.cu<\/p>\n<ul>\n<li>Miembros:<\/li>\n<\/ul>\n<p>Dra. Yoanna Ram\u00edrez Fern\u00e1ndez. MsC. yoannaramirez@ipk.sld.cu<br \/>\nDra. Zail\u00e9 Cartaya de la Celda. MsC. zailecartaya1997@gmail.com<br \/>\nDr. Miguel A. Acosta Su\u00e1rez. MsC. mscmiguel@ipk.sld.cu<\/p>\n","protected":false},"excerpt":{"rendered":"<p>Presidente: Dr. Karel Borroto Mart\u00ednez. MsC. karelborroto@infomed.sld.cu Miembros: Dra. Yoanna Ram\u00edrez Fern\u00e1ndez. MsC. yoannaramirez@ipk.sld.cu Dra. Zail\u00e9 Cartaya de la Celda. MsC. zailecartaya1997@gmail.com Dr. Miguel A. Acosta Su\u00e1rez. MsC. mscmiguel@ipk.sld.cu<\/p>\n","protected":false},"author":4,"featured_media":0,"parent":0,"menu_order":0,"comment_status":"closed","ping_status":"closed","template":"","meta":[],"_links":{"self":[{"href":"https:\/\/promociondeeventos.sld.cu\/cmatorax2026\/wp-json\/wp\/v2\/pages\/7"}],"collection":[{"href":"https:\/\/promociondeeventos.sld.cu\/cmatorax2026\/wp-json\/wp\/v2\/pages"}],"about":[{"href":"https:\/\/promociondeeventos.sld.cu\/cmatorax2026\/wp-json\/wp\/v2\/types\/page"}],"author":[{"embeddable":true,"href":"https:\/\/promociondeeventos.sld.cu\/cmatorax2026\/wp-json\/wp\/v2\/users\/4"}],"replies":[{"embeddable":true,"href":"https:\/\/promociondeeventos.sld.cu\/cmatorax2026\/wp-json\/wp\/v2\/comments?post=7"}],"version-history":[{"count":1,"href":"https:\/\/promociondeeventos.sld.cu\/cmatorax2026\/wp-json\/wp\/v2\/pages\/7\/revisions"}],"predecessor-version":[{"id":8,"href":"https:\/\/promociondeeventos.sld.cu\/cmatorax2026\/wp-json\/wp\/v2\/pages\/7\/revisions\/8"}],"wp:attachment":[{"href":"https:\/\/promociondeeventos.sld.cu\/cmatorax2026\/wp-json\/wp\/v2\/media?parent=7"}],"curies":[{"name":"wp","href":"https:\/\/api.w.org\/{rel}","templated":true}]}}