{"id":6,"date":"2025-12-05T18:38:15","date_gmt":"2025-12-05T18:38:15","guid":{"rendered":"https:\/\/promociondeeventos.sld.cu\/cmaintroductorio2026\/?page_id=6"},"modified":"2025-12-06T13:45:19","modified_gmt":"2025-12-06T13:45:19","slug":"convocatoria","status":"publish","type":"page","link":"https:\/\/promociondeeventos.sld.cu\/cmaintroductorio2026\/","title":{"rendered":"Convocatoria"},"content":{"rendered":"<p style=\"text-align: justify;\">La cirug\u00eda de acceso m\u00ednimo ha revolucionado la pr\u00e1ctica quir\u00fargica mundial y se ha convertido en la t\u00e9cnica de referencia en m\u00faltiples especialidades. Al reducir dr\u00e1sticamente el traumatismo de la pared abdominal, la laparoscopia ofrece menor dolor postoperatorio, estancia hospitalaria m\u00e1s corta y recuperaci\u00f3n m\u00e1s r\u00e1pida en comparaci\u00f3n con la cirug\u00eda abierta.\u00a0 Estas ventajas son especialmente valiosas en poblaciones vulnerables, como pacientes con enfermedades infecciosas, pues incluso preservan mejor la respuesta inmune y reducen las complicaciones infecciosas postoperatorias.<br \/>\nAdem\u00e1s, la visi\u00f3n ampliada que ofrece la \u00f3ptica laparosc\u00f3pica facilita un diagn\u00f3stico m\u00e1s preciso y gestos quir\u00fargicos m\u00e1s exactos, respetando al m\u00e1ximo la funci\u00f3n de los \u00f3rganos afectados. Los pacientes con enfermedades infecciosas (por ejemplo, VIH\/SIDA) presentan desaf\u00edos especiales en el quir\u00f3fano. El contacto frecuente con portadores de VIH genera ansiedad en el equipo m\u00e9dico; aunque la probabilidad de transmisi\u00f3n ocupacional es baja (seroconversi\u00f3n &lt;1%), el riesgo es real y requiere protocolos de protecci\u00f3n rigurosos. En este contexto, la ense\u00f1anza de medidas de bioseguridad y manejo anest\u00e9sico especializado es fundamental.<br \/>\nEn conjunto, esta formaci\u00f3n integral entregar\u00e1 profesionales capacitados para incorporar la cirug\u00eda m\u00ednimamente invasiva en el manejo de enfermedades infecciosas. Ello implica combinar destrezas t\u00e9cnicas (manipulaci\u00f3n de instrumental, sutura laparosc\u00f3pica, control del neumoperitoneo) con un enfoque resolutivo adaptado a pacientes complejos (VIH y dem\u00e1s comorbilidades infecciosas).<br \/>\nCon este curso, los educandos adquieren competencias que van m\u00e1s all\u00e1 del conocimiento te\u00f3rico: desde el control de la infecci\u00f3n hospitalaria en el quir\u00f3fano hasta la realizaci\u00f3n pr\u00e1ctica de procedimientos elementales con m\u00ednima agresi\u00f3n.<br \/>\nEl resultado es una atenci\u00f3n quir\u00fargica m\u00e1s segura, eficiente y accesible; cirujanos con mejor preparaci\u00f3n t\u00e9cnica y capacidad de resoluci\u00f3n, capaces de ofrecer cuidados de calidad en entornos infecciosas..<\/p>\n","protected":false},"excerpt":{"rendered":"<p>La cirug\u00eda de acceso m\u00ednimo ha revolucionado la pr\u00e1ctica quir\u00fargica mundial y se ha convertido en la t\u00e9cnica de referencia en m\u00faltiples especialidades. Al reducir dr\u00e1sticamente el traumatismo de la pared abdominal, la laparoscopia ofrece menor dolor postoperatorio, estancia hospitalaria m\u00e1s corta y recuperaci\u00f3n m\u00e1s r\u00e1pida en comparaci\u00f3n con la cirug\u00eda abierta.\u00a0 Estas ventajas son [&hellip;]<\/p>\n","protected":false},"author":3262,"featured_media":0,"parent":0,"menu_order":0,"comment_status":"closed","ping_status":"closed","template":"","meta":[],"_links":{"self":[{"href":"https:\/\/promociondeeventos.sld.cu\/cmaintroductorio2026\/wp-json\/wp\/v2\/pages\/6"}],"collection":[{"href":"https:\/\/promociondeeventos.sld.cu\/cmaintroductorio2026\/wp-json\/wp\/v2\/pages"}],"about":[{"href":"https:\/\/promociondeeventos.sld.cu\/cmaintroductorio2026\/wp-json\/wp\/v2\/types\/page"}],"author":[{"embeddable":true,"href":"https:\/\/promociondeeventos.sld.cu\/cmaintroductorio2026\/wp-json\/wp\/v2\/users\/3262"}],"replies":[{"embeddable":true,"href":"https:\/\/promociondeeventos.sld.cu\/cmaintroductorio2026\/wp-json\/wp\/v2\/comments?post=6"}],"version-history":[{"count":3,"href":"https:\/\/promociondeeventos.sld.cu\/cmaintroductorio2026\/wp-json\/wp\/v2\/pages\/6\/revisions"}],"predecessor-version":[{"id":39,"href":"https:\/\/promociondeeventos.sld.cu\/cmaintroductorio2026\/wp-json\/wp\/v2\/pages\/6\/revisions\/39"}],"wp:attachment":[{"href":"https:\/\/promociondeeventos.sld.cu\/cmaintroductorio2026\/wp-json\/wp\/v2\/media?parent=6"}],"curies":[{"name":"wp","href":"https:\/\/api.w.org\/{rel}","templated":true}]}}