{"id":15,"date":"2025-12-05T18:46:45","date_gmt":"2025-12-05T18:46:45","guid":{"rendered":"https:\/\/promociondeeventos.sld.cu\/cmaintroductorio2026\/?page_id=15"},"modified":"2025-12-05T18:46:45","modified_gmt":"2025-12-05T18:46:45","slug":"tematicas","status":"publish","type":"page","link":"https:\/\/promociondeeventos.sld.cu\/cmaintroductorio2026\/tematicas\/","title":{"rendered":"Tem\u00e1ticas"},"content":{"rendered":"<p>&#8211; Cirug\u00eda de m\u00ednimo acceso en pacientes con enfermedades infecciosas<\/p>\n","protected":false},"excerpt":{"rendered":"<p>&#8211; Cirug\u00eda de m\u00ednimo acceso en pacientes con enfermedades infecciosas<\/p>\n","protected":false},"author":3262,"featured_media":0,"parent":0,"menu_order":0,"comment_status":"closed","ping_status":"closed","template":"","meta":[],"_links":{"self":[{"href":"https:\/\/promociondeeventos.sld.cu\/cmaintroductorio2026\/wp-json\/wp\/v2\/pages\/15"}],"collection":[{"href":"https:\/\/promociondeeventos.sld.cu\/cmaintroductorio2026\/wp-json\/wp\/v2\/pages"}],"about":[{"href":"https:\/\/promociondeeventos.sld.cu\/cmaintroductorio2026\/wp-json\/wp\/v2\/types\/page"}],"author":[{"embeddable":true,"href":"https:\/\/promociondeeventos.sld.cu\/cmaintroductorio2026\/wp-json\/wp\/v2\/users\/3262"}],"replies":[{"embeddable":true,"href":"https:\/\/promociondeeventos.sld.cu\/cmaintroductorio2026\/wp-json\/wp\/v2\/comments?post=15"}],"version-history":[{"count":1,"href":"https:\/\/promociondeeventos.sld.cu\/cmaintroductorio2026\/wp-json\/wp\/v2\/pages\/15\/revisions"}],"predecessor-version":[{"id":16,"href":"https:\/\/promociondeeventos.sld.cu\/cmaintroductorio2026\/wp-json\/wp\/v2\/pages\/15\/revisions\/16"}],"wp:attachment":[{"href":"https:\/\/promociondeeventos.sld.cu\/cmaintroductorio2026\/wp-json\/wp\/v2\/media?parent=15"}],"curies":[{"name":"wp","href":"https:\/\/api.w.org\/{rel}","templated":true}]}}