{"id":22,"date":"2025-07-10T19:19:26","date_gmt":"2025-07-10T19:19:26","guid":{"rendered":"https:\/\/promociondeeventos.sld.cu\/clinicalbiopharm2025\/?page_id=22"},"modified":"2025-07-10T19:20:52","modified_gmt":"2025-07-10T19:20:52","slug":"contactos","status":"publish","type":"page","link":"https:\/\/promociondeeventos.sld.cu\/clinicalbiopharm2025\/contactos\/","title":{"rendered":"Contactos"},"content":{"rendered":"<p>Contactos:<br \/>\nDr.C. Francisco Hern\u00e1ndez Bernal hernandez.bernal@cigb.edu.cu<br \/>\nDr. M. Sc. Julio Esmir Baldomero Hern\u00e1ndez julio.baldomero@cigb.edu.cu<\/p>\n<p>Responsable de la edici\u00f3n del sitio web en CIGB<br \/>\nhttps:\/\/www.cigb.edu.cu\/event\/es-clinical-biopharm-2025\/<br \/>\nwebmaster@cigb.edu.cu<\/p>\n","protected":false},"excerpt":{"rendered":"<p>Contactos: Dr.C. Francisco Hern\u00e1ndez Bernal hernandez.bernal@cigb.edu.cu Dr. M. Sc. Julio Esmir Baldomero Hern\u00e1ndez julio.baldomero@cigb.edu.cu Responsable de la edici\u00f3n del sitio web en CIGB https:\/\/www.cigb.edu.cu\/event\/es-clinical-biopharm-2025\/ webmaster@cigb.edu.cu<\/p>\n","protected":false},"author":4,"featured_media":0,"parent":0,"menu_order":0,"comment_status":"closed","ping_status":"closed","template":"","meta":[],"_links":{"self":[{"href":"https:\/\/promociondeeventos.sld.cu\/clinicalbiopharm2025\/wp-json\/wp\/v2\/pages\/22"}],"collection":[{"href":"https:\/\/promociondeeventos.sld.cu\/clinicalbiopharm2025\/wp-json\/wp\/v2\/pages"}],"about":[{"href":"https:\/\/promociondeeventos.sld.cu\/clinicalbiopharm2025\/wp-json\/wp\/v2\/types\/page"}],"author":[{"embeddable":true,"href":"https:\/\/promociondeeventos.sld.cu\/clinicalbiopharm2025\/wp-json\/wp\/v2\/users\/4"}],"replies":[{"embeddable":true,"href":"https:\/\/promociondeeventos.sld.cu\/clinicalbiopharm2025\/wp-json\/wp\/v2\/comments?post=22"}],"version-history":[{"count":1,"href":"https:\/\/promociondeeventos.sld.cu\/clinicalbiopharm2025\/wp-json\/wp\/v2\/pages\/22\/revisions"}],"predecessor-version":[{"id":23,"href":"https:\/\/promociondeeventos.sld.cu\/clinicalbiopharm2025\/wp-json\/wp\/v2\/pages\/22\/revisions\/23"}],"wp:attachment":[{"href":"https:\/\/promociondeeventos.sld.cu\/clinicalbiopharm2025\/wp-json\/wp\/v2\/media?parent=22"}],"curies":[{"name":"wp","href":"https:\/\/api.w.org\/{rel}","templated":true}]}}