{"id":16,"date":"2025-07-10T19:14:47","date_gmt":"2025-07-10T19:14:47","guid":{"rendered":"https:\/\/promociondeeventos.sld.cu\/clinicalbiopharm2025\/?page_id=16"},"modified":"2025-07-10T19:14:47","modified_gmt":"2025-07-10T19:14:47","slug":"tematicas","status":"publish","type":"page","link":"https:\/\/promociondeeventos.sld.cu\/clinicalbiopharm2025\/tematicas\/","title":{"rendered":"Tem\u00e1ticas"},"content":{"rendered":"<p>1- Aplicaciones cl\u00ednicas de interferones<br \/>\n2- Avances en la Investigaci\u00f3n Cl\u00ednica del C\u00e1ncer. I Taller Nacional de Investigaci\u00f3n Cl\u00ednica<br \/>\ndel C\u00e1ncer con productos biofarmac\u00e9uticos<br \/>\n3- Avances en la investigaci\u00f3n cl\u00ednica de productos biotecnol\u00f3gicos para el manejo de Enfermedades Cr\u00f3nicas No Transmisibles\/ Transmisibles<\/p>\n","protected":false},"excerpt":{"rendered":"<p>1- Aplicaciones cl\u00ednicas de interferones 2- Avances en la Investigaci\u00f3n Cl\u00ednica del C\u00e1ncer. I Taller Nacional de Investigaci\u00f3n Cl\u00ednica del C\u00e1ncer con productos biofarmac\u00e9uticos 3- Avances en la investigaci\u00f3n cl\u00ednica de productos biotecnol\u00f3gicos para el manejo de Enfermedades Cr\u00f3nicas No Transmisibles\/ Transmisibles<\/p>\n","protected":false},"author":4,"featured_media":0,"parent":0,"menu_order":0,"comment_status":"closed","ping_status":"closed","template":"","meta":[],"_links":{"self":[{"href":"https:\/\/promociondeeventos.sld.cu\/clinicalbiopharm2025\/wp-json\/wp\/v2\/pages\/16"}],"collection":[{"href":"https:\/\/promociondeeventos.sld.cu\/clinicalbiopharm2025\/wp-json\/wp\/v2\/pages"}],"about":[{"href":"https:\/\/promociondeeventos.sld.cu\/clinicalbiopharm2025\/wp-json\/wp\/v2\/types\/page"}],"author":[{"embeddable":true,"href":"https:\/\/promociondeeventos.sld.cu\/clinicalbiopharm2025\/wp-json\/wp\/v2\/users\/4"}],"replies":[{"embeddable":true,"href":"https:\/\/promociondeeventos.sld.cu\/clinicalbiopharm2025\/wp-json\/wp\/v2\/comments?post=16"}],"version-history":[{"count":1,"href":"https:\/\/promociondeeventos.sld.cu\/clinicalbiopharm2025\/wp-json\/wp\/v2\/pages\/16\/revisions"}],"predecessor-version":[{"id":17,"href":"https:\/\/promociondeeventos.sld.cu\/clinicalbiopharm2025\/wp-json\/wp\/v2\/pages\/16\/revisions\/17"}],"wp:attachment":[{"href":"https:\/\/promociondeeventos.sld.cu\/clinicalbiopharm2025\/wp-json\/wp\/v2\/media?parent=16"}],"curies":[{"name":"wp","href":"https:\/\/api.w.org\/{rel}","templated":true}]}}