{"id":14,"date":"2025-07-10T19:13:46","date_gmt":"2025-07-10T19:13:46","guid":{"rendered":"https:\/\/promociondeeventos.sld.cu\/clinicalbiopharm2025\/?page_id=14"},"modified":"2025-07-10T19:13:46","modified_gmt":"2025-07-10T19:13:46","slug":"organizan-y-auspician","status":"publish","type":"page","link":"https:\/\/promociondeeventos.sld.cu\/clinicalbiopharm2025\/organizan-y-auspician\/","title":{"rendered":"Organizan y auspician"},"content":{"rendered":"<p>Centro de Ingenier\u00eda Gen\u00e9tica y Biotecnolog\u00eda (CIGB)<\/p>\n","protected":false},"excerpt":{"rendered":"<p>Centro de Ingenier\u00eda Gen\u00e9tica y Biotecnolog\u00eda (CIGB)<\/p>\n","protected":false},"author":4,"featured_media":0,"parent":0,"menu_order":0,"comment_status":"closed","ping_status":"closed","template":"","meta":[],"_links":{"self":[{"href":"https:\/\/promociondeeventos.sld.cu\/clinicalbiopharm2025\/wp-json\/wp\/v2\/pages\/14"}],"collection":[{"href":"https:\/\/promociondeeventos.sld.cu\/clinicalbiopharm2025\/wp-json\/wp\/v2\/pages"}],"about":[{"href":"https:\/\/promociondeeventos.sld.cu\/clinicalbiopharm2025\/wp-json\/wp\/v2\/types\/page"}],"author":[{"embeddable":true,"href":"https:\/\/promociondeeventos.sld.cu\/clinicalbiopharm2025\/wp-json\/wp\/v2\/users\/4"}],"replies":[{"embeddable":true,"href":"https:\/\/promociondeeventos.sld.cu\/clinicalbiopharm2025\/wp-json\/wp\/v2\/comments?post=14"}],"version-history":[{"count":1,"href":"https:\/\/promociondeeventos.sld.cu\/clinicalbiopharm2025\/wp-json\/wp\/v2\/pages\/14\/revisions"}],"predecessor-version":[{"id":15,"href":"https:\/\/promociondeeventos.sld.cu\/clinicalbiopharm2025\/wp-json\/wp\/v2\/pages\/14\/revisions\/15"}],"wp:attachment":[{"href":"https:\/\/promociondeeventos.sld.cu\/clinicalbiopharm2025\/wp-json\/wp\/v2\/media?parent=14"}],"curies":[{"name":"wp","href":"https:\/\/api.w.org\/{rel}","templated":true}]}}