{"id":8,"date":"2025-12-10T14:22:04","date_gmt":"2025-12-10T14:22:04","guid":{"rendered":"https:\/\/promociondeeventos.sld.cu\/cirugiavih2026\/?page_id=8"},"modified":"2025-12-11T19:08:23","modified_gmt":"2025-12-11T19:08:23","slug":"8-2","status":"publish","type":"page","link":"https:\/\/promociondeeventos.sld.cu\/cirugiavih2026\/8-2\/","title":{"rendered":"Comit\u00e9 Organizador"},"content":{"rendered":"<p><strong>Presidente:<\/strong><\/p>\n<p>Dr. Karel Borroto Mart\u00ednez. MsC. <a href=\"mailto:karelborroto@infomed.sld.cu\" target=\"_blank\" rel=\"noopener\">karelborroto@infomed.sld.cu<\/a><\/p>\n<p><strong>Miembros:<\/strong><\/p>\n<p>Dra. Yoanna Ram\u00edrez Fern\u00e1ndez. MsC. <a href=\"mailto:yoannaramirez@ipk.sld.cu\" target=\"_blank\" rel=\"noopener\">yoannaramirez@ipk.sld.cu<\/a><br \/>\nDr. Manuel Alejandro Ceballos Rojas. <a href=\"mailto:mnu.ceballosr@gmail.com\" target=\"_blank\" rel=\"noopener\">mnu.ceballosr@gmail.com<\/a><br \/>\nDr. Ironel Barrios Pilotos.<br \/>\nDra. Camila Larramendi Mart\u00ednez.<br \/>\nTec. Jorge Campos Diaz <a href=\"mailto:jcampos@ipk.sld.cu\" target=\"_blank\" rel=\"noopener\">jcampos@ipk.sld.cu<\/a><\/p>\n","protected":false},"excerpt":{"rendered":"<p>Presidente: Dr. Karel Borroto Mart\u00ednez. MsC. karelborroto@infomed.sld.cu Miembros: Dra. Yoanna Ram\u00edrez Fern\u00e1ndez. MsC. yoannaramirez@ipk.sld.cu Dr. Manuel Alejandro Ceballos Rojas. mnu.ceballosr@gmail.com Dr. Ironel Barrios Pilotos. Dra. Camila Larramendi Mart\u00ednez. Tec. Jorge Campos Diaz jcampos@ipk.sld.cu<\/p>\n","protected":false},"author":4,"featured_media":0,"parent":0,"menu_order":0,"comment_status":"closed","ping_status":"closed","template":"","meta":[],"_links":{"self":[{"href":"https:\/\/promociondeeventos.sld.cu\/cirugiavih2026\/wp-json\/wp\/v2\/pages\/8"}],"collection":[{"href":"https:\/\/promociondeeventos.sld.cu\/cirugiavih2026\/wp-json\/wp\/v2\/pages"}],"about":[{"href":"https:\/\/promociondeeventos.sld.cu\/cirugiavih2026\/wp-json\/wp\/v2\/types\/page"}],"author":[{"embeddable":true,"href":"https:\/\/promociondeeventos.sld.cu\/cirugiavih2026\/wp-json\/wp\/v2\/users\/4"}],"replies":[{"embeddable":true,"href":"https:\/\/promociondeeventos.sld.cu\/cirugiavih2026\/wp-json\/wp\/v2\/comments?post=8"}],"version-history":[{"count":4,"href":"https:\/\/promociondeeventos.sld.cu\/cirugiavih2026\/wp-json\/wp\/v2\/pages\/8\/revisions"}],"predecessor-version":[{"id":35,"href":"https:\/\/promociondeeventos.sld.cu\/cirugiavih2026\/wp-json\/wp\/v2\/pages\/8\/revisions\/35"}],"wp:attachment":[{"href":"https:\/\/promociondeeventos.sld.cu\/cirugiavih2026\/wp-json\/wp\/v2\/media?parent=8"}],"curies":[{"name":"wp","href":"https:\/\/api.w.org\/{rel}","templated":true}]}}