{"id":6,"date":"2025-12-10T14:20:56","date_gmt":"2025-12-10T14:20:56","guid":{"rendered":"https:\/\/promociondeeventos.sld.cu\/cirugiavih2026\/?page_id=6"},"modified":"2026-01-05T15:14:00","modified_gmt":"2026-01-05T15:14:00","slug":"comite-cientifico","status":"publish","type":"page","link":"https:\/\/promociondeeventos.sld.cu\/cirugiavih2026\/comite-cientifico\/","title":{"rendered":"Comit\u00e9 Cient\u00edfico"},"content":{"rendered":"<p>Presidente<\/p>\n<p>Dr. C. Llipsy Teresa Fern\u00e1ndez Santiesteban<\/p>\n<p>Miembros:<\/p>\n<p>Dr. Karel Borroto Mart\u00ednez. MsC. <a href=\"mailto:karelborroto@infomed.sld.cu\" target=\"_blank\" rel=\"noopener\">karelborroto@infomed.sld.cu<\/a><br \/>\nDra. Yoanna Ram\u00edrez Fern\u00e1ndez. MsC. <a href=\"mailto:yoannaramirez@ipk.sld.cu\" target=\"_blank\" rel=\"noopener\">yoannaramirez@ipk.sld.cu<\/a><br \/>\nDra. Zail\u00e9 Cartaya de la Celda. MsC.<br \/>\nDr. Miguel A. Acosta Su\u00e1rez. MsC. <a href=\"mailto:mscmiguel@ipk.sld.cu\" target=\"_blank\" rel=\"noopener\">mscmiguel@ipk.sld.cu<\/a><\/p>\n","protected":false},"excerpt":{"rendered":"<p>Presidente Dr. C. Llipsy Teresa Fern\u00e1ndez Santiesteban Miembros: Dr. Karel Borroto Mart\u00ednez. MsC. karelborroto@infomed.sld.cu Dra. Yoanna Ram\u00edrez Fern\u00e1ndez. MsC. yoannaramirez@ipk.sld.cu Dra. Zail\u00e9 Cartaya de la Celda. MsC. Dr. Miguel A. Acosta Su\u00e1rez. MsC. mscmiguel@ipk.sld.cu<\/p>\n","protected":false},"author":4,"featured_media":0,"parent":0,"menu_order":0,"comment_status":"closed","ping_status":"closed","template":"","meta":[],"_links":{"self":[{"href":"https:\/\/promociondeeventos.sld.cu\/cirugiavih2026\/wp-json\/wp\/v2\/pages\/6"}],"collection":[{"href":"https:\/\/promociondeeventos.sld.cu\/cirugiavih2026\/wp-json\/wp\/v2\/pages"}],"about":[{"href":"https:\/\/promociondeeventos.sld.cu\/cirugiavih2026\/wp-json\/wp\/v2\/types\/page"}],"author":[{"embeddable":true,"href":"https:\/\/promociondeeventos.sld.cu\/cirugiavih2026\/wp-json\/wp\/v2\/users\/4"}],"replies":[{"embeddable":true,"href":"https:\/\/promociondeeventos.sld.cu\/cirugiavih2026\/wp-json\/wp\/v2\/comments?post=6"}],"version-history":[{"count":4,"href":"https:\/\/promociondeeventos.sld.cu\/cirugiavih2026\/wp-json\/wp\/v2\/pages\/6\/revisions"}],"predecessor-version":[{"id":42,"href":"https:\/\/promociondeeventos.sld.cu\/cirugiavih2026\/wp-json\/wp\/v2\/pages\/6\/revisions\/42"}],"wp:attachment":[{"href":"https:\/\/promociondeeventos.sld.cu\/cirugiavih2026\/wp-json\/wp\/v2\/media?parent=6"}],"curies":[{"name":"wp","href":"https:\/\/api.w.org\/{rel}","templated":true}]}}