{"id":43,"date":"2026-01-05T15:19:44","date_gmt":"2026-01-05T15:19:44","guid":{"rendered":"https:\/\/promociondeeventos.sld.cu\/cirugiavih2026\/?page_id=43"},"modified":"2026-01-05T15:40:49","modified_gmt":"2026-01-05T15:40:49","slug":"inscripcion","status":"publish","type":"page","link":"https:\/\/promociondeeventos.sld.cu\/cirugiavih2026\/inscripcion\/","title":{"rendered":"Inscripci\u00f3n"},"content":{"rendered":"<p>Si usted tiene inter\u00e9s en participar, descarque el formulario de inscripci\u00f3n y env\u00edelo a las siguientes direcciones de correo electr\u00f3nico:<\/p>\n<p><a href=\"mailto:karelborroto@infomed.sld.cu\" target=\"_blank\" rel=\"noopener\">karelborroto@infomed.sld.cu<\/a><\/p>\n<p><a href=\"mailto:yoannaramirez@ipk.sld.cu\" target=\"_blank\" rel=\"noopener\">yoannaramirez@ipk.sld.cu<\/a><\/p>\n<p><a href=\"http:\/\/promociondeeventos.sld.cu\/pediatriaipk2025\/files\/2025\/04\/PG-01-Planilla-de-Solicitud-de-Matricula.doc\" target=\"_blank\" rel=\"noopener\">Descargar Planilla de Solicitud de Matricula<\/a><\/p>\n","protected":false},"excerpt":{"rendered":"<p>Si usted tiene inter\u00e9s en participar, descarque el formulario de inscripci\u00f3n y env\u00edelo a las siguientes direcciones de correo electr\u00f3nico: karelborroto@infomed.sld.cu yoannaramirez@ipk.sld.cu Descargar Planilla de Solicitud de Matricula<\/p>\n","protected":false},"author":3257,"featured_media":0,"parent":0,"menu_order":0,"comment_status":"closed","ping_status":"closed","template":"","meta":[],"_links":{"self":[{"href":"https:\/\/promociondeeventos.sld.cu\/cirugiavih2026\/wp-json\/wp\/v2\/pages\/43"}],"collection":[{"href":"https:\/\/promociondeeventos.sld.cu\/cirugiavih2026\/wp-json\/wp\/v2\/pages"}],"about":[{"href":"https:\/\/promociondeeventos.sld.cu\/cirugiavih2026\/wp-json\/wp\/v2\/types\/page"}],"author":[{"embeddable":true,"href":"https:\/\/promociondeeventos.sld.cu\/cirugiavih2026\/wp-json\/wp\/v2\/users\/3257"}],"replies":[{"embeddable":true,"href":"https:\/\/promociondeeventos.sld.cu\/cirugiavih2026\/wp-json\/wp\/v2\/comments?post=43"}],"version-history":[{"count":1,"href":"https:\/\/promociondeeventos.sld.cu\/cirugiavih2026\/wp-json\/wp\/v2\/pages\/43\/revisions"}],"predecessor-version":[{"id":44,"href":"https:\/\/promociondeeventos.sld.cu\/cirugiavih2026\/wp-json\/wp\/v2\/pages\/43\/revisions\/44"}],"wp:attachment":[{"href":"https:\/\/promociondeeventos.sld.cu\/cirugiavih2026\/wp-json\/wp\/v2\/media?parent=43"}],"curies":[{"name":"wp","href":"https:\/\/api.w.org\/{rel}","templated":true}]}}