{"id":2,"date":"2025-12-10T14:13:17","date_gmt":"2025-12-10T14:13:17","guid":{"rendered":"https:\/\/promociondeeventos.sld.cu\/cirugiavih2026\/?page_id=2"},"modified":"2025-12-11T20:55:11","modified_gmt":"2025-12-11T20:55:11","slug":"pagina-ejemplo","status":"publish","type":"page","link":"https:\/\/promociondeeventos.sld.cu\/cirugiavih2026\/","title":{"rendered":"Convocatoria"},"content":{"rendered":"<p><img decoding=\"async\" loading=\"lazy\" class=\"alignleft\" src=\"http:\/\/promociondeeventos.sld.cu\/cirugiavih2026\/files\/2025\/12\/Bol.jpg\" width=\"260\" height=\"124\" \/><\/p>\n<p>Convocamos a todos los profesionales de la salud que realizan su actividad asistencial en torno a las especialidades quir\u00fargicas o m\u00e9dicas instrumentadas con inter\u00e9s en el paciente infeccioso, al I Taller Internacional de Cirug\u00eda en pacientes con enfermedades Infecciosas, un evento crucial dada la creciente demanda de intervenciones quir\u00fargicas en esta poblaci\u00f3n, donde las complicaciones postoperatorias, como las infecciones del sitio quir\u00fargico, pueden llegar a representar hasta el 20% de las infecciones asociadas a la atenci\u00f3n sanitaria, lo que subraya la necesidad de actualizaci\u00f3n.<\/p>\n<p>Este taller tiene como objetivo fundamental exponer los resultados y la experiencia acumulada de las especialidades quir\u00fargicas para abordar temas esenciales como la antibioticoprofilaxis, la cirug\u00eda mayor ambulatoria en pacientes VIH \u2013quienes presentan una prevalencia de cirug\u00eda no relacionada con el SIDA de hasta el 15%\u2013, la cirug\u00eda de m\u00ednimo acceso, las urgencias quir\u00fargicas, las gu\u00edas anest\u00e9sicas espec\u00edficas y los cuidados perioperatorios de enfermer\u00eda, con el fin de estandarizar protocolos y mejorar los desenlaces cl\u00ednicos. Por ello, la imperiosa necesidad de crear un foro de discusi\u00f3n especializado que permita homogeneizar los criterios de actuaci\u00f3n ante el reto que supone la cirug\u00eda en pacientes con comorbilidades infecciosas, optimizando la seguridad tanto del paciente como del equipo sanitario y mejorando la eficiencia de los recursos, mediante el intercambio de evidencias y experiencias pr\u00e1cticas en el manejo perioperatorio integral<\/p>\n","protected":false},"excerpt":{"rendered":"<p>Convocamos a todos los profesionales de la salud que realizan su actividad asistencial en torno a las especialidades quir\u00fargicas o m\u00e9dicas instrumentadas con inter\u00e9s en el paciente infeccioso, al I Taller Internacional de Cirug\u00eda en pacientes con enfermedades Infecciosas, un evento crucial dada la creciente demanda de intervenciones quir\u00fargicas en esta poblaci\u00f3n, donde las complicaciones [&hellip;]<\/p>\n","protected":false},"author":3257,"featured_media":0,"parent":0,"menu_order":0,"comment_status":"closed","ping_status":"open","template":"","meta":[],"_links":{"self":[{"href":"https:\/\/promociondeeventos.sld.cu\/cirugiavih2026\/wp-json\/wp\/v2\/pages\/2"}],"collection":[{"href":"https:\/\/promociondeeventos.sld.cu\/cirugiavih2026\/wp-json\/wp\/v2\/pages"}],"about":[{"href":"https:\/\/promociondeeventos.sld.cu\/cirugiavih2026\/wp-json\/wp\/v2\/types\/page"}],"author":[{"embeddable":true,"href":"https:\/\/promociondeeventos.sld.cu\/cirugiavih2026\/wp-json\/wp\/v2\/users\/3257"}],"replies":[{"embeddable":true,"href":"https:\/\/promociondeeventos.sld.cu\/cirugiavih2026\/wp-json\/wp\/v2\/comments?post=2"}],"version-history":[{"count":6,"href":"https:\/\/promociondeeventos.sld.cu\/cirugiavih2026\/wp-json\/wp\/v2\/pages\/2\/revisions"}],"predecessor-version":[{"id":40,"href":"https:\/\/promociondeeventos.sld.cu\/cirugiavih2026\/wp-json\/wp\/v2\/pages\/2\/revisions\/40"}],"wp:attachment":[{"href":"https:\/\/promociondeeventos.sld.cu\/cirugiavih2026\/wp-json\/wp\/v2\/media?parent=2"}],"curies":[{"name":"wp","href":"https:\/\/api.w.org\/{rel}","templated":true}]}}