{"id":18,"date":"2025-12-10T14:38:48","date_gmt":"2025-12-10T14:38:48","guid":{"rendered":"https:\/\/promociondeeventos.sld.cu\/cirugiavih2026\/?page_id=18"},"modified":"2025-12-10T15:04:02","modified_gmt":"2025-12-10T15:04:02","slug":"normas-de-presentacion-de-los-trabajos","status":"publish","type":"page","link":"https:\/\/promociondeeventos.sld.cu\/cirugiavih2026\/normas-de-presentacion-de-los-trabajos\/","title":{"rendered":"Normas de presentaci\u00f3n de los trabajos"},"content":{"rendered":"<p><strong>Las normas de presentaci\u00f3n son las siguientes:<\/strong><\/p>\n<p>Documentos de texto Microsoft Word, en Arial 12 con interlineado 1,5.<\/p>\n<p><strong>Temas Libres:<\/strong> En la primera hoja aparecer\u00e1 t\u00edtulo del trabajo en espa\u00f1ol e ingl\u00e9s, nombres y apellidos de los autores seguido de su respectivo ORCID, instituci\u00f3n a la que pertenecen y autor para correspondencia. Seguidamente un resumen estructurado de no m\u00e1s de 250 palabras, tambi\u00e9n en espa\u00f1ol e ingl\u00e9s. Posteriormente aparecer\u00e1 introducci\u00f3n, dise\u00f1o metodol\u00f3gico, resultados y su discusi\u00f3n, conclusiones y referencias bibliogr\u00e1ficas en estilo Vancouver y si procede Anexos. Los gr\u00e1ficos y tablas se colocar\u00e1n en el interior del texto.<\/p>\n<p><strong>Presentaci\u00f3n de casos:<\/strong> En la primera hoja aparecer\u00e1 t\u00edtulo del trabajo en espa\u00f1ol e ingl\u00e9s, nombres y apellidos de los autores seguido de su respectivo ORCID, instituci\u00f3n a la que pertenecen y autor para correspondencia. Seguidamente un resumen estructurado de no m\u00e1s de 250 palabras, tambi\u00e9n en espa\u00f1ol e ingl\u00e9s. Posteriormente aparecer\u00e1 Caso cl\u00ednico, discusi\u00f3n, conclusiones y referencias bibliogr\u00e1ficas en estilo Vancouver. Las im\u00e1genes se colocar\u00e1n en el interior del texto.<\/p>\n<p><strong>Posters digitales:<\/strong> Sugerimos realizarlos en Microsoft Power Point. En una diapositiva de orientaci\u00f3n vertical. Deber\u00e1 aparecer t\u00edtulo del trabajo, nombres y apellidos de los autores seguido de su respectivo ORCID, instituci\u00f3n a la que pertenecen y autor para correspondencia. Resumen estructurado en espa\u00f1ol. Resultados y conclusiones. Despu\u00e9s guardar el archivo como JPEG. Todos los autores recibir\u00e1n sus certificados de participaci\u00f3n y asistencia. Los dem\u00e1s inscritos para obtener el certificado de asistencia al evento deber\u00e1n participar en las comisiones, aportando comentarios e interactuando con los trabajos publicados.<\/p>\n","protected":false},"excerpt":{"rendered":"<p>Las normas de presentaci\u00f3n son las siguientes: Documentos de texto Microsoft Word, en Arial 12 con interlineado 1,5. Temas Libres: En la primera hoja aparecer\u00e1 t\u00edtulo del trabajo en espa\u00f1ol e ingl\u00e9s, nombres y apellidos de los autores seguido de su respectivo ORCID, instituci\u00f3n a la que pertenecen y autor para correspondencia. Seguidamente un resumen [&hellip;]<\/p>\n","protected":false},"author":4,"featured_media":0,"parent":0,"menu_order":0,"comment_status":"closed","ping_status":"closed","template":"","meta":[],"_links":{"self":[{"href":"https:\/\/promociondeeventos.sld.cu\/cirugiavih2026\/wp-json\/wp\/v2\/pages\/18"}],"collection":[{"href":"https:\/\/promociondeeventos.sld.cu\/cirugiavih2026\/wp-json\/wp\/v2\/pages"}],"about":[{"href":"https:\/\/promociondeeventos.sld.cu\/cirugiavih2026\/wp-json\/wp\/v2\/types\/page"}],"author":[{"embeddable":true,"href":"https:\/\/promociondeeventos.sld.cu\/cirugiavih2026\/wp-json\/wp\/v2\/users\/4"}],"replies":[{"embeddable":true,"href":"https:\/\/promociondeeventos.sld.cu\/cirugiavih2026\/wp-json\/wp\/v2\/comments?post=18"}],"version-history":[{"count":2,"href":"https:\/\/promociondeeventos.sld.cu\/cirugiavih2026\/wp-json\/wp\/v2\/pages\/18\/revisions"}],"predecessor-version":[{"id":20,"href":"https:\/\/promociondeeventos.sld.cu\/cirugiavih2026\/wp-json\/wp\/v2\/pages\/18\/revisions\/20"}],"wp:attachment":[{"href":"https:\/\/promociondeeventos.sld.cu\/cirugiavih2026\/wp-json\/wp\/v2\/media?parent=18"}],"curies":[{"name":"wp","href":"https:\/\/api.w.org\/{rel}","templated":true}]}}