{"id":14,"date":"2025-12-10T14:25:30","date_gmt":"2025-12-10T14:25:30","guid":{"rendered":"https:\/\/promociondeeventos.sld.cu\/cirugiavih2026\/?page_id=14"},"modified":"2025-12-10T14:32:39","modified_gmt":"2025-12-10T14:32:39","slug":"tematicas","status":"publish","type":"page","link":"https:\/\/promociondeeventos.sld.cu\/cirugiavih2026\/tematicas\/","title":{"rendered":"Tem\u00e1ticas"},"content":{"rendered":"<ul>\n<li>Antibioticoprofilaxis en cirug\u00eda<\/li>\n<li>Cirug\u00eda mayor ambulatoria en pacientes VIH<\/li>\n<li>Cirug\u00eda de m\u00ednimo acceso en pacientes con enfermedades infecciosas<\/li>\n<li>Urgencias quir\u00fargicas en el paciente con enfermedades infecciosas<\/li>\n<li>Gu\u00edas y protocolos de actuaci\u00f3n anest\u00e9sicas en pacientes con enfermedades infecciosas<\/li>\n<li>Cuidados perioperatorios de enfermer\u00eda al paciente con enfermedades infecciosas<\/li>\n<\/ul>\n","protected":false},"excerpt":{"rendered":"<p>Antibioticoprofilaxis en cirug\u00eda Cirug\u00eda mayor ambulatoria en pacientes VIH Cirug\u00eda de m\u00ednimo acceso en pacientes con enfermedades infecciosas Urgencias quir\u00fargicas en el paciente con enfermedades infecciosas Gu\u00edas y protocolos de actuaci\u00f3n anest\u00e9sicas en pacientes con enfermedades infecciosas Cuidados perioperatorios de enfermer\u00eda al paciente con enfermedades infecciosas<\/p>\n","protected":false},"author":4,"featured_media":0,"parent":0,"menu_order":0,"comment_status":"closed","ping_status":"closed","template":"","meta":[],"_links":{"self":[{"href":"https:\/\/promociondeeventos.sld.cu\/cirugiavih2026\/wp-json\/wp\/v2\/pages\/14"}],"collection":[{"href":"https:\/\/promociondeeventos.sld.cu\/cirugiavih2026\/wp-json\/wp\/v2\/pages"}],"about":[{"href":"https:\/\/promociondeeventos.sld.cu\/cirugiavih2026\/wp-json\/wp\/v2\/types\/page"}],"author":[{"embeddable":true,"href":"https:\/\/promociondeeventos.sld.cu\/cirugiavih2026\/wp-json\/wp\/v2\/users\/4"}],"replies":[{"embeddable":true,"href":"https:\/\/promociondeeventos.sld.cu\/cirugiavih2026\/wp-json\/wp\/v2\/comments?post=14"}],"version-history":[{"count":1,"href":"https:\/\/promociondeeventos.sld.cu\/cirugiavih2026\/wp-json\/wp\/v2\/pages\/14\/revisions"}],"predecessor-version":[{"id":15,"href":"https:\/\/promociondeeventos.sld.cu\/cirugiavih2026\/wp-json\/wp\/v2\/pages\/14\/revisions\/15"}],"wp:attachment":[{"href":"https:\/\/promociondeeventos.sld.cu\/cirugiavih2026\/wp-json\/wp\/v2\/media?parent=14"}],"curies":[{"name":"wp","href":"https:\/\/api.w.org\/{rel}","templated":true}]}}