{"id":9,"date":"2026-01-27T16:01:56","date_gmt":"2026-01-27T16:01:56","guid":{"rendered":"https:\/\/promociondeeventos.sld.cu\/cenatox2026\/?page_id=9"},"modified":"2026-01-27T17:27:45","modified_gmt":"2026-01-27T17:27:45","slug":"comite-cientifico","status":"publish","type":"page","link":"https:\/\/promociondeeventos.sld.cu\/cenatox2026\/comite-cientifico\/","title":{"rendered":"Comit\u00e9 cient\u00edfico"},"content":{"rendered":"<p>\u2022 Presidente:<br \/>\nDra. Aliuska Leal Venta<\/p>\n<p>\u2022 Miembros:<br \/>\nDrC. Pedro Ram\u00f3n Fleites Mestre<br \/>\nLic. Odette Beiro Castro<br \/>\nMsC. Lic. Yordanka Dom\u00ednguez Linares<br \/>\nMsC. Dra Yamil\u00e9 Gonz\u00e1lez Garc\u00eda<br \/>\nDra. Sonia P\u00e9rez Rodr\u00edguez<br \/>\nDr. Rafael Pel\u00e1ez Rodr\u00edguez<br \/>\nMsC. Dr. Carlos A Gonz\u00e1lez Delgado<br \/>\nDra. L\u00e1zara Daiana Hern\u00e1ndez Soto<br \/>\nDra. Felicia Morales Pe\u00f1a<br \/>\nMsC. Dra. Yurdiana Fuentes Sabl\u00f3n<br \/>\nDr. Luis Alberto Bestard Pav\u00f3n<\/p>\n","protected":false},"excerpt":{"rendered":"<p>\u2022 Presidente: Dra. Aliuska Leal Venta \u2022 Miembros: DrC. Pedro Ram\u00f3n Fleites Mestre Lic. Odette Beiro Castro MsC. Lic. Yordanka Dom\u00ednguez Linares MsC. Dra Yamil\u00e9 Gonz\u00e1lez Garc\u00eda Dra. Sonia P\u00e9rez Rodr\u00edguez Dr. Rafael Pel\u00e1ez Rodr\u00edguez MsC. Dr. Carlos A Gonz\u00e1lez Delgado Dra. L\u00e1zara Daiana Hern\u00e1ndez Soto Dra. Felicia Morales Pe\u00f1a MsC. Dra. Yurdiana Fuentes Sabl\u00f3n [&hellip;]<\/p>\n","protected":false},"author":3262,"featured_media":0,"parent":0,"menu_order":0,"comment_status":"closed","ping_status":"closed","template":"","meta":[],"_links":{"self":[{"href":"https:\/\/promociondeeventos.sld.cu\/cenatox2026\/wp-json\/wp\/v2\/pages\/9"}],"collection":[{"href":"https:\/\/promociondeeventos.sld.cu\/cenatox2026\/wp-json\/wp\/v2\/pages"}],"about":[{"href":"https:\/\/promociondeeventos.sld.cu\/cenatox2026\/wp-json\/wp\/v2\/types\/page"}],"author":[{"embeddable":true,"href":"https:\/\/promociondeeventos.sld.cu\/cenatox2026\/wp-json\/wp\/v2\/users\/3262"}],"replies":[{"embeddable":true,"href":"https:\/\/promociondeeventos.sld.cu\/cenatox2026\/wp-json\/wp\/v2\/comments?post=9"}],"version-history":[{"count":2,"href":"https:\/\/promociondeeventos.sld.cu\/cenatox2026\/wp-json\/wp\/v2\/pages\/9\/revisions"}],"predecessor-version":[{"id":52,"href":"https:\/\/promociondeeventos.sld.cu\/cenatox2026\/wp-json\/wp\/v2\/pages\/9\/revisions\/52"}],"wp:attachment":[{"href":"https:\/\/promociondeeventos.sld.cu\/cenatox2026\/wp-json\/wp\/v2\/media?parent=9"}],"curies":[{"name":"wp","href":"https:\/\/api.w.org\/{rel}","templated":true}]}}