{"id":57,"date":"2026-01-27T17:31:00","date_gmt":"2026-01-27T17:31:00","guid":{"rendered":"https:\/\/promociondeeventos.sld.cu\/cenatox2026\/?page_id=57"},"modified":"2026-01-27T17:31:00","modified_gmt":"2026-01-27T17:31:00","slug":"tematicas-2","status":"publish","type":"page","link":"https:\/\/promociondeeventos.sld.cu\/cenatox2026\/tematicas-2\/","title":{"rendered":"Tem\u00e1ticas"},"content":{"rendered":"<p>Toxicolog\u00eda Comunitaria<br \/>\nIntoxicaciones agudas<br \/>\nEfectos de las sustancias a largo y mediano plazo<br \/>\nInformaci\u00f3n Toxicol\u00f3gica<br \/>\nToxicovigilancia<br \/>\nFarmacovigilancia<br \/>\nToxicolog\u00eda Anal\u00edtica<br \/>\nEnsayos cl\u00ednicos<br \/>\nBioequivalencias<br \/>\nRespuesta m\u00e9dico toxicol\u00f3gica ante accidentes y cat\u00e1strofes qu\u00edmicas<br \/>\nAntidototerapia<br \/>\nDocencia y Toxicolog\u00eda<br \/>\nEcotoxicolog\u00eda<br \/>\nToxicolog\u00eda precl\u00ednica<br \/>\nSistemas de gesti\u00f3n de la calidad<br \/>\nNanotoxicolog\u00eda<br \/>\nMonitoreo y Vigilancia de cultivos transg\u00e9nicos<br \/>\nDrogas de abuso<br \/>\nNuevas tecnolog\u00edas en Toxicolog\u00eda<\/p>\n","protected":false},"excerpt":{"rendered":"<p>Toxicolog\u00eda Comunitaria Intoxicaciones agudas Efectos de las sustancias a largo y mediano plazo Informaci\u00f3n Toxicol\u00f3gica Toxicovigilancia Farmacovigilancia Toxicolog\u00eda Anal\u00edtica Ensayos cl\u00ednicos Bioequivalencias Respuesta m\u00e9dico toxicol\u00f3gica ante accidentes y cat\u00e1strofes qu\u00edmicas Antidototerapia Docencia y Toxicolog\u00eda Ecotoxicolog\u00eda Toxicolog\u00eda precl\u00ednica Sistemas de gesti\u00f3n de la calidad Nanotoxicolog\u00eda Monitoreo y Vigilancia de cultivos transg\u00e9nicos Drogas de abuso Nuevas tecnolog\u00edas [&hellip;]<\/p>\n","protected":false},"author":3262,"featured_media":0,"parent":0,"menu_order":0,"comment_status":"closed","ping_status":"closed","template":"","meta":[],"_links":{"self":[{"href":"https:\/\/promociondeeventos.sld.cu\/cenatox2026\/wp-json\/wp\/v2\/pages\/57"}],"collection":[{"href":"https:\/\/promociondeeventos.sld.cu\/cenatox2026\/wp-json\/wp\/v2\/pages"}],"about":[{"href":"https:\/\/promociondeeventos.sld.cu\/cenatox2026\/wp-json\/wp\/v2\/types\/page"}],"author":[{"embeddable":true,"href":"https:\/\/promociondeeventos.sld.cu\/cenatox2026\/wp-json\/wp\/v2\/users\/3262"}],"replies":[{"embeddable":true,"href":"https:\/\/promociondeeventos.sld.cu\/cenatox2026\/wp-json\/wp\/v2\/comments?post=57"}],"version-history":[{"count":1,"href":"https:\/\/promociondeeventos.sld.cu\/cenatox2026\/wp-json\/wp\/v2\/pages\/57\/revisions"}],"predecessor-version":[{"id":58,"href":"https:\/\/promociondeeventos.sld.cu\/cenatox2026\/wp-json\/wp\/v2\/pages\/57\/revisions\/58"}],"wp:attachment":[{"href":"https:\/\/promociondeeventos.sld.cu\/cenatox2026\/wp-json\/wp\/v2\/media?parent=57"}],"curies":[{"name":"wp","href":"https:\/\/api.w.org\/{rel}","templated":true}]}}