{"id":3,"date":"2026-01-27T16:00:55","date_gmt":"2026-01-27T16:00:55","guid":{"rendered":"https:\/\/promociondeeventos.sld.cu\/cenatox2026\/?page_id=3"},"modified":"2026-04-29T23:05:37","modified_gmt":"2026-04-29T23:05:37","slug":"convocatoria","status":"publish","type":"page","link":"https:\/\/promociondeeventos.sld.cu\/cenatox2026\/","title":{"rendered":"Convocatoria"},"content":{"rendered":"<p style=\"text-align: justify;\"><img decoding=\"async\" loading=\"lazy\" class=\"wp-image-49 alignleft\" src=\"http:\/\/promociondeeventos.sld.cu\/cenatox2026\/files\/2026\/01\/admin-ajax-1.jpg\" alt=\"\" width=\"173\" height=\"152\" \/>El Centro Nacional de Toxicolog\u00eda (Cenatox) convoca a todos los profesionales relacionados e interesados en promover el desarrollo de la Toxicolog\u00eda, a participar en la XXII Jornada Cient\u00edfica y XIV de la ANIR, del 11 al 13 de noviembre del 2026.<\/p>\n<p style=\"text-align: justify;\">Este evento representa una excelente oportunidad para el intercambio de experiencias y conocimientos actualizados.<\/p>\n<p style=\"text-align: justify;\">En este a\u00f1o que se celebra el 40 aniversario del centro, habr\u00e1 actividades en honor a esta fecha.<\/p>\n<p>&nbsp;<\/p>\n<p>&nbsp;<\/p>\n","protected":false},"excerpt":{"rendered":"<p>El Centro Nacional de Toxicolog\u00eda (Cenatox) convoca a todos los profesionales relacionados e interesados en promover el desarrollo de la Toxicolog\u00eda, a participar en la XXII Jornada Cient\u00edfica y XIV de la ANIR, del 11 al 13 de noviembre del 2026. Este evento representa una excelente oportunidad para el intercambio de experiencias y conocimientos actualizados. [&hellip;]<\/p>\n","protected":false},"author":3262,"featured_media":0,"parent":0,"menu_order":0,"comment_status":"closed","ping_status":"closed","template":"","meta":[],"_links":{"self":[{"href":"https:\/\/promociondeeventos.sld.cu\/cenatox2026\/wp-json\/wp\/v2\/pages\/3"}],"collection":[{"href":"https:\/\/promociondeeventos.sld.cu\/cenatox2026\/wp-json\/wp\/v2\/pages"}],"about":[{"href":"https:\/\/promociondeeventos.sld.cu\/cenatox2026\/wp-json\/wp\/v2\/types\/page"}],"author":[{"embeddable":true,"href":"https:\/\/promociondeeventos.sld.cu\/cenatox2026\/wp-json\/wp\/v2\/users\/3262"}],"replies":[{"embeddable":true,"href":"https:\/\/promociondeeventos.sld.cu\/cenatox2026\/wp-json\/wp\/v2\/comments?post=3"}],"version-history":[{"count":35,"href":"https:\/\/promociondeeventos.sld.cu\/cenatox2026\/wp-json\/wp\/v2\/pages\/3\/revisions"}],"predecessor-version":[{"id":143,"href":"https:\/\/promociondeeventos.sld.cu\/cenatox2026\/wp-json\/wp\/v2\/pages\/3\/revisions\/143"}],"wp:attachment":[{"href":"https:\/\/promociondeeventos.sld.cu\/cenatox2026\/wp-json\/wp\/v2\/media?parent=3"}],"curies":[{"name":"wp","href":"https:\/\/api.w.org\/{rel}","templated":true}]}}