{"id":27,"date":"2026-02-28T04:50:12","date_gmt":"2026-02-28T04:50:12","guid":{"rendered":"https:\/\/promociondeeventos.sld.cu\/ccei2026\/?page_id=27"},"modified":"2026-02-28T04:50:12","modified_gmt":"2026-02-28T04:50:12","slug":"contactos","status":"publish","type":"page","link":"https:\/\/promociondeeventos.sld.cu\/ccei2026\/contactos\/","title":{"rendered":"Contactos"},"content":{"rendered":"<p>Responsable de la edici\u00f3n del sitio web: Yasiel P\u00e9rez Villaz\u00f3n<\/p>\n<p>Contacto: 54888911<\/p>\n","protected":false},"excerpt":{"rendered":"<p>Responsable de la edici\u00f3n del sitio web: Yasiel P\u00e9rez Villaz\u00f3n Contacto: 54888911<\/p>\n","protected":false},"author":4,"featured_media":0,"parent":0,"menu_order":0,"comment_status":"closed","ping_status":"closed","template":"","meta":[],"_links":{"self":[{"href":"https:\/\/promociondeeventos.sld.cu\/ccei2026\/wp-json\/wp\/v2\/pages\/27"}],"collection":[{"href":"https:\/\/promociondeeventos.sld.cu\/ccei2026\/wp-json\/wp\/v2\/pages"}],"about":[{"href":"https:\/\/promociondeeventos.sld.cu\/ccei2026\/wp-json\/wp\/v2\/types\/page"}],"author":[{"embeddable":true,"href":"https:\/\/promociondeeventos.sld.cu\/ccei2026\/wp-json\/wp\/v2\/users\/4"}],"replies":[{"embeddable":true,"href":"https:\/\/promociondeeventos.sld.cu\/ccei2026\/wp-json\/wp\/v2\/comments?post=27"}],"version-history":[{"count":1,"href":"https:\/\/promociondeeventos.sld.cu\/ccei2026\/wp-json\/wp\/v2\/pages\/27\/revisions"}],"predecessor-version":[{"id":28,"href":"https:\/\/promociondeeventos.sld.cu\/ccei2026\/wp-json\/wp\/v2\/pages\/27\/revisions\/28"}],"wp:attachment":[{"href":"https:\/\/promociondeeventos.sld.cu\/ccei2026\/wp-json\/wp\/v2\/media?parent=27"}],"curies":[{"name":"wp","href":"https:\/\/api.w.org\/{rel}","templated":true}]}}