{"id":25,"date":"2026-02-28T04:49:43","date_gmt":"2026-02-28T04:49:43","guid":{"rendered":"https:\/\/promociondeeventos.sld.cu\/ccei2026\/?page_id=25"},"modified":"2026-02-28T04:49:43","modified_gmt":"2026-02-28T04:49:43","slug":"programa","status":"publish","type":"page","link":"https:\/\/promociondeeventos.sld.cu\/ccei2026\/programa\/","title":{"rendered":"Programa"},"content":{"rendered":"<table style=\"width: 68.3717%; height: 548px;\">\n<tbody>\n<tr style=\"height: 18px;\">\n<td style=\"height: 18px;\" width=\"158\"><strong>Fecha y Hora<\/strong><\/td>\n<td style=\"height: 18px;\" width=\"456\"><strong>Actividad<\/strong><\/td>\n<\/tr>\n<tr style=\"height: 216px;\">\n<td style=\"height: 216px;\" width=\"158\">Lunes 6\/4\/2026<\/p>\n<p>8: 00 am<\/p>\n<p>9: 00 am<\/p>\n<p>9: 30- 11:30 am<\/p>\n<p>8:30 am \u2013 4:30 pm<\/td>\n<td style=\"height: 216px;\" width=\"456\">&nbsp;<\/p>\n<p>-Acreditaci\u00f3n<\/p>\n<p>-Acto de apertura<\/p>\n<p>-Conferencias Magistrales<\/p>\n<p>&#8211; Sesi\u00f3n virtual<\/td>\n<\/tr>\n<tr style=\"height: 160px;\">\n<td style=\"height: 160px; width: 450px; text-align: left; vertical-align: top;\" width=\"158\">Martes 7\/4\/2026<\/p>\n<p>8:30 am-12:00 m<\/td>\n<td style=\"height: 160px;\" width=\"456\">-Sesi\u00f3n presencial: Sal\u00f3n Hospital, Estomatolog\u00eda, Docencia, Estudiantes<\/p>\n<p>(El primer sal\u00f3n en el Hospital y el resto en la Filial).<\/td>\n<\/tr>\n<tr style=\"height: 88px;\">\n<td style=\"height: 88px;\" width=\"158\">Mi\u00e9rcoles\u00a0 8\/4\/2026<\/p>\n<p>8:30 am-12:00 m<\/p>\n<p>&nbsp;<\/td>\n<td style=\"height: 88px;\" width=\"456\">Sesi\u00f3n presencial: Dos salones de APS ( Filial)<\/td>\n<\/tr>\n<tr style=\"height: 56px;\">\n<td style=\"height: 56px;\" width=\"158\">Jueves 9\/4\/2026<\/td>\n<td style=\"height: 56px;\" width=\"456\">Conclusiones del Evento<\/td>\n<\/tr>\n<tr style=\"height: 10px;\">\n<td style=\"height: 10px;\" width=\"158\">Viernes 10\/4\/2026<\/td>\n<td style=\"height: 10px;\" width=\"456\">Acto de Clausura<\/td>\n<\/tr>\n<\/tbody>\n<\/table>\n","protected":false},"excerpt":{"rendered":"<p>Fecha y Hora Actividad Lunes 6\/4\/2026 8: 00 am 9: 00 am 9: 30- 11:30 am 8:30 am \u2013 4:30 pm &nbsp; -Acreditaci\u00f3n -Acto de apertura -Conferencias Magistrales &#8211; Sesi\u00f3n virtual Martes 7\/4\/2026 8:30 am-12:00 m -Sesi\u00f3n presencial: Sal\u00f3n Hospital, Estomatolog\u00eda, Docencia, Estudiantes (El primer sal\u00f3n en el Hospital y el resto en la Filial). [&hellip;]<\/p>\n","protected":false},"author":4,"featured_media":0,"parent":0,"menu_order":0,"comment_status":"closed","ping_status":"closed","template":"","meta":[],"_links":{"self":[{"href":"https:\/\/promociondeeventos.sld.cu\/ccei2026\/wp-json\/wp\/v2\/pages\/25"}],"collection":[{"href":"https:\/\/promociondeeventos.sld.cu\/ccei2026\/wp-json\/wp\/v2\/pages"}],"about":[{"href":"https:\/\/promociondeeventos.sld.cu\/ccei2026\/wp-json\/wp\/v2\/types\/page"}],"author":[{"embeddable":true,"href":"https:\/\/promociondeeventos.sld.cu\/ccei2026\/wp-json\/wp\/v2\/users\/4"}],"replies":[{"embeddable":true,"href":"https:\/\/promociondeeventos.sld.cu\/ccei2026\/wp-json\/wp\/v2\/comments?post=25"}],"version-history":[{"count":1,"href":"https:\/\/promociondeeventos.sld.cu\/ccei2026\/wp-json\/wp\/v2\/pages\/25\/revisions"}],"predecessor-version":[{"id":26,"href":"https:\/\/promociondeeventos.sld.cu\/ccei2026\/wp-json\/wp\/v2\/pages\/25\/revisions\/26"}],"wp:attachment":[{"href":"https:\/\/promociondeeventos.sld.cu\/ccei2026\/wp-json\/wp\/v2\/media?parent=25"}],"curies":[{"name":"wp","href":"https:\/\/api.w.org\/{rel}","templated":true}]}}