{"id":12,"date":"2026-02-28T04:37:18","date_gmt":"2026-02-28T04:37:18","guid":{"rendered":"https:\/\/promociondeeventos.sld.cu\/ccei2026\/?page_id=12"},"modified":"2026-02-28T04:38:05","modified_gmt":"2026-02-28T04:38:05","slug":"comite-organizador","status":"publish","type":"page","link":"https:\/\/promociondeeventos.sld.cu\/ccei2026\/comite-organizador\/","title":{"rendered":"Comit\u00e9 organizador"},"content":{"rendered":"<p>Presidente:<\/p>\n<ul>\n<li>MsC. Ernesto Alfonso Gonz\u00e1lez (Presidente)<\/li>\n<\/ul>\n<p>Miembros:<\/p>\n<ul>\n<li>Dra. Elvira Zulueta Flores<\/li>\n<li>Dra. Marielys Mantila Puig<\/li>\n<li>MS.c. Anabel Mili\u00e1n Mu\u00f1oz<\/li>\n<li>MS.c. Ana Belkis Montalvo Herrera<\/li>\n<li>Lic. Tamay L\u00f3pez \u00c1lvarez<\/li>\n<li>Dra. Lorena Llerena Herrera<\/li>\n<li>MSc.\u00a0 Ada Maymel \u00c1lvarez Rodr\u00edguez<\/li>\n<li>Dra. Daylis S\u00e1nchez Hern\u00e1ndez<\/li>\n<\/ul>\n","protected":false},"excerpt":{"rendered":"<p>Presidente: MsC. Ernesto Alfonso Gonz\u00e1lez (Presidente) Miembros: Dra. Elvira Zulueta Flores Dra. Marielys Mantila Puig MS.c. Anabel Mili\u00e1n Mu\u00f1oz MS.c. Ana Belkis Montalvo Herrera Lic. Tamay L\u00f3pez \u00c1lvarez Dra. Lorena Llerena Herrera MSc.\u00a0 Ada Maymel \u00c1lvarez Rodr\u00edguez Dra. Daylis S\u00e1nchez Hern\u00e1ndez<\/p>\n","protected":false},"author":4,"featured_media":0,"parent":0,"menu_order":0,"comment_status":"closed","ping_status":"closed","template":"","meta":[],"_links":{"self":[{"href":"https:\/\/promociondeeventos.sld.cu\/ccei2026\/wp-json\/wp\/v2\/pages\/12"}],"collection":[{"href":"https:\/\/promociondeeventos.sld.cu\/ccei2026\/wp-json\/wp\/v2\/pages"}],"about":[{"href":"https:\/\/promociondeeventos.sld.cu\/ccei2026\/wp-json\/wp\/v2\/types\/page"}],"author":[{"embeddable":true,"href":"https:\/\/promociondeeventos.sld.cu\/ccei2026\/wp-json\/wp\/v2\/users\/4"}],"replies":[{"embeddable":true,"href":"https:\/\/promociondeeventos.sld.cu\/ccei2026\/wp-json\/wp\/v2\/comments?post=12"}],"version-history":[{"count":2,"href":"https:\/\/promociondeeventos.sld.cu\/ccei2026\/wp-json\/wp\/v2\/pages\/12\/revisions"}],"predecessor-version":[{"id":14,"href":"https:\/\/promociondeeventos.sld.cu\/ccei2026\/wp-json\/wp\/v2\/pages\/12\/revisions\/14"}],"wp:attachment":[{"href":"https:\/\/promociondeeventos.sld.cu\/ccei2026\/wp-json\/wp\/v2\/media?parent=12"}],"curies":[{"name":"wp","href":"https:\/\/api.w.org\/{rel}","templated":true}]}}