{"id":96,"date":"2011-12-27T12:56:01","date_gmt":"2011-12-27T17:56:01","guid":{"rendered":"http:\/\/promociondeeventos.sld.cu\/calixto2012\/?page_id=96"},"modified":"2011-12-29T11:33:56","modified_gmt":"2011-12-29T16:33:56","slug":"dermatologia","status":"publish","type":"page","link":"https:\/\/promociondeeventos.sld.cu\/calixto2012\/temas-centrales-por-jornadas-medicas\/dermatologia\/","title":{"rendered":"Dermatolog\u00eda"},"content":{"rendered":"<p style=\"text-align: center\"><span style=\"color: #0000ff\"><strong>Programa Cient\u00edfico<\/strong><\/span><\/p>\n<p><strong>Sal\u00f3n de protocolo<\/strong><\/p>\n<p><strong>Presidente: <\/strong>Dra. Adis Abad Machado<\/p>\n<p><strong>Secretario:<\/strong> Dra. Aylet P\u00e9rez L\u00f3pez<\/p>\n<p><strong><span style=\"text-decoration: underline\"> <\/span><\/strong><\/p>\n<table style=\"height: 369px\" border=\"0\" cellspacing=\"0\" cellpadding=\"0\" width=\"521\">\n<tbody>\n<tr>\n<td width=\"79\" valign=\"top\">9:00 am.<\/p>\n<p>9:15 am<\/p>\n<p>9:45 am<br \/>\n10:35 am<\/p>\n<p>11:25 am<\/p>\n<p>10:35 am<\/p>\n<\/td>\n<td width=\"554\" valign=\"top\">Inauguraci\u00f3n<\/p>\n<p>Agresiones a la piel en el siglo   XXI. <strong>Conferencia<\/strong><\/p>\n<p>Dra. M\u00f3nica \u00c1lvarez Mesa.<\/p>\n<p>Datos hist\u00f3ricos del servicio de Dermatolog\u00eda en<strong> <\/strong><strong>Hospital Universitario \u00abGeneral   Calixto Garc\u00eda\u00bb.<\/strong><strong> Conferencia<\/strong><\/p>\n<p>Dr. Jos\u00e9 Guillermo D\u00edaz Almeida<\/p>\n<p>Dra. Lilia de la torre Navarro<\/p>\n<p>Educaci\u00f3n sexual para una sexualidad gratificante. <strong>Conferencia<\/strong><\/p>\n<p>Dra. M\u00f3nica \u00c1lvarez Mesa.<\/p>\n<p>Esporotricosis Presentaci\u00f3n de caso. <strong>Tema libre<\/strong><\/p>\n<p>Dr. Luis Enrique Ruiz Miguez<\/p>\n<p>Fototerapia en acn\u00e9.<\/p>\n<p>Dr. Pedro Balaguert Gonz\u00e1lez<\/p>\n<\/td>\n<\/tr>\n<\/tbody>\n<\/table>\n<p>11.45 am\u00a0\u00a0\u00a0 Sarcoma de Kaposi um caso interesante. <strong>Tema libre<\/strong><\/p>\n<p>Dra. Tania Torriente Esquivel.<\/p>\n<p>Dr. Jorge Alexis Rodr\u00edguez Reyes.<\/p>\n<p>12.15 am\u00a0\u00a0\u00a0\u00a0\u00a0 Intervenci\u00f3n educativa sobre el conocimento de lepra en las \u00e1reas de salud.<\/p>\n<p><strong>Tema libre.<\/strong><\/p>\n<p>Estudiantes :Yanier Serrano\u00a0 Garc\u00eda , Taimi Miranda Vergaras<\/p>\n<p>Leroy Olachea Varona<\/p>\n<p>12.25am\u00a0\u00a0\u00a0\u00a0 Cromomicosis a prop\u00f3sito de un caso. <strong>Tema Libre<\/strong><\/p>\n<p>Dra. Coset Ortiz Arrillaga.<\/p>\n<p>Dr. Luis Enrique Ruiz Miguez<\/p>\n<p>1.00 pm -1.30\u00a0 Almuerzo<\/p>\n<p><strong> <\/strong><\/p>\n<p><strong> <\/strong><\/p>\n<p><strong> Sesi\u00f3n de la tarde<\/strong><\/p>\n<p align=\"center\"><strong>P\u00f3ster Digital<\/strong><\/p>\n<p><strong> <\/strong><\/p>\n<p><strong>Presidente: <\/strong>Dra. M\u00f3nica \u00c1lvarez Mesa<\/p>\n<p><strong>Secretario:<\/strong> Dra. Lilia de La Torre Navarro<\/p>\n<p><strong> <\/strong><\/p>\n<p>2.00 pm &#8211; Aplicaci\u00f3n de la fitoterapia en las Dermatopat\u00edas<\/p>\n<p>Autores: Taim\u00ed Miranda Vergara; Yanier Serrano Garc\u00eda; Freddy \u00c1lvarez D\u00edaz.<\/p>\n<p>&#8211;<strong> <\/strong>Eficacia de los Peloides en el Acn\u00e9 Vulgar.<\/p>\n<p>Autores:<span style=\"text-decoration: underline\"> <\/span>Yanier Serrano Garc\u00eda; Calder\u00f3n P\u00e9rez Yisel; Taim\u00ed Miranda Vergara.<\/p>\n<p>&#8211;<strong> <\/strong>C\u00e1ncer cut\u00e1neo no melanoma .propuestas para su\u00a0\u00a0 diagnostico tratamiento y prevenci\u00f3n<strong>.<\/strong><\/p>\n<p>Autores: Dra. M\u00f3nica \u00c1lvarez Mesa<\/p>\n<p>Dra. Lilia de la torre Navarro<\/p>\n<p>Dra. Aylet P\u00e9rez L\u00f3pez<\/p>\n<p>Dra. Ad\u00eds Abad Machado<\/p>\n<p>&#8211; Melanoma propuestas novedosas.<\/p>\n<p>Autores: Dra. M\u00f3nica \u00c1lvarez Mesa ;<\/p>\n<p>Dra. Aylet P\u00e9rez L\u00f3pez;<\/p>\n<p>Dra. Lilia de la Torre Navarro<\/p>\n<p>Dra. Ad\u00eds Abad Machado<\/p>\n<p>&#8211;<strong> <\/strong>Herpes zoster versus dermatitis medicamentosa .Presentaci\u00f3n de un caso.<strong> <\/strong><\/p>\n<p>Autores: Dra. M\u00f3nica \u00c1lvarez Mesa<\/p>\n<p>Dra. Aylet P\u00e9rez L\u00f3pez;<\/p>\n<p>Dra. Lilia de la torre Navarro<\/p>\n<p><strong> &#8211; <\/strong>Esclerodermia cut\u00e1nea. Presentaci\u00f3n de un caso.<\/p>\n<p>Autores: Dra. Aylet P\u00e9rez L\u00f3pez;<\/p>\n<p>Dra. Lilia de la torre Navarro<\/p>\n<p>Dra. M\u00f3nica \u00c1lvarez Mesa<\/p>\n<p>Dra. Ad\u00eds Abad Machado<\/p>\n<p>&#8211; Objetos de aprendizaje en funci\u00f3n del diagn\u00f3stico cl\u00ednico en Dermatolog\u00eda.<\/p>\n<p>Autores: Dra. Lilia de la Torre Navarro<\/p>\n<p>Dra. Aylet P\u00e9rez L\u00f3pez<\/p>\n<p>Dra. M\u00f3nica \u00c1lvarez Mesa<\/p>\n<p>Dra. Victoria Fundora Guerra<\/p>\n<p>-Escuela de verano en pacientes con riesgo de c\u00e1ncer cut\u00e1neo.<\/p>\n<p>Dra Pilar Maria Acu\u00f1a Aguilarte<\/p>\n<p>Lic Javier<\/p>\n<p><strong>CARTEL<\/strong><\/p>\n<p align=\"center\"><strong> <\/strong><\/p>\n<p><strong> <\/strong><\/p>\n<p>&#8211; Equipo de terapia con luz no coherente visible e infrarroja.<\/p>\n<p>Autores: Esperanza Puron<\/p>\n<p>Roberto Homs Puron<\/p>\n<p>Dr. Pedro Balaguert Gonz\u00e1lez<\/p>\n<p>J.Vogt<\/p>\n<p>A.I.Frias<\/p>\n<p>Maria Elena Garc\u00eda<\/p>\n<p>&#8211; Fototerapia con diodos emisores de luz roja y azul combinada en el acn\u00e9 inflamatorio.<\/p>\n<p>Autores: Dr. Pedro Balaguert Gonz\u00e1lez<\/p>\n<p>Danay\u00a0 Infante\u00a0 Vidal<\/p>\n","protected":false},"excerpt":{"rendered":"<p>Programa Cient\u00edfico Sal\u00f3n de protocolo Presidente: Dra. Adis Abad Machado Secretario: Dra. Aylet P\u00e9rez L\u00f3pez 9:00 am. 9:15 am 9:45 am 10:35 am 11:25 am 10:35 am Inauguraci\u00f3n Agresiones a la piel en el siglo XXI. Conferencia Dra. M\u00f3nica \u00c1lvarez Mesa. Datos hist\u00f3ricos del servicio de Dermatolog\u00eda en Hospital Universitario \u00abGeneral Calixto Garc\u00eda\u00bb. Conferencia Dr. [&hellip;]<\/p>\n","protected":false},"author":57,"featured_media":0,"parent":21,"menu_order":0,"comment_status":"closed","ping_status":"closed","template":"","meta":[],"_links":{"self":[{"href":"https:\/\/promociondeeventos.sld.cu\/calixto2012\/wp-json\/wp\/v2\/pages\/96"}],"collection":[{"href":"https:\/\/promociondeeventos.sld.cu\/calixto2012\/wp-json\/wp\/v2\/pages"}],"about":[{"href":"https:\/\/promociondeeventos.sld.cu\/calixto2012\/wp-json\/wp\/v2\/types\/page"}],"author":[{"embeddable":true,"href":"https:\/\/promociondeeventos.sld.cu\/calixto2012\/wp-json\/wp\/v2\/users\/57"}],"replies":[{"embeddable":true,"href":"https:\/\/promociondeeventos.sld.cu\/calixto2012\/wp-json\/wp\/v2\/comments?post=96"}],"version-history":[{"count":7,"href":"https:\/\/promociondeeventos.sld.cu\/calixto2012\/wp-json\/wp\/v2\/pages\/96\/revisions"}],"predecessor-version":[{"id":228,"href":"https:\/\/promociondeeventos.sld.cu\/calixto2012\/wp-json\/wp\/v2\/pages\/96\/revisions\/228"}],"up":[{"embeddable":true,"href":"https:\/\/promociondeeventos.sld.cu\/calixto2012\/wp-json\/wp\/v2\/pages\/21"}],"wp:attachment":[{"href":"https:\/\/promociondeeventos.sld.cu\/calixto2012\/wp-json\/wp\/v2\/media?parent=96"}],"curies":[{"name":"wp","href":"https:\/\/api.w.org\/{rel}","templated":true}]}}