{"id":53,"date":"2011-12-27T11:24:19","date_gmt":"2011-12-27T16:24:19","guid":{"rendered":"http:\/\/promociondeeventos.sld.cu\/calixto2012\/?page_id=53"},"modified":"2015-06-24T08:52:05","modified_gmt":"2015-06-24T13:52:05","slug":"programa-general","status":"publish","type":"page","link":"https:\/\/promociondeeventos.sld.cu\/calixto2012\/programa-general\/","title":{"rendered":"Programa general"},"content":{"rendered":"<p><strong>Acto inaugural<\/strong><\/p>\n<p>&nbsp;<\/p>\n<p><strong>9.00 &#8211; 10.00 am:<\/strong> Mesa redonda Nanotecnolog\u00eda<\/p>\n<p>Moderadora: Dra. C. Olga Mar\u00eda Piera Rocillo<\/p>\n<p><strong>10.00 &#8211; 10.30 am:<\/strong> Estudios autofinanciados de pre y postgrados en Cuba.<\/p>\n<p>Dr. Julio Cesar Castellanos Lavi\u00f1a<\/p>\n<p><strong>10.00 &#8211; 11.00 am<\/strong>: Servicio m\u00e9dicos cubanos.<\/p>\n<p>Dr. Tomas Reinoso<\/p>\n<p><strong>11.00 am:<\/strong> Palabras de bienvenida e inauguraci\u00f3n de la Convenci\u00f3n por el Director<\/p>\n<p>Dr. Miguel Fonseca Aldana<\/p>\n<p>&nbsp;<\/p>\n<p>&nbsp;<\/p>\n<p><strong>Actividades culturales y promoci\u00f3n <\/strong><\/p>\n<p><strong>Coordinadora. Dra. M\u00f3nica \u00c1lvarez Mesa<\/strong><\/p>\n<p>&nbsp;<\/p>\n<ol>\n<li>Exposici\u00f3n de pintura Biblioteca Central<\/li>\n<li>Promoci\u00f3n radio y televisi\u00f3n<\/li>\n<li>Actividad de clausura. Gala cultural<\/li>\n<\/ol>\n<p><strong>Programa General<\/strong><\/p>\n<table border=\"1\" cellspacing=\"0\" cellpadding=\"0\" align=\"left\">\n<tbody>\n<tr>\n<td valign=\"top\" width=\"109\">\n<p align=\"center\"><strong>Salones<\/strong><\/p>\n<\/td>\n<td valign=\"top\" width=\"102\">\n<p align=\"center\"><strong>23\/1<\/strong><\/p>\n<\/td>\n<td valign=\"top\" width=\"111\">\n<p align=\"center\"><strong>24\/1<\/strong><\/p>\n<\/td>\n<td valign=\"top\" width=\"102\">\n<p align=\"center\"><strong>25\/1<\/strong><\/p>\n<\/td>\n<td valign=\"top\" width=\"103\">\n<p align=\"center\"><strong>26\/1<\/strong><\/p>\n<\/td>\n<\/tr>\n<tr>\n<td valign=\"top\" width=\"109\">\n<p align=\"center\"><strong>Anfiteatro Hospital<\/strong><\/p>\n<\/td>\n<td valign=\"top\" width=\"102\">\n<p align=\"center\">Jornada Urgencias y Patolog\u00edas Cl\u00ednicas<\/p>\n<\/td>\n<td valign=\"top\" width=\"111\">\n<p align=\"center\">Jornada CRQ<\/p>\n<\/td>\n<td valign=\"top\" width=\"102\">\n<p align=\"center\">Jornada<br \/>\nCirug\u00eda<\/p>\n<\/td>\n<td valign=\"top\" width=\"103\">\n<p align=\"center\">Jornada<br \/>\nCirug\u00eda<\/p>\n<\/td>\n<\/tr>\n<tr>\n<td valign=\"top\" width=\"109\">\n<p align=\"center\"><strong>Anfiteatro Facultad<\/strong><\/p>\n<\/td>\n<td valign=\"top\" width=\"102\"><\/td>\n<td valign=\"top\" width=\"111\">\n<p align=\"center\">Jornada de Audiovisuales<\/p>\n<\/td>\n<td valign=\"top\" width=\"102\">\n<p align=\"center\">Jornada Docencia e Investigaci\u00f3n<\/p>\n<\/td>\n<td valign=\"top\" width=\"103\">\n<p align=\"center\">Jornada Docencia e Investigaci\u00f3n<\/p>\n<p align=\"center\">\n<\/td>\n<\/tr>\n<tr>\n<td valign=\"top\" width=\"109\">\n<p align=\"center\"><strong>Teatro<\/strong><\/p>\n<p align=\"center\"><strong>UCIM<\/strong><\/p>\n<\/td>\n<td valign=\"top\" width=\"102\">\n<p align=\"center\">Jornada<br \/>\n\u00c9tica y Bio\u00e9tica<\/p>\n<\/td>\n<td valign=\"top\" width=\"111\">\n<p align=\"center\">Jornada ORL<\/p>\n<\/td>\n<td valign=\"top\" width=\"102\">\n<p align=\"center\">Jornada M\u00e1xilofacial<\/p>\n<\/td>\n<td valign=\"top\" width=\"103\">\n<p align=\"center\">Jornada MNT<\/p>\n<\/td>\n<\/tr>\n<tr>\n<td valign=\"top\" width=\"109\">\n<p align=\"center\"><strong>Teatro<\/strong><\/p>\n<p align=\"center\"><strong>CITED<\/strong><\/p>\n<\/td>\n<td valign=\"top\" width=\"102\">\n<p align=\"center\">Jornada<br \/>\nGeriatr\u00eda<\/p>\n<\/td>\n<td valign=\"top\" width=\"111\">\n<p align=\"center\">Jornada<br \/>\nGeriatr\u00eda<\/p>\n<\/td>\n<td valign=\"top\" width=\"102\"><\/td>\n<td valign=\"top\" width=\"103\">\n<p align=\"center\">Jornada de Enfermer\u00eda<\/p>\n<\/td>\n<\/tr>\n<tr>\n<td valign=\"top\" width=\"109\">\n<p align=\"center\"><strong>Sal\u00f3n de Protocolo<\/strong><\/p>\n<\/td>\n<td valign=\"top\" width=\"102\">\n<p align=\"center\">Jornada Dermatolog\u00eda<\/p>\n<\/td>\n<td valign=\"top\" width=\"111\">\n<p align=\"center\">Jornada<br \/>\nUrolog\u00eda<\/p>\n<\/td>\n<td valign=\"top\" width=\"102\">\n<p align=\"center\">Jornada Cardiolog\u00eda<\/p>\n<\/td>\n<td valign=\"top\" width=\"103\">\n<p align=\"center\">Jornada Cardiolog\u00eda<\/p>\n<\/td>\n<\/tr>\n<tr>\n<td valign=\"top\" width=\"109\"><strong> <\/strong><\/p>\n<p align=\"center\"><strong>Teatro<br \/>\nPsiquiatr\u00eda<\/strong><\/p>\n<p>&nbsp;<\/td>\n<td valign=\"top\" width=\"102\">\n<p align=\"center\">Jornada<br \/>\nAlergia<\/p>\n<\/td>\n<td valign=\"top\" width=\"111\">\n<p align=\"center\">Jornada<br \/>\nMedicina<\/p>\n<p align=\"center\">\n<\/td>\n<td valign=\"top\" width=\"102\"><\/td>\n<td valign=\"top\" width=\"103\">\n<p align=\"center\">Jornada<br \/>\nPsiquiatr\u00eda<\/p>\n<\/td>\n<\/tr>\n<tr>\n<td valign=\"top\" width=\"109\">\n<p align=\"center\"><strong>Aula Imagenolog\u00eda<\/strong><\/p>\n<\/td>\n<td valign=\"top\" width=\"102\"><\/td>\n<td valign=\"top\" width=\"111\">\n<p align=\"center\">Jornada Imagenolog\u00eda<\/p>\n<\/td>\n<td valign=\"top\" width=\"102\"><\/td>\n<td valign=\"top\" width=\"103\"><\/td>\n<\/tr>\n<\/tbody>\n<\/table>\n<p>&nbsp;<\/p>\n<p>&nbsp;<\/p>\n<p>&nbsp;<\/p>\n<p>&nbsp;<\/p>\n<p>&nbsp;<\/p>\n<p>&nbsp;<\/p>\n<p>&nbsp;<\/p>\n<p>&nbsp;<\/p>\n<p>&nbsp;<\/p>\n<p>&nbsp;<\/p>\n<p>&nbsp;<\/p>\n<p>&nbsp;<\/p>\n<p>Jornada Oftalmolog\u00eda: D\u00eda 27 de enero, Anfiteatro de UCIM<\/p>\n","protected":false},"excerpt":{"rendered":"<p>Acto inaugural &nbsp; 9.00 &#8211; 10.00 am: Mesa redonda Nanotecnolog\u00eda Moderadora: Dra. C. Olga Mar\u00eda Piera Rocillo 10.00 &#8211; 10.30 am: Estudios autofinanciados de pre y postgrados en Cuba. Dr. Julio Cesar Castellanos Lavi\u00f1a 10.00 &#8211; 11.00 am: Servicio m\u00e9dicos cubanos. Dr. Tomas Reinoso 11.00 am: Palabras de bienvenida e inauguraci\u00f3n de la Convenci\u00f3n por [&hellip;]<\/p>\n","protected":false},"author":57,"featured_media":0,"parent":0,"menu_order":5,"comment_status":"closed","ping_status":"closed","template":"","meta":[],"_links":{"self":[{"href":"https:\/\/promociondeeventos.sld.cu\/calixto2012\/wp-json\/wp\/v2\/pages\/53"}],"collection":[{"href":"https:\/\/promociondeeventos.sld.cu\/calixto2012\/wp-json\/wp\/v2\/pages"}],"about":[{"href":"https:\/\/promociondeeventos.sld.cu\/calixto2012\/wp-json\/wp\/v2\/types\/page"}],"author":[{"embeddable":true,"href":"https:\/\/promociondeeventos.sld.cu\/calixto2012\/wp-json\/wp\/v2\/users\/57"}],"replies":[{"embeddable":true,"href":"https:\/\/promociondeeventos.sld.cu\/calixto2012\/wp-json\/wp\/v2\/comments?post=53"}],"version-history":[{"count":15,"href":"https:\/\/promociondeeventos.sld.cu\/calixto2012\/wp-json\/wp\/v2\/pages\/53\/revisions"}],"predecessor-version":[{"id":283,"href":"https:\/\/promociondeeventos.sld.cu\/calixto2012\/wp-json\/wp\/v2\/pages\/53\/revisions\/283"}],"wp:attachment":[{"href":"https:\/\/promociondeeventos.sld.cu\/calixto2012\/wp-json\/wp\/v2\/media?parent=53"}],"curies":[{"name":"wp","href":"https:\/\/api.w.org\/{rel}","templated":true}]}}