{"id":249,"date":"2012-01-12T16:41:59","date_gmt":"2012-01-12T21:41:59","guid":{"rendered":"http:\/\/promociondeeventos.sld.cu\/calixto2012\/temas-centrales-por-jornadas-medicas\/alergia\/"},"modified":"2015-06-24T08:53:20","modified_gmt":"2015-06-24T13:53:20","slug":"alergia","status":"publish","type":"page","link":"https:\/\/promociondeeventos.sld.cu\/calixto2012\/temas-centrales-por-jornadas-medicas\/alergia\/","title":{"rendered":"Alergia"},"content":{"rendered":"<p>8.30 AM. &#8211; 9.00 AM Inauguraci\u00f3n.<br \/>\n9.00AM. -9.25 AM- Balance de trabajo anual del Departamento de Alergia. Hospital Universitario Calixto Garc\u00eda. MSc. Dra. Mercedes Ronquillo D\u00edaz.<br \/>\n9.30 AM. &#8211; 9.55 AM. &#8211; Mecanismos de Inmunoterapia. ITSC- ITSL. MSc. Dr. Ra\u00fal L. Castro.<br \/>\n10.00 AM. &#8211; 10.25 AM. &#8211; Inmunonutrici\u00f3n en el adulto mayor. MSc. Dra Edelis Castellanos.<br \/>\n10.30 AM. &#8211; 10.55 AM. &#8211; Giardia e Hipersensibilidad tipo 1. Dr. Juan Ren\u00e9 Mart\u00ednez Manrique.<br \/>\n11. 00 AM. &#8211; 11.25 AM. &#8211; Biomodulina T. Dr. Ariel Javier Ara\u00fajo. (Hospital William Soler)<br \/>\n11.30 AM. &#8211; 11.55 AM. &#8211; Calidad de vida en ni\u00f1os con Dermatitis at\u00f3pica. MSc. Dra. Xiomara L\u00f3pez Campos.<br \/>\n11.55 AM. &#8211; 12. 25 PM. &#8211; Discusi\u00f3n<br \/>\n12.25 PM. &#8211; 1.25 PM. Almuerzo<br \/>\n1.25 PM- 4.00 PM. Presentaciones orales. 10 MINUTOS POR EXPOSITOR<br \/>\nTrabajos.<br \/>\n1- Calidad de vida en pacientes asm\u00e1ticos atendidos en el Hospital Universitario Calixto Garc\u00eda. Mayo- Julio 2010.<br \/>\n2- Sensibilizaci\u00f3n cut\u00e1nea a D. Siboney en pacientes venezolanos.<br \/>\n3- Estudio de sensibilizaci\u00f3n cut\u00e1nea en trabajadores del archivo hist\u00f3rico de Miraflores.<br \/>\n4- Sensibilidad cut\u00e1nea a D. Siboney y D. farinae en pacientes al\u00e9rgicos asm\u00e1ticos. Hospital Universitario Calixto Garc\u00eda.<br \/>\n5- Eritema fijo medicamentoso. Presentaci\u00f3n de caso.<br \/>\n6- Urticaria a fr\u00edgore. A prop\u00f3sito de un caso.<br \/>\n7- Desensibilizaci\u00f3n con ASA.<br \/>\n8- Reacciones adversas por mariscos. Estudios de casos.<br \/>\n9- Citolog\u00eda en la pr\u00e1ctica alergol\u00f3gica.<br \/>\n10- Tesis de terminaci\u00f3n de residencia.<br \/>\n11- Investigaciones actuales en el servicio de Alergia. Hospital Calixto Garc\u00eda.<\/p>\n<p>CURSOS PRECONGRESO<br \/>\nD\u00eda 17 y 18. Laboratorio de Infomed.<br \/>\nHora 8.30 a 12.30 &#8211; Gesti\u00f3n de informaci\u00f3n de salud.<br \/>\nD\u00eda 18. Anfiteatro de la Facultad Calixto Garc\u00eda.<br \/>\nHongos anem\u00f3filos. DrC. Teresa Rojas y Lic. Michel Almaguer. Facultad de Biolog\u00eda. Universidad de La Habana.<\/p>\n","protected":false},"excerpt":{"rendered":"<p>8.30 AM. &#8211; 9.00 AM Inauguraci\u00f3n. 9.00AM. -9.25 AM- Balance de trabajo anual del Departamento de Alergia. Hospital Universitario Calixto Garc\u00eda. MSc. Dra. Mercedes Ronquillo D\u00edaz. 9.30 AM. &#8211; 9.55 AM. &#8211; Mecanismos de Inmunoterapia. ITSC- ITSL. MSc. Dr. Ra\u00fal L. Castro. 10.00 AM. &#8211; 10.25 AM. &#8211; Inmunonutrici\u00f3n en el adulto mayor. MSc. Dra [&hellip;]<\/p>\n","protected":false},"author":57,"featured_media":0,"parent":21,"menu_order":0,"comment_status":"closed","ping_status":"closed","template":"","meta":[],"_links":{"self":[{"href":"https:\/\/promociondeeventos.sld.cu\/calixto2012\/wp-json\/wp\/v2\/pages\/249"}],"collection":[{"href":"https:\/\/promociondeeventos.sld.cu\/calixto2012\/wp-json\/wp\/v2\/pages"}],"about":[{"href":"https:\/\/promociondeeventos.sld.cu\/calixto2012\/wp-json\/wp\/v2\/types\/page"}],"author":[{"embeddable":true,"href":"https:\/\/promociondeeventos.sld.cu\/calixto2012\/wp-json\/wp\/v2\/users\/57"}],"replies":[{"embeddable":true,"href":"https:\/\/promociondeeventos.sld.cu\/calixto2012\/wp-json\/wp\/v2\/comments?post=249"}],"version-history":[{"count":1,"href":"https:\/\/promociondeeventos.sld.cu\/calixto2012\/wp-json\/wp\/v2\/pages\/249\/revisions"}],"predecessor-version":[{"id":284,"href":"https:\/\/promociondeeventos.sld.cu\/calixto2012\/wp-json\/wp\/v2\/pages\/249\/revisions\/284"}],"up":[{"embeddable":true,"href":"https:\/\/promociondeeventos.sld.cu\/calixto2012\/wp-json\/wp\/v2\/pages\/21"}],"wp:attachment":[{"href":"https:\/\/promociondeeventos.sld.cu\/calixto2012\/wp-json\/wp\/v2\/media?parent=249"}],"curies":[{"name":"wp","href":"https:\/\/api.w.org\/{rel}","templated":true}]}}