{"id":24,"date":"2011-11-23T22:21:25","date_gmt":"2011-11-24T03:21:25","guid":{"rendered":"http:\/\/promociondeeventos.sld.cu\/calixto2012\/editor\/"},"modified":"2011-12-27T14:07:05","modified_gmt":"2011-12-27T19:07:05","slug":"editor","status":"publish","type":"page","link":"https:\/\/promociondeeventos.sld.cu\/calixto2012\/editor\/","title":{"rendered":"Editor"},"content":{"rendered":"<p><em><span style=\"color: #0000ff\"><strong><a href=\"mailto:aialvarez@infomed.sld.cu\">Dra. Anairis \u00c1lvarez Ram\u00edrez<\/a><\/strong><\/span><\/em><\/p>\n<p>Especialista de Primer grado de MGI<br \/>\nM\u00e1ster en Inform\u00e1tica en Salud<br \/>\nHospital Universitario \u00abGeneral Calixto Garc\u00eda\u00bb<br \/>\ne-mail: <a href=\"mailto:aialvarez@infomed.sld.cu\">aialvarez@infomed.sld.cu<\/a><\/p>\n","protected":false},"excerpt":{"rendered":"<p>Dra. Anairis \u00c1lvarez Ram\u00edrez Especialista de Primer grado de MGI M\u00e1ster en Inform\u00e1tica en Salud Hospital Universitario \u00abGeneral Calixto Garc\u00eda\u00bb e-mail: aialvarez@infomed.sld.cu<\/p>\n","protected":false},"author":57,"featured_media":0,"parent":0,"menu_order":14,"comment_status":"closed","ping_status":"closed","template":"","meta":[],"_links":{"self":[{"href":"https:\/\/promociondeeventos.sld.cu\/calixto2012\/wp-json\/wp\/v2\/pages\/24"}],"collection":[{"href":"https:\/\/promociondeeventos.sld.cu\/calixto2012\/wp-json\/wp\/v2\/pages"}],"about":[{"href":"https:\/\/promociondeeventos.sld.cu\/calixto2012\/wp-json\/wp\/v2\/types\/page"}],"author":[{"embeddable":true,"href":"https:\/\/promociondeeventos.sld.cu\/calixto2012\/wp-json\/wp\/v2\/users\/57"}],"replies":[{"embeddable":true,"href":"https:\/\/promociondeeventos.sld.cu\/calixto2012\/wp-json\/wp\/v2\/comments?post=24"}],"version-history":[{"count":5,"href":"https:\/\/promociondeeventos.sld.cu\/calixto2012\/wp-json\/wp\/v2\/pages\/24\/revisions"}],"predecessor-version":[{"id":40,"href":"https:\/\/promociondeeventos.sld.cu\/calixto2012\/wp-json\/wp\/v2\/pages\/24\/revisions\/40"}],"wp:attachment":[{"href":"https:\/\/promociondeeventos.sld.cu\/calixto2012\/wp-json\/wp\/v2\/media?parent=24"}],"curies":[{"name":"wp","href":"https:\/\/api.w.org\/{rel}","templated":true}]}}