{"id":232,"date":"2012-01-03T21:36:37","date_gmt":"2012-01-04T02:36:37","guid":{"rendered":"http:\/\/promociondeeventos.sld.cu\/calixto2012\/cursos-precongresos\/automasaje-chino-y-calidad-de-vida\/"},"modified":"2012-01-03T21:36:37","modified_gmt":"2012-01-04T02:36:37","slug":"automasaje-chino-y-calidad-de-vida","status":"publish","type":"page","link":"https:\/\/promociondeeventos.sld.cu\/calixto2012\/cursos-precongresos\/automasaje-chino-y-calidad-de-vida\/","title":{"rendered":"Automasaje chino y calidad de vida"},"content":{"rendered":"<p>&#8211; Especialidad: Medicina Natural y Tradicional<br \/>\n&#8211; Tipo de Actividad: Curso Pre Congreso<br \/>\n&#8211; Sede: Anfiteatro UCIM del Hosp Universitario \u00abGral. Calixto Garc\u00eda\u00bb<br \/>\n&#8211; Nivel: Nacional<br \/>\n&#8211; Dirigido a: Profesionales licenciados y M\u00e9dicos, T\u00e9cnicos de la Salud, estudiantes de pre y post grado de ciencias m\u00e9dicas, Trabajadores de Educaci\u00f3n para la salud<br \/>\n&#8211; Duraci\u00f3n: 4 horas.<br \/>\n&#8211; Matricula: 30 participantes.<br \/>\n&#8211; Fecha de Inicio: 17 Enero<br \/>\n&#8211; Fecha de Terminaci\u00f3n: 17 Enero<br \/>\nCoordinador: Prof. Dr. Anisio Le\u00f3n Lobeck<br \/>\nProfesor  Auxiliar e  Investigador agregado.<br \/>\nFundamentaci\u00f3n:<br \/>\nSe fundamenta en la adquisici\u00f3n de habilidades para la ejecuci\u00f3n de t\u00e9cnicas de la medicina Tradicional China para mejorar y elevar calidad de vida.<br \/>\nMediante el Automasaje pudieran resolverse muchas enfermedades del sistema osteomioarticular, Hipertensi\u00f3n Arterial, Cefaleas, Catarro, dolores generales, Estre\u00f1imiento, as\u00ed como mejorar calidad y est\u00e9tica fundamentalmente.<br \/>\nTodo est\u00e1 respaldado por Investigaciones terminadas que validan su efectividad terap\u00e9utica y desde variados perfiles profesionales.<br \/>\nObjetivo:<br \/>\n\u00e2\u20ac\u00a2\tContribuir a la ampliaci\u00f3n de los conocimientos de los profesionales de la salud para que integran su visi\u00f3n e incorporen adem\u00e1s herramientas para mejorar la calidad de vida de sus pacientes y prestadores.<br \/>\nTem\u00e1ticas:<br \/>\nTienen 3 enfoques fundamentales: 1ro. Promoci\u00f3n de Salud<br \/>\n                                                        2do. Calidad de vida<br \/>\n\t\t\t\t         3ro. Medicina Tradicional Natural<br \/>\n&#8211;\tTe\u00f3rico-practicas<br \/>\n&#8211; M\u00e9todo pedag\u00f3gico a utilizar:<br \/>\n* Expositivo, Explicativo<br \/>\n&#8211; Medios de ense\u00f1anzas:<br \/>\n* Pizarr\u00f3n, tiza<br \/>\n* L\u00e1minas y personas<br \/>\n*  Proyector de Power Point<br \/>\n*  Video Bean<br \/>\n&#8211; Evaluaci\u00f3n final: La evaluaci\u00f3n final del cursista se realizar\u00e1 mediante la escala cualitativa siguiente:<br \/>\n\u00e2\u20ac\u00a2\tExcelente<br \/>\n\u00e2\u20ac\u00a2\tBien<br \/>\n\u00e2\u20ac\u00a2\tAprobado<br \/>\n\u00e2\u20ac\u00a2\tDesaprobado<br \/>\n&#8211;\t Evaluaci\u00f3n del curso:<br \/>\n\u00e2\u20ac\u00a2\tLa evaluaci\u00f3n del curso se realizar\u00e1 mediante el empleo de PNI (Aspectos Positivos, Negativos e Interesantes de la Sesi\u00f3n de trabajo) que se reflejar\u00e1 en la relator\u00eda final que se entregue al comit\u00e9 cient\u00edfico del congreso.<br \/>\nMinicurr\u00edculum del profesor:<br \/>\n&#8211;       Prof. Dr. Anisio Le\u00f3n Lobeck. Especialista de 2do Grado de Alergia, MSc en Medicina Natural y Tradicional. Profesor Principal de Medicina Natural y Tradicional en el Instituto de Medicina Deportiva<\/p>\n","protected":false},"excerpt":{"rendered":"<p>&#8211; Especialidad: Medicina Natural y Tradicional &#8211; Tipo de Actividad: Curso Pre Congreso &#8211; Sede: Anfiteatro UCIM del Hosp Universitario \u00abGral. Calixto Garc\u00eda\u00bb &#8211; Nivel: Nacional &#8211; Dirigido a: Profesionales licenciados y M\u00e9dicos, T\u00e9cnicos de la Salud, estudiantes de pre y post grado de ciencias m\u00e9dicas, Trabajadores de Educaci\u00f3n para la salud &#8211; Duraci\u00f3n: 4 [&hellip;]<\/p>\n","protected":false},"author":57,"featured_media":0,"parent":46,"menu_order":0,"comment_status":"closed","ping_status":"closed","template":"","meta":[],"_links":{"self":[{"href":"https:\/\/promociondeeventos.sld.cu\/calixto2012\/wp-json\/wp\/v2\/pages\/232"}],"collection":[{"href":"https:\/\/promociondeeventos.sld.cu\/calixto2012\/wp-json\/wp\/v2\/pages"}],"about":[{"href":"https:\/\/promociondeeventos.sld.cu\/calixto2012\/wp-json\/wp\/v2\/types\/page"}],"author":[{"embeddable":true,"href":"https:\/\/promociondeeventos.sld.cu\/calixto2012\/wp-json\/wp\/v2\/users\/57"}],"replies":[{"embeddable":true,"href":"https:\/\/promociondeeventos.sld.cu\/calixto2012\/wp-json\/wp\/v2\/comments?post=232"}],"version-history":[{"count":0,"href":"https:\/\/promociondeeventos.sld.cu\/calixto2012\/wp-json\/wp\/v2\/pages\/232\/revisions"}],"up":[{"embeddable":true,"href":"https:\/\/promociondeeventos.sld.cu\/calixto2012\/wp-json\/wp\/v2\/pages\/46"}],"wp:attachment":[{"href":"https:\/\/promociondeeventos.sld.cu\/calixto2012\/wp-json\/wp\/v2\/media?parent=232"}],"curies":[{"name":"wp","href":"https:\/\/api.w.org\/{rel}","templated":true}]}}