{"id":231,"date":"2012-01-01T23:04:12","date_gmt":"2012-01-02T04:04:12","guid":{"rendered":"http:\/\/promociondeeventos.sld.cu\/calixto2012\/cursos-precongresos\/auriculomedicina\/"},"modified":"2012-01-01T23:04:12","modified_gmt":"2012-01-02T04:04:12","slug":"auriculomedicina","status":"publish","type":"page","link":"https:\/\/promociondeeventos.sld.cu\/calixto2012\/cursos-precongresos\/auriculomedicina\/","title":{"rendered":"Auriculomedicina"},"content":{"rendered":"<p>&#8211; Especialidad: Medicina Natural y Tradicional<br \/>\n&#8211; Tipo de Actividad: Curso Pre Congreso<br \/>\n&#8211; Sede: Anfiteatro UCIM del Hosp Universitario \u00abGral. Calixto Garc\u00eda\u00bb<br \/>\n&#8211; Nivel: Nacional<br \/>\n&#8211; Dirigido a: M\u00e9dicos y Licenciados en Enfermer\u00eda<br \/>\n&#8211; Duraci\u00f3n: 4 horas.<br \/>\n&#8211; Matricula: 30 participantes.<br \/>\n&#8211; Fecha de Inicio: 17 Enero<br \/>\n&#8211; Fecha de Terminaci\u00f3n: 17 Enero<br \/>\nCoordinador: Prof. Dr. Guillermo Beltr\u00e1n Fern\u00e1ndez<br \/>\nProfesor  Auxiliar.<br \/>\nFundamentaci\u00f3n:<br \/>\nDe acuerdo a la importancia de ampliar y profundizar los conocimientos de los profesionales de la salud sobre la Medicina Natural Tradicional y sus diferentes opciones terap\u00e9uticas para tratar diversas enfermedades se ofrece la Auriculoterapia como m\u00e9todo eficaz en la Medicina.<br \/>\nLa oreja es una extraordinaria zona corporal en la cual se refleja todo nuestro organismo de manera precisa y casi sin posibilidad de error, gracias a m\u00faltiples conexiones que en ella existen, sumamente inervadas y sensibles, y su conexi\u00f3n con el sistema nervioso central.<br \/>\nObjetivo:<br \/>\n\u00e2\u20ac\u00a2\tContribuir a la ampliaci\u00f3n de los conocimientos de los profesionales de la salud en cuanto a una modalidad terap\u00e9utica de la Medicina Natural y Tradicional con excelentes resultados integrales<br \/>\nTem\u00e1ticas:<br \/>\n1-\tHistoria<br \/>\n2-\tAspectos conceptuales.<br \/>\n3-\tAplicaci\u00f3n pr\u00e1ctica y factibilidad terap\u00e9utica.<br \/>\n&#8211; M\u00e9todo pedag\u00f3gico a utilizar:<br \/>\n* Expositivo, Explicativo<br \/>\n&#8211; Medios de ense\u00f1anzas:<br \/>\n* Pizarr\u00f3n<br \/>\n*  Proyector de Power Point<br \/>\n*  Video Bean<br \/>\n&#8211; Evaluaci\u00f3n final: La evaluaci\u00f3n final del cursista se realizar\u00e1 mediante la escala cualitativa siguiente:<br \/>\n\u00e2\u20ac\u00a2\tExcelente<br \/>\n\u00e2\u20ac\u00a2\tBien<br \/>\n\u00e2\u20ac\u00a2\tAprobado<br \/>\n\u00e2\u20ac\u00a2\tDesaprobado<br \/>\n&#8211;\t Evaluaci\u00f3n del curso:<br \/>\n\u00e2\u20ac\u00a2\tLa evaluaci\u00f3n del curso se realizar\u00e1 mediante el empleo de PNI (Aspectos Positivos, Negativos e Interesantes de la Sesi\u00f3n de trabajo) que se reflejar\u00e1 en la relator\u00eda final que se entregue al comit\u00e9 cient\u00edfico del congreso.<br \/>\nMinicurr\u00edculum del profesor:<br \/>\n&#8211;       Dr. Guillermo Beltr\u00e1n Fern\u00e1ndez, M\u00e9dico, Especialista en Administraci\u00f3n de Salud, M\u00e1ster en Medicina Natural y Tradicional, Profesor Auxiliar con m\u00e1s de 20 a\u00f1os de experiencia asistencial y docente, Jefe de la C\u00e1tedra de MNT de la Facultad \u00abCalixto Garc\u00eda\u00bb y se desempe\u00f1a en el Departamento de Medicina Natural y Tradicional del Hospital Universitario \u00abGral. Calixto Garc\u00eda\u00bb<\/p>\n","protected":false},"excerpt":{"rendered":"<p>&#8211; Especialidad: Medicina Natural y Tradicional &#8211; Tipo de Actividad: Curso Pre Congreso &#8211; Sede: Anfiteatro UCIM del Hosp Universitario \u00abGral. Calixto Garc\u00eda\u00bb &#8211; Nivel: Nacional &#8211; Dirigido a: M\u00e9dicos y Licenciados en Enfermer\u00eda &#8211; Duraci\u00f3n: 4 horas. &#8211; Matricula: 30 participantes. &#8211; Fecha de Inicio: 17 Enero &#8211; Fecha de Terminaci\u00f3n: 17 Enero Coordinador: [&hellip;]<\/p>\n","protected":false},"author":57,"featured_media":0,"parent":46,"menu_order":0,"comment_status":"closed","ping_status":"closed","template":"","meta":[],"_links":{"self":[{"href":"https:\/\/promociondeeventos.sld.cu\/calixto2012\/wp-json\/wp\/v2\/pages\/231"}],"collection":[{"href":"https:\/\/promociondeeventos.sld.cu\/calixto2012\/wp-json\/wp\/v2\/pages"}],"about":[{"href":"https:\/\/promociondeeventos.sld.cu\/calixto2012\/wp-json\/wp\/v2\/types\/page"}],"author":[{"embeddable":true,"href":"https:\/\/promociondeeventos.sld.cu\/calixto2012\/wp-json\/wp\/v2\/users\/57"}],"replies":[{"embeddable":true,"href":"https:\/\/promociondeeventos.sld.cu\/calixto2012\/wp-json\/wp\/v2\/comments?post=231"}],"version-history":[{"count":0,"href":"https:\/\/promociondeeventos.sld.cu\/calixto2012\/wp-json\/wp\/v2\/pages\/231\/revisions"}],"up":[{"embeddable":true,"href":"https:\/\/promociondeeventos.sld.cu\/calixto2012\/wp-json\/wp\/v2\/pages\/46"}],"wp:attachment":[{"href":"https:\/\/promociondeeventos.sld.cu\/calixto2012\/wp-json\/wp\/v2\/media?parent=231"}],"curies":[{"name":"wp","href":"https:\/\/api.w.org\/{rel}","templated":true}]}}