{"id":21,"date":"2011-11-23T22:12:47","date_gmt":"2011-11-24T03:12:47","guid":{"rendered":"http:\/\/promociondeeventos.sld.cu\/calixto2012\/temas-centrales-por-jornadas-medicas\/"},"modified":"2015-06-24T08:50:16","modified_gmt":"2015-06-24T13:50:16","slug":"temas-centrales-por-jornadas-medicas","status":"publish","type":"page","link":"https:\/\/promociondeeventos.sld.cu\/calixto2012\/temas-centrales-por-jornadas-medicas\/","title":{"rendered":"Temas centrales"},"content":{"rendered":"<p><strong>Jornadas M\u00e9dicas<\/strong><\/p>\n<ol>\n<li><a href=\"http:\/\/promociondeeventos.sld.cu\/calixto2012\/temas-centrales-por-jornadas-medicas\/urgencias-y-patologias-clinicas\/\">Jornada Urgencias y Patolog\u00edas Cl\u00ednicas<\/a><\/li>\n<li><a href=\"http:\/\/promociondeeventos.sld.cu\/calixto2012\/temas-centrales-por-jornadas-medicas\/oftalmologia\/\" target=\"_blank\">Jornada Oftalmolog\u00eda<\/a><\/li>\n<li><a href=\"http:\/\/promociondeeventos.sld.cu\/calixto2012\/temas-centrales-por-jornadas-medicas\/etica-medica-y-bioetica\/\" target=\"_blank\">Jornada \u00c9tica y Bio\u00e9tica<\/a><\/li>\n<li><a href=\"http:\/\/promociondeeventos.sld.cu\/calixto2012\/temas-centrales-por-jornadas-medicas\/alergia\/\">Jornada Alergia<\/a><\/li>\n<li><a href=\"http:\/\/promociondeeventos.sld.cu\/calixto2012\/temas-centrales-por-jornadas-medicas\/geriatria-y-enfermeria-gerontogeriatrica\/\" target=\"_blank\">Jornada Geriatr\u00eda<\/a><\/li>\n<li><a href=\"http:\/\/promociondeeventos.sld.cu\/calixto2012\/temas-centrales-por-jornadas-medicas\/dermatologia\/\" target=\"_blank\">Jornada Dermatolog\u00eda<\/a><\/li>\n<li>Jornada CRQ<\/li>\n<li><a href=\"http:\/\/promociondeeventos.sld.cu\/calixto2012\/temas-centrales-por-jornadas-medicas\/docencia-e-investigaviones\/\" target=\"_blank\">Jornada Docencia e Investigaci\u00f3n<\/a><\/li>\n<li>Jornada ORL<\/li>\n<li><a href=\"http:\/\/promociondeeventos.sld.cu\/calixto2012\/temas-centrales-por-jornadas-medicas\/urologia\/\" target=\"_blank\">Jornada de Urolog\u00eda<\/a><\/li>\n<li><a href=\"http:\/\/promociondeeventos.sld.cu\/calixto2012\/temas-centrales-por-jornadas-medicas\/imagenologia\/\" target=\"_blank\">Jornada Imagenolog\u00eda<\/a><\/li>\n<li><a href=\"http:\/\/promociondeeventos.sld.cu\/calixto2012\/temas-centrales-por-jornadas-medicas\/programa-cirugia-general\/\" target=\"_blank\">Jornada de Cirug\u00eda General<\/a><\/li>\n<li>Jornada M\u00e1xilofacial<\/li>\n<li><a href=\"http:\/\/promociondeeventos.sld.cu\/calixto2012\/temas-centrales-por-jornadas-medicas\/cardiologia\/\" target=\"_blank\">Jornada Cardiolog\u00eda<\/a><\/li>\n<li><a href=\"http:\/\/promociondeeventos.sld.cu\/calixto2012\/temas-centrales-por-jornadas-medicas\/de-medicina-natural-y-tradicional\/\" target=\"_blank\">Jornada MNT<\/a><\/li>\n<li><a href=\"http:\/\/promociondeeventos.sld.cu\/calixto2012\/temas-centrales-por-jornadas-medicas\/enfermeria\/\" target=\"_blank\">Jornada de Enfermer\u00eda<\/a><\/li>\n<li><a href=\"http:\/\/promociondeeventos.sld.cu\/calixto2012\/temas-centrales-por-jornadas-medicas\/medicina\/\" target=\"_blank\">Jornada Medicina<\/a><\/li>\n<li><a href=\"http:\/\/promociondeeventos.sld.cu\/calixto2012\/temas-centrales-por-jornadas-medicas\/psiquiatria\/\" target=\"_blank\">Jornada Psiquiatr\u00eda<\/a><\/li>\n<li><a href=\"http:\/\/promociondeeventos.sld.cu\/calixto2012\/temas-centrales-por-jornadas-medicas\/medios-audiovisuales\/\" target=\"_blank\">Jornada Medios Audiovisuales<\/a><\/li>\n<\/ol>\n","protected":false},"excerpt":{"rendered":"<p>Jornadas M\u00e9dicas Jornada Urgencias y Patolog\u00edas Cl\u00ednicas Jornada Oftalmolog\u00eda Jornada \u00c9tica y Bio\u00e9tica Jornada Alergia Jornada Geriatr\u00eda Jornada Dermatolog\u00eda Jornada CRQ Jornada Docencia e Investigaci\u00f3n Jornada ORL Jornada de Urolog\u00eda Jornada Imagenolog\u00eda Jornada de Cirug\u00eda General Jornada M\u00e1xilofacial Jornada Cardiolog\u00eda Jornada MNT Jornada de Enfermer\u00eda Jornada Medicina Jornada Psiquiatr\u00eda Jornada Medios Audiovisuales<\/p>\n","protected":false},"author":57,"featured_media":0,"parent":0,"menu_order":6,"comment_status":"closed","ping_status":"closed","template":"","meta":[],"_links":{"self":[{"href":"https:\/\/promociondeeventos.sld.cu\/calixto2012\/wp-json\/wp\/v2\/pages\/21"}],"collection":[{"href":"https:\/\/promociondeeventos.sld.cu\/calixto2012\/wp-json\/wp\/v2\/pages"}],"about":[{"href":"https:\/\/promociondeeventos.sld.cu\/calixto2012\/wp-json\/wp\/v2\/types\/page"}],"author":[{"embeddable":true,"href":"https:\/\/promociondeeventos.sld.cu\/calixto2012\/wp-json\/wp\/v2\/users\/57"}],"replies":[{"embeddable":true,"href":"https:\/\/promociondeeventos.sld.cu\/calixto2012\/wp-json\/wp\/v2\/comments?post=21"}],"version-history":[{"count":27,"href":"https:\/\/promociondeeventos.sld.cu\/calixto2012\/wp-json\/wp\/v2\/pages\/21\/revisions"}],"predecessor-version":[{"id":278,"href":"https:\/\/promociondeeventos.sld.cu\/calixto2012\/wp-json\/wp\/v2\/pages\/21\/revisions\/278"}],"wp:attachment":[{"href":"https:\/\/promociondeeventos.sld.cu\/calixto2012\/wp-json\/wp\/v2\/media?parent=21"}],"curies":[{"name":"wp","href":"https:\/\/api.w.org\/{rel}","templated":true}]}}