{"id":201,"date":"2011-12-27T15:16:52","date_gmt":"2011-12-27T20:16:52","guid":{"rendered":"http:\/\/promociondeeventos.sld.cu\/calixto2012\/?page_id=201"},"modified":"2011-12-27T15:16:52","modified_gmt":"2011-12-27T20:16:52","slug":"traumatologia-ocular-de-los-anexos-y-el-segmento-anterior","status":"publish","type":"page","link":"https:\/\/promociondeeventos.sld.cu\/calixto2012\/cursos-precongresos\/traumatologia-ocular-de-los-anexos-y-el-segmento-anterior\/","title":{"rendered":"Traumatolog\u00eda ocular de los anexos y el segmento anterior"},"content":{"rendered":"<p>Duraci\u00f3n en horas: 4<\/p>\n<p>Nivel de actualidad: Si<\/p>\n<p>Nivel cient\u00edfico de los profesores<strong> <\/strong><\/p>\n<p><strong>M Sc. Dra. Mar\u00eda Julia P\u00e9rez Marrero (Coordinador)<\/strong><\/p>\n<p>Master en Ciencias en Enfermedades infecciosas<\/p>\n<p>Especialista de Segundo Grado en Oftalmolog\u00eda<\/p>\n<p>Profesor Auxiliar<\/p>\n<p>Investigador agregado<\/p>\n<p>Hospital Universitario \u00abGeneral Calixto Garc\u00eda\u00bb<\/p>\n<p><strong>M Sc. Dra Sol In\u00e9s Parapar Tena<\/strong><\/p>\n<p>Master en Ciencias en Medicina Bioenerg\u00e9tica y Natural<\/p>\n<p>Especialista de 1er. Grado en Medicina General Integral y Oftalmolog\u00eda<\/p>\n<p>Asistente<\/p>\n<p>Hospital Universitario \u00abGeneral Calixto Garc\u00eda\u00bb<\/p>\n<p><strong>Dra. Arelys Ariocha Cambas Andreu<\/strong><\/p>\n<p>Especialista de 1er. Grado en Medicina General Integral y Oftalmolog\u00eda<\/p>\n<p>Asistente<\/p>\n<p>Hospital Universitario \u00abGeneral Calixto Garc\u00eda\u00bb<\/p>\n<p><strong>Dra. Niurka Mar\u00eda Vel\u00e1squez Pinillo <\/strong><\/p>\n<p>Especialista de 1er. Grado en Medicina General Integral y Oftalmolog\u00eda<\/p>\n<p>Instructor<\/p>\n<p>Hospital Universitario \u00abGeneral Calixto Garc\u00eda\u00bb<\/p>\n<p><strong>Dr. Rub\u00e9n V\u00e1zquez <\/strong><\/p>\n<p>Especialista de 1er. Grado en Medicina General Integral y Oftalmolog\u00eda<\/p>\n<p>Hospital Universitario \u00abGeneral Calixto Garc\u00eda\u00bb<\/p>\n<p><strong>Dr. Julio C\u00e9sar Gonz\u00e1lez G\u00f3mez<\/strong><\/p>\n<p>Especialista de 1er. Grado en Medicina General Integral y Oftalmolog\u00eda<\/p>\n<p>Policl\u00ednico \u00abTom\u00e1s Romay\u00bb<\/p>\n<p><strong>Fundamentaci\u00f3n:<\/strong> Este curso reviste gran importancia debido a que se abordar\u00e1 el tema de la traumatolog\u00eda ocular haciendo hincapi\u00e9 en las afecciones que con mayor frecuencia acuden a nuestro servicio de urgencia implicando a las estructuras de los anexos y el segmento anterior del globo ocular. Se expondr\u00e1n las entidades traum\u00e1ticas m\u00e1s aquejadas por nuestros pacientes en el cuerpo de guardia por subespecialidades dentro de la oftalmolog\u00eda y espec\u00edficamente las de estas estructuras. Teniendo en cuenta que este hospital es centro de referencia del trauma en la provincia necesitamos que nuestros m\u00e9dicos est\u00e9n preparados para dar la mejor atenci\u00f3n posible al trauma ocular con el fin de preservar al m\u00e1ximo el sentido de la visi\u00f3n. Se pretende contribuir al perfeccionamiento del desempe\u00f1o profesional y acad\u00e9mico y la formaci\u00f3n permanente y actualizaci\u00f3n sistem\u00e1tica de nuestros profesionales, fundamentalmente de las nuevas generaciones de oftalm\u00f3logos en la provincia y en nuestro centro, hospital insigne de la docencia y la asistencia m\u00e9dica en Cuba. Los profesores que impartir\u00e1n las diferentes actividades tienen categor\u00eda cient\u00edfica elevada.<\/p>\n<p><strong>Objetivos: <\/strong><\/p>\n<p><strong>General:<\/strong><\/p>\n<p>Contribuir a la actualizaci\u00f3n de los profesionales de la Oftalmolog\u00eda en el Hospital Universitario \u00abGeneral Calixto Garc\u00eda\u00bb y en la provincia.<\/p>\n<p><strong>Espec\u00edficos:<\/strong><\/p>\n<p>-Perfeccionar el manejo del trauma ocular por los profesionales de la Oftalmolog\u00eda en nuestro hospital y en la provincia, haciendo hincapi\u00e9 en las lesiones de los anexos y el segmento anterior del globo ocular.<\/p>\n<p>-Mejorar el desempe\u00f1o de sus actividades profesionales y acad\u00e9micas.<\/p>\n<p>-Lograr la formaci\u00f3n permanente y la actualizaci\u00f3n sistem\u00e1tica de nuestros profesionales.<\/p>\n<p>-Contribuir a aumentar la calidad de vida del paciente oftalmol\u00f3gico.<strong><\/strong><\/p>\n<p><strong>Temas Centrales:<\/strong><\/p>\n<p>-Heridas palpebrales<\/p>\n<p>-Heridas de v\u00eda lagrimal excretora<\/p>\n<p>-Quemaduras oculares<\/p>\n<p>-Heridas corn\u00e9ales<\/p>\n<p>-Trauma del cristalino<\/p>\n<p>-Hipertensi\u00f3n ocular secundaria al trauma<\/p>\n","protected":false},"excerpt":{"rendered":"<p>Duraci\u00f3n en horas: 4 Nivel de actualidad: Si Nivel cient\u00edfico de los profesores M Sc. Dra. Mar\u00eda Julia P\u00e9rez Marrero (Coordinador) Master en Ciencias en Enfermedades infecciosas Especialista de Segundo Grado en Oftalmolog\u00eda Profesor Auxiliar Investigador agregado Hospital Universitario \u00abGeneral Calixto Garc\u00eda\u00bb M Sc. Dra Sol In\u00e9s Parapar Tena Master en Ciencias en Medicina Bioenerg\u00e9tica [&hellip;]<\/p>\n","protected":false},"author":57,"featured_media":0,"parent":46,"menu_order":0,"comment_status":"closed","ping_status":"closed","template":"","meta":[],"_links":{"self":[{"href":"https:\/\/promociondeeventos.sld.cu\/calixto2012\/wp-json\/wp\/v2\/pages\/201"}],"collection":[{"href":"https:\/\/promociondeeventos.sld.cu\/calixto2012\/wp-json\/wp\/v2\/pages"}],"about":[{"href":"https:\/\/promociondeeventos.sld.cu\/calixto2012\/wp-json\/wp\/v2\/types\/page"}],"author":[{"embeddable":true,"href":"https:\/\/promociondeeventos.sld.cu\/calixto2012\/wp-json\/wp\/v2\/users\/57"}],"replies":[{"embeddable":true,"href":"https:\/\/promociondeeventos.sld.cu\/calixto2012\/wp-json\/wp\/v2\/comments?post=201"}],"version-history":[{"count":1,"href":"https:\/\/promociondeeventos.sld.cu\/calixto2012\/wp-json\/wp\/v2\/pages\/201\/revisions"}],"predecessor-version":[{"id":202,"href":"https:\/\/promociondeeventos.sld.cu\/calixto2012\/wp-json\/wp\/v2\/pages\/201\/revisions\/202"}],"up":[{"embeddable":true,"href":"https:\/\/promociondeeventos.sld.cu\/calixto2012\/wp-json\/wp\/v2\/pages\/46"}],"wp:attachment":[{"href":"https:\/\/promociondeeventos.sld.cu\/calixto2012\/wp-json\/wp\/v2\/media?parent=201"}],"curies":[{"name":"wp","href":"https:\/\/api.w.org\/{rel}","templated":true}]}}