{"id":2,"date":"2011-11-18T08:09:24","date_gmt":"2011-11-18T13:09:24","guid":{"rendered":""},"modified":"2015-06-24T08:49:41","modified_gmt":"2015-06-24T13:49:41","slug":"1-convocatoria","status":"publish","type":"page","link":"https:\/\/promociondeeventos.sld.cu\/calixto2012\/1-convocatoria\/","title":{"rendered":"Convocatoria"},"content":{"rendered":"<p style=\"text-align: center;\"><img decoding=\"async\" loading=\"lazy\" class=\"aligncenter\" alt=\"logo\" src=\"http:\/\/promociondeeventos.sld.cu\/calixto2012\/files\/2011\/11\/logo-300x153.jpg\" width=\"300\" height=\"153\" \/><\/p>\n<p align=\"center\"><strong>Convenci\u00f3n Cient\u00edfica Calixto Garc\u00eda 2012<\/strong><strong><br \/>\n<\/strong><strong>por el 116 Aniversario del<\/strong><br \/>\n<strong>Hospital Universitario \u00abGeneral Calixto Garc\u00eda\u00bb<\/strong><\/p>\n<p><span style=\"font-family: Times New Roman;\"><span style=\"font-size: medium;\">Estimados colegas y amigos:<\/span><\/span><\/p>\n<p style=\"text-align: justify;\"><span style=\"font-size: small;\"><span style=\"font-family: Times New Roman;\"><span style=\"font-size: medium;\">Como cada a\u00f1o extendemos una cordial invitaci\u00f3n a todos para participar \u00a0en la CONVENCI\u00d3N CIENT\u00cd\u008dFICA CALIXTO GARC\u00cd\u008dA 2012 que tendr\u00e1 lugar en nuestro hospital, en la cual se desarrollar\u00e1n Cursos Precongreso\u00a0 virtuales y presenciales\u00a0\u00a0 del 16 al 20 de enero\u00a0 y Jornadas de Especialidades Medicas\u00a0 del 23 al 27 de enero, nuestra instituci\u00f3n centenaria es considerada como centro insigne de la medicina cubana, que ha engendrado a profesionales de la salud de gran prestigio nacional e internacional \u00a0abre sus puertas para recibir las experiencias de la investigaci\u00f3n cient\u00edfica de todos, M\u00e9dicos, Licenciados, Enfermeras,\u00a0 T\u00e9cnicos y Estudiantes del Sector de la Salud<\/span><\/span><\/span><\/p>\n<p style=\"text-align: justify;\"><span style=\"font-family: Times New Roman;\"><span style=\"font-size: medium;\">El Comit\u00e9 Organizador se propone en este encuentro\u00a0 reunir a los m\u00e1s prestigiosos investigadores y figuras emblem\u00e1ticas de la Ciencia y la T\u00e9cnica, invitando a los Centros del Polo Cient\u00edfico para actualizarnos en los resultados m\u00e1s novedosos a nivel nacional e internacional.<\/span><\/span><\/p>\n<p style=\"text-align: justify;\"><span style=\"font-family: Times New Roman;\"><span style=\"font-size: medium;\">Esperamos \u00a0que este encuentro sea un fuerte intercambio de experiencias donde tendremos la posibilidad de fortalecer el desarrollo cient\u00edfico tecnol\u00f3gico, docente e investigativo\u00a0 para elevar la calidad de la asistencia medica y mejorar los indicadores hospitalarios y la salud de nuestra comunidad.<\/span><\/span><\/p>\n<p style=\"text-align: justify;\"><span style=\"font-family: Times New Roman;\"><span style=\"font-size: medium;\">Fraternalmente,<\/span><\/span><\/p>\n<p><span style=\"font-size: medium;\">MSc. Dr. Mario Delgado Guerra<br \/>\nDirector<br \/>\nPresidente Comit\u00e9 Organizador<\/span><\/p>\n","protected":false},"excerpt":{"rendered":"<p>Convenci\u00f3n Cient\u00edfica Calixto Garc\u00eda 2012 por el 116 Aniversario del Hospital Universitario \u00abGeneral Calixto Garc\u00eda\u00bb Estimados colegas y amigos: Como cada a\u00f1o extendemos una cordial invitaci\u00f3n a todos para participar \u00a0en la CONVENCI\u00d3N CIENT\u00cd\u008dFICA CALIXTO GARC\u00cd\u008dA 2012 que tendr\u00e1 lugar en nuestro hospital, en la cual se desarrollar\u00e1n Cursos Precongreso\u00a0 virtuales y presenciales\u00a0\u00a0 del 16 [&hellip;]<\/p>\n","protected":false},"author":57,"featured_media":0,"parent":0,"menu_order":0,"comment_status":"open","ping_status":"open","template":"","meta":[],"_links":{"self":[{"href":"https:\/\/promociondeeventos.sld.cu\/calixto2012\/wp-json\/wp\/v2\/pages\/2"}],"collection":[{"href":"https:\/\/promociondeeventos.sld.cu\/calixto2012\/wp-json\/wp\/v2\/pages"}],"about":[{"href":"https:\/\/promociondeeventos.sld.cu\/calixto2012\/wp-json\/wp\/v2\/types\/page"}],"author":[{"embeddable":true,"href":"https:\/\/promociondeeventos.sld.cu\/calixto2012\/wp-json\/wp\/v2\/users\/57"}],"replies":[{"embeddable":true,"href":"https:\/\/promociondeeventos.sld.cu\/calixto2012\/wp-json\/wp\/v2\/comments?post=2"}],"version-history":[{"count":3,"href":"https:\/\/promociondeeventos.sld.cu\/calixto2012\/wp-json\/wp\/v2\/pages\/2\/revisions"}],"predecessor-version":[{"id":276,"href":"https:\/\/promociondeeventos.sld.cu\/calixto2012\/wp-json\/wp\/v2\/pages\/2\/revisions\/276"}],"wp:attachment":[{"href":"https:\/\/promociondeeventos.sld.cu\/calixto2012\/wp-json\/wp\/v2\/media?parent=2"}],"curies":[{"name":"wp","href":"https:\/\/api.w.org\/{rel}","templated":true}]}}