{"id":197,"date":"2011-12-27T15:15:07","date_gmt":"2011-12-27T20:15:07","guid":{"rendered":"http:\/\/promociondeeventos.sld.cu\/calixto2012\/?page_id=197"},"modified":"2011-12-27T15:15:07","modified_gmt":"2011-12-27T20:15:07","slug":"actualidades-en-queratocono","status":"publish","type":"page","link":"https:\/\/promociondeeventos.sld.cu\/calixto2012\/cursos-precongresos\/actualidades-en-queratocono\/","title":{"rendered":"Actualidades en Queratocono"},"content":{"rendered":"<p><strong> <\/strong><\/p>\n<p><strong>Autores<\/strong>: Dra. Arelys\u00a0 Ariocha Cambas Andreu.<\/p>\n<p>Dra. Sol In\u00e9s Parapar Tena.<\/p>\n<p>Dra. Osirys Glez Ramos.<\/p>\n<p>Dr. Michel Almaguer Guerra.<\/p>\n<p>Dra. Carmen de Prada S\u00e1nchez.<\/p>\n<p>Dra. Celia Caraza Rdguez.<\/p>\n<p><strong>Modalidad<\/strong>: Mesa redonda<\/p>\n<p><strong>Resumen:<\/strong><\/p>\n<p>El queratocono\u00a0 es una de ectasia corneal axial de origen no inflamatorio, en el que se produce un adelgazamiento de predominio central o paracentral inferior que causa aumento progresivo de la curvatura corneal, con miop\u00eda, astigmatismo irregular y protrusi\u00f3n apical c\u00f3nica.<\/p>\n<p>Motivados por la significativa incidencia de esta patolog\u00eda en las consultas de cirug\u00eda refractiva, nos propusimos presentar una mesa redonda donde se expondr\u00e1n todos los aspectos actuales relacionados con el diagnostico, conducta\u00a0 y tratamiento de esta distrofia, insistiendo en la importancia del diagnostico precoz y particularizando la conducta en los pacientes aquejados de esta afecci\u00f3n, que\u00a0 se muestren interesados en la cirug\u00eda refractiva como alternativa de tratamiento para su ametropia.<\/p>\n","protected":false},"excerpt":{"rendered":"<p>Autores: Dra. Arelys\u00a0 Ariocha Cambas Andreu. Dra. Sol In\u00e9s Parapar Tena. Dra. Osirys Glez Ramos. Dr. Michel Almaguer Guerra. Dra. Carmen de Prada S\u00e1nchez. Dra. Celia Caraza Rdguez. Modalidad: Mesa redonda Resumen: El queratocono\u00a0 es una de ectasia corneal axial de origen no inflamatorio, en el que se produce un adelgazamiento de predominio central o [&hellip;]<\/p>\n","protected":false},"author":57,"featured_media":0,"parent":46,"menu_order":0,"comment_status":"closed","ping_status":"closed","template":"","meta":[],"_links":{"self":[{"href":"https:\/\/promociondeeventos.sld.cu\/calixto2012\/wp-json\/wp\/v2\/pages\/197"}],"collection":[{"href":"https:\/\/promociondeeventos.sld.cu\/calixto2012\/wp-json\/wp\/v2\/pages"}],"about":[{"href":"https:\/\/promociondeeventos.sld.cu\/calixto2012\/wp-json\/wp\/v2\/types\/page"}],"author":[{"embeddable":true,"href":"https:\/\/promociondeeventos.sld.cu\/calixto2012\/wp-json\/wp\/v2\/users\/57"}],"replies":[{"embeddable":true,"href":"https:\/\/promociondeeventos.sld.cu\/calixto2012\/wp-json\/wp\/v2\/comments?post=197"}],"version-history":[{"count":1,"href":"https:\/\/promociondeeventos.sld.cu\/calixto2012\/wp-json\/wp\/v2\/pages\/197\/revisions"}],"predecessor-version":[{"id":198,"href":"https:\/\/promociondeeventos.sld.cu\/calixto2012\/wp-json\/wp\/v2\/pages\/197\/revisions\/198"}],"up":[{"embeddable":true,"href":"https:\/\/promociondeeventos.sld.cu\/calixto2012\/wp-json\/wp\/v2\/pages\/46"}],"wp:attachment":[{"href":"https:\/\/promociondeeventos.sld.cu\/calixto2012\/wp-json\/wp\/v2\/media?parent=197"}],"curies":[{"name":"wp","href":"https:\/\/api.w.org\/{rel}","templated":true}]}}