{"id":169,"date":"2011-12-27T14:42:39","date_gmt":"2011-12-27T19:42:39","guid":{"rendered":"http:\/\/promociondeeventos.sld.cu\/calixto2012\/?page_id=169"},"modified":"2011-12-27T14:42:39","modified_gmt":"2011-12-27T19:42:39","slug":"salud-sexual-y-salud-mental","status":"publish","type":"page","link":"https:\/\/promociondeeventos.sld.cu\/calixto2012\/cursos-precongresos\/salud-sexual-y-salud-mental\/","title":{"rendered":"Salud  sexual y salud mental"},"content":{"rendered":"<p>Autor: Dr. CM\u00a0 Celestino\u00a0 Vasallo Mantilla<\/p>\n<p>Profesor\u00a0 De Merito &#8211; Titular \u00e2\u20ac\u201c Consultante de Psiquiatr\u00eda<\/p>\n<p>Especialista en Sexolog\u00eda Cl\u00ednica y\u00a0 Educaci\u00f3n Sexual<\/p>\n<p>Facultad de Ciencias M\u00e9dicas. \u00abGral Calixto Garc\u00eda I\u00f1iguez\u00bb\u00a0 C. Habana<\/p>\n<p>Modalidad: Curso Pre Congreso\u00a0 (4 horas).<\/p>\n<p>N\u00famero de Plazas: 20<\/p>\n<p>Medios: Computadora- Data-show.<\/p>\n<p>Email- <a href=\"mailto:celestino.vasallo@infomed.sld.cu\">celestino.vasallo@infomed.sld.cu<\/a><\/p>\n<p><strong>Introducci\u00f3n: <\/strong><\/p>\n<p>\u00abLa Salud Sexual y\u00a0 la Salud Mental\u00a0 son partes integrantes\u00a0 de la\u00a0 Salud P\u00fablica implican conocimientos biol\u00f3gicos, psicol\u00f3gicos y sociales del hombre y la mujer en su interacci\u00f3n con su Medio F\u00edsico y Social.<\/p>\n<p>La Salud Mental\u00a0 se define como la capacidad de un\u00a0 individuo para establecer relaciones armoniosas con otros y participar en modificaciones de su ambiente o de contribuir en ello de modo\u00a0 constructivo (OMS-1951).\u00a0 Las acciones\u00a0 de promoci\u00f3n de la Salud Mental, previenen\u00a0 los trastornos mentales.<\/p>\n<p>La Sexualidad es un t\u00e9rmino m\u00e1s amplio que el de Sexo .Es el resultado de las interacciones de factores biol\u00f3gicos, psicol\u00f3gicos, socioecon\u00f3micos, culturales, \u00e9ticos y religiosos \u00f3 espirituales de las relaciones entre\u00a0 los sexos.\u00a0 La Sexualidad se practica y expresa\u00a0 en todo lo que somos, sentimos, pensamos y hacemos. La\u00a0promoci\u00f3n de la\u00a0Salud Sexual\u00a0 previene los\u00a0 Trastornos\u00a0 Sexuales.<\/p>\n<p><strong>Objetivo: <\/strong><\/p>\n<p>Promover\u00a0 nuevas actitudes y conductas en relaci\u00f3n a la Salud Mental y la Sexualidad a los m\u00e9dicos, enfermeras, estudiantes.<\/p>\n<p><strong>Tem\u00e1ticas.<\/strong><\/p>\n<p>1-\u00a0\u00a0\u00a0 Conceptos b\u00e1sicos de Sexualidad.<\/p>\n<p>2-\u00a0\u00a0\u00a0 Educaci\u00f3n para la Sexualidad<\/p>\n<p>3-\u00a0\u00a0\u00a0 Diversidad Sexual<\/p>\n<p>4-\u00a0\u00a0\u00a0 La Sexualidad en las diferentes etapas de la vida<\/p>\n<p>5-\u00a0\u00a0\u00a0 Preocupaciones sobre la Salud Sexual<\/p>\n<p>6-\u00a0\u00a0\u00a0 Definici\u00f3n de Salud Mental.<\/p>\n<p>7-\u00a0\u00a0\u00a0 Promoci\u00f3n y Prevenci\u00f3n<\/p>\n<p>8-\u00a0\u00a0\u00a0 Factores de riesgo<\/p>\n<p>9-\u00a0\u00a0\u00a0 Afecciones que repercuten sobre la Salud Mental\u00a0 y Sexual<\/p>\n","protected":false},"excerpt":{"rendered":"<p>Autor: Dr. CM\u00a0 Celestino\u00a0 Vasallo Mantilla Profesor\u00a0 De Merito &#8211; Titular \u00e2\u20ac\u201c Consultante de Psiquiatr\u00eda Especialista en Sexolog\u00eda Cl\u00ednica y\u00a0 Educaci\u00f3n Sexual Facultad de Ciencias M\u00e9dicas. \u00abGral Calixto Garc\u00eda I\u00f1iguez\u00bb\u00a0 C. Habana Modalidad: Curso Pre Congreso\u00a0 (4 horas). N\u00famero de Plazas: 20 Medios: Computadora- Data-show. Email- celestino.vasallo@infomed.sld.cu Introducci\u00f3n: \u00abLa Salud Sexual y\u00a0 la Salud Mental\u00a0 [&hellip;]<\/p>\n","protected":false},"author":57,"featured_media":0,"parent":46,"menu_order":0,"comment_status":"closed","ping_status":"closed","template":"","meta":[],"_links":{"self":[{"href":"https:\/\/promociondeeventos.sld.cu\/calixto2012\/wp-json\/wp\/v2\/pages\/169"}],"collection":[{"href":"https:\/\/promociondeeventos.sld.cu\/calixto2012\/wp-json\/wp\/v2\/pages"}],"about":[{"href":"https:\/\/promociondeeventos.sld.cu\/calixto2012\/wp-json\/wp\/v2\/types\/page"}],"author":[{"embeddable":true,"href":"https:\/\/promociondeeventos.sld.cu\/calixto2012\/wp-json\/wp\/v2\/users\/57"}],"replies":[{"embeddable":true,"href":"https:\/\/promociondeeventos.sld.cu\/calixto2012\/wp-json\/wp\/v2\/comments?post=169"}],"version-history":[{"count":1,"href":"https:\/\/promociondeeventos.sld.cu\/calixto2012\/wp-json\/wp\/v2\/pages\/169\/revisions"}],"predecessor-version":[{"id":170,"href":"https:\/\/promociondeeventos.sld.cu\/calixto2012\/wp-json\/wp\/v2\/pages\/169\/revisions\/170"}],"up":[{"embeddable":true,"href":"https:\/\/promociondeeventos.sld.cu\/calixto2012\/wp-json\/wp\/v2\/pages\/46"}],"wp:attachment":[{"href":"https:\/\/promociondeeventos.sld.cu\/calixto2012\/wp-json\/wp\/v2\/media?parent=169"}],"curies":[{"name":"wp","href":"https:\/\/api.w.org\/{rel}","templated":true}]}}