{"id":16,"date":"2011-11-23T11:05:59","date_gmt":"2011-11-23T16:05:59","guid":{"rendered":"http:\/\/promociondeeventos.sld.cu\/calixto2012\/?page_id=16"},"modified":"2011-11-24T19:55:02","modified_gmt":"2011-11-25T00:55:02","slug":"comite-cientifico","status":"publish","type":"page","link":"https:\/\/promociondeeventos.sld.cu\/calixto2012\/comite-cientifico\/","title":{"rendered":"Comit\u00e9 Cient\u00edfico"},"content":{"rendered":"<ul>\n<li>Dr.C Jorge Abraham Arab<\/li>\n<li>Dra. Ileana Cabrera Rojo<\/li>\n<li>Dra. Daisy Contreras Duvergel<\/li>\n<li>Dra. Ver\u00f3nica Mauri Alvarez<\/li>\n<li>Dr.  Juan Miguel D\u00edaz Quesada<\/li>\n<li>Dra. \u00c1ngeles Vald\u00e9s Petit\u00f3n<\/li>\n<li>Dr.  Jos\u00e9 Lara Tu\u00f1on<\/li>\n<li>Dr.  Humberto C\u00edvico Quintero<\/li>\n<li>Dr.  Jos\u00e9 Manuel  River\u00f3n Gonz\u00e1lez<\/li>\n<li>Dr.  Jos\u00e9 Mario S\u00e1nchez Miranda<\/li>\n<li>Dra. Mayra S\u00e1nchez Le\u00f3n<\/li>\n<li>Dr.  Alberto C\u00e1rdenas<\/li>\n<li>Dra. Mirta Alvarez Castell\u00f3 <\/li>\n<\/ul>\n","protected":false},"excerpt":{"rendered":"<p>Dr.C Jorge Abraham Arab Dra. Ileana Cabrera Rojo Dra. Daisy Contreras Duvergel Dra. Ver\u00f3nica Mauri Alvarez Dr. Juan Miguel D\u00edaz Quesada Dra. \u00c1ngeles Vald\u00e9s Petit\u00f3n Dr. Jos\u00e9 Lara Tu\u00f1on Dr. Humberto C\u00edvico Quintero Dr. Jos\u00e9 Manuel River\u00f3n Gonz\u00e1lez Dr. Jos\u00e9 Mario S\u00e1nchez Miranda Dra. Mayra S\u00e1nchez Le\u00f3n Dr. Alberto C\u00e1rdenas Dra. Mirta Alvarez Castell\u00f3<\/p>\n","protected":false},"author":57,"featured_media":0,"parent":0,"menu_order":4,"comment_status":"closed","ping_status":"closed","template":"","meta":[],"_links":{"self":[{"href":"https:\/\/promociondeeventos.sld.cu\/calixto2012\/wp-json\/wp\/v2\/pages\/16"}],"collection":[{"href":"https:\/\/promociondeeventos.sld.cu\/calixto2012\/wp-json\/wp\/v2\/pages"}],"about":[{"href":"https:\/\/promociondeeventos.sld.cu\/calixto2012\/wp-json\/wp\/v2\/types\/page"}],"author":[{"embeddable":true,"href":"https:\/\/promociondeeventos.sld.cu\/calixto2012\/wp-json\/wp\/v2\/users\/57"}],"replies":[{"embeddable":true,"href":"https:\/\/promociondeeventos.sld.cu\/calixto2012\/wp-json\/wp\/v2\/comments?post=16"}],"version-history":[{"count":3,"href":"https:\/\/promociondeeventos.sld.cu\/calixto2012\/wp-json\/wp\/v2\/pages\/16\/revisions"}],"predecessor-version":[{"id":39,"href":"https:\/\/promociondeeventos.sld.cu\/calixto2012\/wp-json\/wp\/v2\/pages\/16\/revisions\/39"}],"wp:attachment":[{"href":"https:\/\/promociondeeventos.sld.cu\/calixto2012\/wp-json\/wp\/v2\/media?parent=16"}],"curies":[{"name":"wp","href":"https:\/\/api.w.org\/{rel}","templated":true}]}}