{"id":158,"date":"2011-12-27T14:28:48","date_gmt":"2011-12-27T19:28:48","guid":{"rendered":"http:\/\/promociondeeventos.sld.cu\/calixto2012\/?page_id=158"},"modified":"2011-12-27T14:28:48","modified_gmt":"2011-12-27T19:28:48","slug":"lesiones-complejas-en-el-trauma","status":"publish","type":"page","link":"https:\/\/promociondeeventos.sld.cu\/calixto2012\/cursos-precongresos\/lesiones-complejas-en-el-trauma\/","title":{"rendered":"Lesiones complejas en el trauma."},"content":{"rendered":"<p><strong>Duraci\u00f3n: 2 d\u00edas.<\/strong><\/p>\n<p><strong>Coordinador y Profesora principal: Profesora Martha Esther Larrea Fabra.<\/strong><\/p>\n<p><strong>Objetivos: <\/strong><\/p>\n<p>Actualizar los criterios sobre la atenci\u00f3n al traumatizado complejo. Dirigido a m\u00e9dicos de la atenci\u00f3n primaria y secundaria, de las especialidades quir\u00fargicas, de emergencias y cuidados cr\u00edticos.<\/p>\n<p><strong>Total de cursistas: 50.<\/strong><\/p>\n<p><strong>Temas que se impartir\u00e1n:\u00a0\u00a0 \u00a0\u00a0\u00a0\u00a0\u00a0\u00a0\u00a0\u00a0\u00a0\u00a0\u00a0\u00a0\u00a0\u00a0\u00a0\u00a0\u00a0\u00a0\u00a0\u00a0\u00a0\u00a0\u00a0\u00a0\u00a0\u00a0\u00a0\u00a0\u00a0\u00a0\u00a0\u00a0\u00a0\u00a0\u00a0\u00a0\u00a0\u00a0\u00a0\u00a0 Profesor:<\/strong><\/p>\n<p>&#8211; Manejo del lesionado complejo. Generalidades.\u00a0\u00a0\u00a0\u00a0\u00a0\u00a0\u00a0\u00a0\u00a0 \u00a0\u00a0\u00a0\u00a0\u00a0\u00a0\u00a0\u00a0\u00a0\u00a0\u00a0\u00a0\u00a0\u00a0M. Larrea<\/p>\n<p>&#8211; Trauma craneoencef\u00e1lico: lesiones con efecto de masa.\u00a0\u00a0\u00a0\u00a0\u00a0\u00a0\u00a0\u00a0\u00a0 R. Challoux<\/p>\n<p>-Contusi\u00f3n pulmonar.\u00a0\u00a0\u00a0\u00a0\u00a0\u00a0\u00a0\u00a0\u00a0\u00a0\u00a0\u00a0\u00a0\u00a0\u00a0\u00a0\u00a0\u00a0\u00a0\u00a0\u00a0\u00a0\u00a0\u00a0\u00a0\u00a0\u00a0\u00a0\u00a0\u00a0\u00a0\u00a0\u00a0\u00a0\u00a0\u00a0\u00a0\u00a0\u00a0\u00a0\u00a0\u00a0\u00a0\u00a0\u00a0\u00a0\u00a0\u00a0\u00a0\u00a0\u00a0\u00a0\u00a0\u00a0\u00a0\u00a0\u00a0\u00a0\u00a0\u00a0\u00a0\u00a0\u00a0\u00a0\u00a0\u00a0 A. Gonz\u00e1lez<\/p>\n<p>-Cuidados intensivos<\/p>\n<p>en los traumas cr\u00e1neo- encef\u00e1licos.\u00a0\u00a0\u00a0\u00a0\u00a0\u00a0\u00a0\u00a0\u00a0\u00a0\u00a0\u00a0\u00a0\u00a0\u00a0\u00a0\u00a0\u00a0\u00a0\u00a0\u00a0\u00a0\u00a0\u00a0\u00a0\u00a0\u00a0\u00a0\u00a0\u00a0\u00a0\u00a0\u00a0\u00a0\u00a0\u00a0\u00a0\u00a0\u00a0\u00a0\u00a0\u00a0\u00a0\u00a0 A. Gonz\u00e1lez<\/p>\n<p>-Exsanguinaci\u00f3n: a) lesiones vasculares.\u00a0\u00a0\u00a0\u00a0\u00a0\u00a0\u00a0\u00a0\u00a0\u00a0\u00a0\u00a0\u00a0\u00a0\u00a0\u00a0\u00a0\u00a0\u00a0\u00a0\u00a0\u00a0\u00a0\u00a0\u00a0\u00a0\u00a0\u00a0\u00a0\u00a0\u00a0\u00a0\u00a0\u00a0\u00a0\u00a0 M. Larrea<\/p>\n<p>b) lesiones de \u00f3rganos vitales.\u00a0\u00a0\u00a0\u00a0\u00a0\u00a0\u00a0\u00a0\u00a0\u00a0\u00a0\u00a0\u00a0\u00a0\u00a0\u00a0\u00a0\u00a0\u00a0\u00a0\u00a0\u00a0\u00a0\u00a0\u00a0\u00a0\u00a0\u00a0\u00a0\u00a0\u00a0\u00a0\u00a0\u00a0\u00a0\u00a0\u00a0\u00a0\u00a0\u00a0\u00a0\u00a0\u00a0 \u00a0\u00a0\u00a0\u00a0\u00a0\u00a0\u00a0\u00a0\u00a0\u00a0M. Larrea<\/p>\n<p>c) lesiones de v\u00edsceras macizas.\u00a0\u00a0\u00a0\u00a0\u00a0\u00a0\u00a0\u00a0\u00a0\u00a0\u00a0\u00a0\u00a0\u00a0\u00a0\u00a0\u00a0\u00a0\u00a0\u00a0\u00a0\u00a0\u00a0\u00a0\u00a0\u00a0\u00a0\u00a0\u00a0\u00a0\u00a0\u00a0\u00a0\u00a0\u00a0\u00a0\u00a0\u00a0\u00a0\u00a0\u00a0\u00a0\u00a0\u00a0\u00a0\u00a0\u00a0\u00a0\u00a0\u00a0 M. Larrea<\/p>\n<p>-T\u00f3rax Batiente.\u00a0\u00a0\u00a0\u00a0\u00a0\u00a0\u00a0\u00a0\u00a0\u00a0\u00a0\u00a0\u00a0\u00a0\u00a0\u00a0\u00a0\u00a0\u00a0\u00a0\u00a0\u00a0\u00a0\u00a0\u00a0\u00a0\u00a0\u00a0\u00a0\u00a0\u00a0\u00a0\u00a0\u00a0\u00a0\u00a0\u00a0\u00a0\u00a0\u00a0\u00a0\u00a0\u00a0\u00a0\u00a0\u00a0\u00a0\u00a0\u00a0\u00a0\u00a0\u00a0\u00a0\u00a0\u00a0\u00a0\u00a0\u00a0\u00a0\u00a0\u00a0\u00a0\u00a0\u00a0\u00a0\u00a0\u00a0\u00a0\u00a0\u00a0\u00a0\u00a0\u00a0\u00a0\u00a0\u00a0 R. M\u00e9ndez<\/p>\n<p>-Perforaci\u00f3n esof\u00e1gica.\u00a0\u00a0\u00a0\u00a0\u00a0\u00a0\u00a0\u00a0\u00a0\u00a0\u00a0\u00a0\u00a0\u00a0\u00a0\u00a0\u00a0\u00a0\u00a0\u00a0\u00a0\u00a0\u00a0\u00a0\u00a0\u00a0\u00a0\u00a0\u00a0\u00a0\u00a0\u00a0\u00a0\u00a0\u00a0\u00a0\u00a0\u00a0\u00a0\u00a0\u00a0\u00a0\u00a0\u00a0\u00a0\u00a0\u00a0\u00a0\u00a0\u00a0\u00a0\u00a0\u00a0\u00a0\u00a0\u00a0\u00a0\u00a0\u00a0\u00a0\u00a0\u00a0\u00a0\u00a0\u00a0 R. Lujan<\/p>\n<p>&#8211; Cuidados intensivos en los traumatizados:<\/p>\n<p>a) tor\u00e1cicos,\u00a0\u00a0\u00a0\u00a0\u00a0\u00a0\u00a0\u00a0\u00a0\u00a0\u00a0\u00a0\u00a0\u00a0\u00a0\u00a0\u00a0\u00a0\u00a0\u00a0\u00a0\u00a0\u00a0\u00a0\u00a0\u00a0\u00a0\u00a0\u00a0\u00a0\u00a0\u00a0\u00a0\u00a0\u00a0\u00a0\u00a0\u00a0\u00a0\u00a0\u00a0\u00a0\u00a0\u00a0\u00a0\u00a0\u00a0\u00a0\u00a0\u00a0\u00a0\u00a0\u00a0\u00a0\u00a0\u00a0\u00a0\u00a0\u00a0\u00a0\u00a0\u00a0\u00a0\u00a0\u00a0\u00a0\u00a0\u00a0\u00a0\u00a0\u00a0\u00a0\u00a0\u00a0\u00a0\u00a0\u00a0\u00a0\u00a0\u00a0\u00a0\u00a0 L. Guti\u00e9rrez<\/p>\n<p>b) abdominales.\u00a0\u00a0\u00a0\u00a0\u00a0\u00a0\u00a0\u00a0\u00a0\u00a0\u00a0\u00a0\u00a0\u00a0\u00a0\u00a0\u00a0\u00a0\u00a0\u00a0\u00a0\u00a0\u00a0\u00a0\u00a0\u00a0\u00a0\u00a0\u00a0\u00a0\u00a0\u00a0\u00a0\u00a0\u00a0\u00a0\u00a0\u00a0\u00a0\u00a0\u00a0\u00a0\u00a0\u00a0\u00a0\u00a0\u00a0\u00a0\u00a0\u00a0\u00a0\u00a0\u00a0\u00a0\u00a0\u00a0\u00a0\u00a0\u00a0\u00a0\u00a0\u00a0\u00a0\u00a0\u00a0\u00a0\u00a0\u00a0\u00a0\u00a0\u00a0\u00a0\u00a0\u00a0\u00a0\u00a0 L. Guti\u00e9rrez<\/p>\n<p>-Hemorragia retroperitoneal.\u00a0\u00a0\u00a0\u00a0\u00a0\u00a0\u00a0\u00a0\u00a0\u00a0\u00a0\u00a0\u00a0\u00a0\u00a0\u00a0\u00a0\u00a0\u00a0\u00a0\u00a0\u00a0\u00a0\u00a0\u00a0\u00a0\u00a0\u00a0\u00a0\u00a0\u00a0\u00a0\u00a0\u00a0\u00a0\u00a0\u00a0\u00a0\u00a0\u00a0\u00a0\u00a0\u00a0\u00a0\u00a0\u00a0\u00a0\u00a0\u00a0\u00a0\u00a0\u00a0\u00a0\u00a0\u00a0\u00a0 JA. Socarras<\/p>\n<p>-Peritonitis en el trauma.\u00a0\u00a0\u00a0\u00a0\u00a0\u00a0\u00a0\u00a0\u00a0\u00a0\u00a0\u00a0\u00a0\u00a0\u00a0\u00a0\u00a0\u00a0\u00a0 \u00a0\u00a0\u00a0\u00a0\u00a0\u00a0\u00a0\u00a0\u00a0\u00a0\u00a0\u00a0\u00a0\u00a0\u00a0\u00a0\u00a0\u00a0\u00a0\u00a0\u00a0\u00a0\u00a0\u00a0\u00a0\u00a0\u00a0\u00a0\u00a0\u00a0\u00a0\u00a0\u00a0\u00a0\u00a0\u00a0\u00a0\u00a0\u00a0\u00a0\u00a0\u00a0\u00a0\u00a0R. M\u00e9ndez<\/p>\n<p>-Lesiones y desgarros perineales.\u00a0\u00a0\u00a0\u00a0\u00a0\u00a0\u00a0\u00a0\u00a0\u00a0\u00a0\u00a0\u00a0\u00a0\u00a0\u00a0\u00a0\u00a0\u00a0\u00a0\u00a0\u00a0\u00a0\u00a0\u00a0\u00a0\u00a0\u00a0\u00a0\u00a0\u00a0\u00a0\u00a0\u00a0\u00a0\u00a0\u00a0\u00a0\u00a0\u00a0\u00a0\u00a0\u00a0\u00a0\u00a0\u00a0\u00a0\u00a0 A. Camilo<\/p>\n<p>-Fracturas de pelvis.\u00a0\u00a0\u00a0\u00a0\u00a0\u00a0\u00a0\u00a0\u00a0\u00a0\u00a0\u00a0\u00a0\u00a0\u00a0\u00a0\u00a0\u00a0\u00a0\u00a0\u00a0\u00a0\u00a0\u00a0\u00a0\u00a0\u00a0\u00a0\u00a0\u00a0\u00a0\u00a0\u00a0\u00a0\u00a0\u00a0\u00a0\u00a0\u00a0\u00a0\u00a0\u00a0\u00a0\u00a0\u00a0\u00a0\u00a0\u00a0\u00a0\u00a0\u00a0\u00a0\u00a0\u00a0\u00a0\u00a0\u00a0\u00a0\u00a0\u00a0\u00a0\u00a0\u00a0\u00a0\u00a0\u00a0\u00a0\u00a0\u00a0\u00a0 J. Yanes<\/p>\n<p>-Fracturas de huesos largos.\u00a0\u00a0\u00a0\u00a0\u00a0\u00a0\u00a0\u00a0\u00a0\u00a0\u00a0\u00a0\u00a0\u00a0\u00a0\u00a0\u00a0\u00a0\u00a0\u00a0\u00a0\u00a0\u00a0\u00a0\u00a0\u00a0\u00a0\u00a0\u00a0\u00a0\u00a0\u00a0\u00a0\u00a0\u00a0\u00a0\u00a0\u00a0\u00a0\u00a0\u00a0\u00a0\u00a0\u00a0\u00a0\u00a0\u00a0\u00a0\u00a0\u00a0\u00a0\u00a0\u00a0\u00a0\u00a0\u00a0\u00a0 J. Yanes<\/p>\n<p>-S\u00edndrome compartimental:a) de grandes cavidades\u00a0\u00a0\u00a0\u00a0\u00a0\u00a0\u00a0\u00a0\u00a0\u00a0\u00a0\u00a0\u00a0\u00a0\u00a0\u00a0\u00a0\u00a0\u00a0 M. Guzm\u00e1n<\/p>\n<p>b) de miembros.\u00a0\u00a0\u00a0\u00a0\u00a0\u00a0\u00a0\u00a0\u00a0\u00a0\u00a0\u00a0\u00a0\u00a0\u00a0\u00a0\u00a0\u00a0\u00a0\u00a0\u00a0\u00a0\u00a0\u00a0\u00a0\u00a0\u00a0\u00a0\u00a0\u00a0\u00a0\u00a0\u00a0\u00a0\u00a0\u00a0\u00a0\u00a0\u00a0\u00a0\u00a0\u00a0\u00a0\u00a0\u00a0\u00a0\u00a0\u00a0\u00a0\u00a0\u00a0\u00a0\u00a0\u00a0\u00a0\u00a0\u00a0\u00a0\u00a0\u00a0\u00a0\u00a0\u00a0\u00a0\u00a0\u00a0\u00a0\u00a0\u00a0\u00a0\u00a0 \u00a0\u00a0\u00a0\u00a0\u00a0M. Guzm\u00e1n<\/p>\n<p>&#8211; Nutrici\u00f3n y trauma.\u00a0\u00a0\u00a0\u00a0\u00a0\u00a0\u00a0\u00a0\u00a0\u00a0\u00a0\u00a0\u00a0\u00a0\u00a0\u00a0\u00a0\u00a0\u00a0\u00a0\u00a0\u00a0\u00a0\u00a0\u00a0\u00a0\u00a0\u00a0\u00a0\u00a0\u00a0\u00a0\u00a0\u00a0\u00a0\u00a0\u00a0\u00a0\u00a0\u00a0\u00a0\u00a0\u00a0\u00a0\u00a0\u00a0\u00a0\u00a0\u00a0\u00a0\u00a0\u00a0\u00a0\u00a0\u00a0\u00a0\u00a0\u00a0\u00a0\u00a0\u00a0\u00a0\u00a0\u00a0\u00a0\u00a0\u00a0\u00a0\u00a0\u00a0 C. G\u00f3mez<\/p>\n<p>&#8211; Coloquio para intercambio de opiniones, aportes, dudas, preguntas, entre cursistas y ponentes al final del segundo d\u00eda.<\/p>\n<p><strong>Profesores con sus minicurriculums:<\/strong><\/p>\n<p>-Dra. C, MSc. Martha Esther Larrea Fabra. Especialista de primero y segundo grado en Cirug\u00eda General. Profesora titular y consultante de Cirug\u00eda general, Investigadora titular. Hospital \u00abGeneral Calixto Garcia\u00bb. Trabajos cient\u00edficos presentados: 150. Cursos impartidos: 55 Cursos recibidos: 30. Publicaciones: 49. Miembro de la Junta de Gobierno de la Sociedad Cubana de Cirug\u00eda. Internacionalista.<\/p>\n<p>-Dr. C Roberto M\u00e9ndez Catasus. Especialista de primero y segundo grado en Cirugia General. Profesor titular y consultante. Coronel retirado de las FAR, Hospital \u00abCarlos J. Finlay\u00bb. Miembro del grupo nacional de Cirug\u00eda. Trabajos cient\u00edficos: 170. Cursos impartidos: 60. Cursos recibidos: 30. Publicaciones: 50.Internacionalista.<\/p>\n<p>-Dra. C, MSc. Luisa Guti\u00e9rrez Guti\u00e9rrez. Especialista de primer grado en Anestesiologia. Especialista de 2<sup>do <\/sup>grado en Medicina Intensiva y Emergencias. Profesor Titular. Hospital \u00abCarlos J. Finlay\u00bb. Trabajos cient\u00edficos: 100.Cursos impartidos: 60. Cursos recibidos: 25. Publicaciones: 25. Internacionalista.<\/p>\n<p>-Dr. Armando Gonz\u00e1lez Rivera. Especialista de primer grado en Medicina. Especialista de segundo grado en Medicina Intensiva y Emergencias. Profesor Auxiliar. Hospital \u00abGeneral Calixto Garc\u00eda\u00bb. Trabajos cient\u00edficos; 150. Cursos impartidos: 73. Cursos recibidos: 45. Publicaciones: 33. Internacionalista.<\/p>\n<p>-Dr. MSc.\u00a0 Andr\u00e9s Camilo Ram\u00edrez. Especialista de primer grado de Cirug\u00eda General. Asistente. Jefe del Servicio de Trauma del Hospital Militar \u00abCarlos J. Finlay\u00bb. Presidente de la Secci\u00f3n de Trauma de la Sociedad Cubana de Cirug\u00eda. Trabajos cient\u00edficos: 55. Cursos impartidos: 25. Cursos recibidos: 15.Publicaciones: 20. Internacionalista.<\/p>\n<p>-Dr. MSc. Jorge Luis Yanes Rodr\u00edguez. Especialista de primer grado en Ortopedia. Asistente. Hospital \u00e2\u20ac\u02dc General Calixto Garc\u00eda\u00bb. Trabajos cient\u00edficos: 15. Cursos impartidos: 5. Cursos recibidos: 12. Publicaciones: 4. Internacionalista.<\/p>\n<p>-Dr. Ram\u00f3n Lujan Coley. Especialista de primer grado en Cirug\u00eda General. Asistente. Hospita l\u00bbGeneral Calixto Garc\u00eda\u00bb. Trabajos cient\u00edficos: 40. Cursos impartidos: 13. Cursos recibidos: 10. Publicaciones: 3. Internacionalista.<\/p>\n<p>-Dr. Misael Guzm\u00e1n N\u00e1poles. Especialista de primer grado en Cirug\u00eda General. Instructor. Hospital \u00abGeneral Calixto Garc\u00eda\u00bb. Trabajos cient\u00edficos: 16. Cursos impartidos: 5 .Cursos recibidos: 12. Publicaciones: 3.Internacionalista. Brigada Henry Reeve.<\/p>\n<p>-Dr. Jos\u00e9 A. Socarr\u00e1s Tirador. Especialista de primer grado en Cirug\u00eda General. Instructor. Hospital \u00abGeneral Calixto Garc\u00eda\u00bb. Trabajos cient\u00edficos: 18. Cursos impartidos: 4. Cursos recibidos: 12.Internacionalista.<\/p>\n<p>-Dr. Reynaldo Challoux\u00a0 Quiala. Especialista de primer grado en Neurocirug\u00eda. Hospital\u00bbGeneral Calixto Garc\u00eda\u00bb. Trabajos cient\u00edficos: 30. Cursos impartidos: 14. Cursos recibidos: 20. Publicaciones: 10. Internacionalista.<\/p>\n<p>-Dra. MsC. Carmen Sarah G\u00f3mez Hern\u00e1ndez. Instructora. Especialista de primer grado de Medicina Interna. Diplomada en Cuidados Intensivos y en Nutrici\u00f3n. Trabajos cient\u00edficos: 120. Cursos impartidos: 50. Cursos recibidos: 20. Publicaciones: 12.<\/p>\n","protected":false},"excerpt":{"rendered":"<p>Duraci\u00f3n: 2 d\u00edas. Coordinador y Profesora principal: Profesora Martha Esther Larrea Fabra. Objetivos: Actualizar los criterios sobre la atenci\u00f3n al traumatizado complejo. Dirigido a m\u00e9dicos de la atenci\u00f3n primaria y secundaria, de las especialidades quir\u00fargicas, de emergencias y cuidados cr\u00edticos. Total de cursistas: 50. Temas que se impartir\u00e1n:\u00a0\u00a0 \u00a0\u00a0\u00a0\u00a0\u00a0\u00a0\u00a0\u00a0\u00a0\u00a0\u00a0\u00a0\u00a0\u00a0\u00a0\u00a0\u00a0\u00a0\u00a0\u00a0\u00a0\u00a0\u00a0\u00a0\u00a0\u00a0\u00a0\u00a0\u00a0\u00a0\u00a0\u00a0\u00a0\u00a0\u00a0\u00a0\u00a0\u00a0\u00a0\u00a0 Profesor: &#8211; Manejo del lesionado complejo. [&hellip;]<\/p>\n","protected":false},"author":57,"featured_media":0,"parent":46,"menu_order":0,"comment_status":"closed","ping_status":"closed","template":"","meta":[],"_links":{"self":[{"href":"https:\/\/promociondeeventos.sld.cu\/calixto2012\/wp-json\/wp\/v2\/pages\/158"}],"collection":[{"href":"https:\/\/promociondeeventos.sld.cu\/calixto2012\/wp-json\/wp\/v2\/pages"}],"about":[{"href":"https:\/\/promociondeeventos.sld.cu\/calixto2012\/wp-json\/wp\/v2\/types\/page"}],"author":[{"embeddable":true,"href":"https:\/\/promociondeeventos.sld.cu\/calixto2012\/wp-json\/wp\/v2\/users\/57"}],"replies":[{"embeddable":true,"href":"https:\/\/promociondeeventos.sld.cu\/calixto2012\/wp-json\/wp\/v2\/comments?post=158"}],"version-history":[{"count":1,"href":"https:\/\/promociondeeventos.sld.cu\/calixto2012\/wp-json\/wp\/v2\/pages\/158\/revisions"}],"predecessor-version":[{"id":159,"href":"https:\/\/promociondeeventos.sld.cu\/calixto2012\/wp-json\/wp\/v2\/pages\/158\/revisions\/159"}],"up":[{"embeddable":true,"href":"https:\/\/promociondeeventos.sld.cu\/calixto2012\/wp-json\/wp\/v2\/pages\/46"}],"wp:attachment":[{"href":"https:\/\/promociondeeventos.sld.cu\/calixto2012\/wp-json\/wp\/v2\/media?parent=158"}],"curies":[{"name":"wp","href":"https:\/\/api.w.org\/{rel}","templated":true}]}}