{"id":141,"date":"2011-12-27T13:59:43","date_gmt":"2011-12-27T18:59:43","guid":{"rendered":"http:\/\/promociondeeventos.sld.cu\/calixto2012\/?page_id=141"},"modified":"2011-12-27T13:59:43","modified_gmt":"2011-12-27T18:59:43","slug":"urologia","status":"publish","type":"page","link":"https:\/\/promociondeeventos.sld.cu\/calixto2012\/temas-centrales-por-jornadas-medicas\/urologia\/","title":{"rendered":"Urolog\u00eda"},"content":{"rendered":"<p><strong> <\/strong><\/p>\n<p style=\"text-align: center\"><strong><span style=\"color: #0000ff\">Programa cient\u00edfico<\/span><\/strong><\/p>\n<p><strong>Sesi\u00f3n de la Ma\u00f1ana<\/strong><\/p>\n<p><strong>Presidente:<\/strong> Carina Salgado Reyes<\/p>\n<p><strong>Secretario:<\/strong> Usbail Santana P\u00e9rez<\/p>\n<p><strong>Vocal:<\/strong> Dra. Deisy Blanco Borrero<\/p>\n<p>9.00-10.30 Mesa Redonda<\/p>\n<p>Manejo del c\u00e1ncer renal. Nuevas dianas terap\u00e9uticas.<\/p>\n<p>Coordinador. Dr. Antonio Bouz\u00f3<\/p>\n<p>Ponentes.<\/p>\n<p>10.30-11 am Receso<\/p>\n<p>11.00 &#8211; 11.50 Manejo m\u00ednimamente invasivo del c\u00e1ncer renal<\/p>\n<p>Dra.C. Tania Gonz\u00e1lez Le\u00f3n<\/p>\n<p>11.50-12m Aplicaci\u00f3n del algoritmo de tratamiento en el c\u00e1ncer prost\u00e1tico, Hospital Calixto Garc\u00eda. Tema Libre<\/p>\n<p>Dr. Carina Salgado Reyes<\/p>\n<p>Dra. MSc. Daisy Maria Contreras Duverger<\/p>\n<p>12.00-12.10 Litotricia extracorporia. Nuestra Experiencia. Tema Libre<\/p>\n<p>DR. Juan Pablo Gurri Fuentes<\/p>\n<p>12.10-12.20 Ureterolitotom\u00eda Lumbosc\u00f3pica. Resultados de sui aplicaci\u00f3n en el centro nacional de cirug\u00eda de m\u00ednimo acceso. Tema Libre<\/p>\n<p>Dra. Yaimara Cuza Herrera<\/p>\n<p>12.20-12.30 Carcinoma de c\u00e9lulas renales. Presentaci\u00f3n de un caso<\/p>\n<p>Dr. Usbail Santana P\u00e9rez<\/p>\n<p>12.30-12.40\u00a0\u00a0\u00a0\u00a0\u00a0\u00a0\u00a0\u00a0 Reimplantaci\u00f3n ureteral laparosc\u00f3pica en las lesiones quir\u00fargicas del ur\u00e9ter inferior. Tema Libre<\/p>\n<p>Dra. Yarumi Ochoa Gibert<\/p>\n<p>12.40-12.50\u00a0\u00a0\u00a0\u00a0 Tratamiento m\u00e9dico del trauma renal. Tema Libre<\/p>\n<p>Dra. Isandry Llerena V\u00e1zquez<\/p>\n<p>12.50.1.00 pm Bacilo del Calmette Guerin como tratamiento adyuvante en la neoplasia vesical superficial. Tema Libre<\/p>\n<p>Dr. Deisy Blanco Borrero<\/p>\n<p>1.00-2.00 Almuerzo<\/p>\n<p><strong>Sesi\u00f3n de la Tarde<\/strong><\/p>\n<p><strong>Presidente:<\/strong> Dr. Juan Pablo Gurri Fuentes<\/p>\n<p><strong>Secretario:<\/strong> Dra. Vilma Reyes Bravo<\/p>\n<p><strong>Vocal:<\/strong> Dra. Yaimara Cuza Herrera<\/p>\n<p>2.00-4.00pm <strong>Discusi\u00f3n de P\u00f3ster<\/strong><\/p>\n<ol>\n<li>Vasculitis gangrenosa juvenil. Presentaci\u00f3n de un caso. Dr. Juan Pablo Gurri Fuentes<\/li>\n<li>Nefrostom\u00eda Percutanea. Nuestra experiencia. Dr. Juan Pablo Gurri Fuentes<\/li>\n<li>Ureteroscop\u00eda. Nuestra experiencia. Dr. Juan Pablo Gurri Fuentes<\/li>\n<li>Uretrotom\u00eda interna endosc\u00f3pica como alternativa de tratamiento de la estreches uretral. Dra. Isied Rojas Fiel<\/li>\n<li>Lesiones iatrog\u00e9nicas del ur\u00e9ter, resoluci\u00f3n por v\u00eda endosc\u00f3pica. Dr. Juan Pablo Gurri Fuentes<\/li>\n<li>Ureteroscop\u00eda en el manejo de la litiasis ureteral. Dra. Ana Dairy Ram\u00edrez Mena<\/li>\n<li>Tratamiento quir\u00fargico de la hipospadias. Dra. Ana Julia Amaro Castanedo<\/li>\n<li>Eficacia del Sildenafilo, en paciente diab\u00e9ticos tipo II. Dra. Gilda D\u00edaz Due\u00f1as<\/li>\n<li>Gangrena de Fournier. Nuestra experiencia. Dr. Carlos Armando Ochoa Pineda; Dr. Oscar Ren\u00e9 Guerra C\u00e1seres; Dra. Idalia Carballo P\u00e9rez<\/li>\n<\/ol>\n","protected":false},"excerpt":{"rendered":"<p>Programa cient\u00edfico Sesi\u00f3n de la Ma\u00f1ana Presidente: Carina Salgado Reyes Secretario: Usbail Santana P\u00e9rez Vocal: Dra. Deisy Blanco Borrero 9.00-10.30 Mesa Redonda Manejo del c\u00e1ncer renal. Nuevas dianas terap\u00e9uticas. Coordinador. Dr. Antonio Bouz\u00f3 Ponentes. 10.30-11 am Receso 11.00 &#8211; 11.50 Manejo m\u00ednimamente invasivo del c\u00e1ncer renal Dra.C. Tania Gonz\u00e1lez Le\u00f3n 11.50-12m Aplicaci\u00f3n del algoritmo de [&hellip;]<\/p>\n","protected":false},"author":57,"featured_media":0,"parent":21,"menu_order":0,"comment_status":"closed","ping_status":"closed","template":"","meta":[],"_links":{"self":[{"href":"https:\/\/promociondeeventos.sld.cu\/calixto2012\/wp-json\/wp\/v2\/pages\/141"}],"collection":[{"href":"https:\/\/promociondeeventos.sld.cu\/calixto2012\/wp-json\/wp\/v2\/pages"}],"about":[{"href":"https:\/\/promociondeeventos.sld.cu\/calixto2012\/wp-json\/wp\/v2\/types\/page"}],"author":[{"embeddable":true,"href":"https:\/\/promociondeeventos.sld.cu\/calixto2012\/wp-json\/wp\/v2\/users\/57"}],"replies":[{"embeddable":true,"href":"https:\/\/promociondeeventos.sld.cu\/calixto2012\/wp-json\/wp\/v2\/comments?post=141"}],"version-history":[{"count":1,"href":"https:\/\/promociondeeventos.sld.cu\/calixto2012\/wp-json\/wp\/v2\/pages\/141\/revisions"}],"predecessor-version":[{"id":142,"href":"https:\/\/promociondeeventos.sld.cu\/calixto2012\/wp-json\/wp\/v2\/pages\/141\/revisions\/142"}],"up":[{"embeddable":true,"href":"https:\/\/promociondeeventos.sld.cu\/calixto2012\/wp-json\/wp\/v2\/pages\/21"}],"wp:attachment":[{"href":"https:\/\/promociondeeventos.sld.cu\/calixto2012\/wp-json\/wp\/v2\/media?parent=141"}],"curies":[{"name":"wp","href":"https:\/\/api.w.org\/{rel}","templated":true}]}}