{"id":13,"date":"2011-11-23T10:58:04","date_gmt":"2011-11-23T15:58:04","guid":{"rendered":"http:\/\/promociondeeventos.sld.cu\/calixto2012\/?page_id=13"},"modified":"2012-01-11T16:34:36","modified_gmt":"2012-01-11T21:34:36","slug":"comite-organizador","status":"publish","type":"page","link":"https:\/\/promociondeeventos.sld.cu\/calixto2012\/comite-organizador\/","title":{"rendered":"Comit\u00e9 organizador"},"content":{"rendered":"<p><em><strong><span style=\"font-size: small\"><span style=\"color: #0000ff\">Presidentes:<\/span><\/span><\/strong><\/em><\/p>\n<ul>\n<li><a href=\"mailto:directorcg@infomed.sld.cu\" target=\"_blank\">MsC. Dr. Miguel Fonseca Aldana <\/a>\u00e2\u20ac\u201c Director del Hospital<\/li>\n<li><span style=\"text-decoration: underline\">Dr. Lu\u00eds Alberto Pich Garc\u00eda <\/span>\u00e2\u20ac\u201c Decano de la Facultad<\/li>\n<\/ul>\n<p><em><strong><span style=\"color: #0000ff\">Secretaria Ejecutiva y de Organizaci\u00f3n:<\/span><\/strong><\/em><br \/>\n<strong>(Email: <a href=\"mailto:congresocg@infomed.sld.cu\" target=\"_blank\">congresocg@infomed.sld.cu<\/a>) <\/strong><\/p>\n<ul>\n<li><a href=\"mailto:angela@infomed.sld.cu\">MSC. Dra. Angela Gandaria Marsill\u00ed<\/a><\/li>\n<li><a href=\"mailto:monica@infomed.sld.cu\">Dra. M\u00f3nica Ivonne \u00c1lvarez Mesa<\/a><\/li>\n<li><a href=\"mailto:jrllapur@infomed.sld.cu\">MSC. Dra. Raquel Gonz\u00e1lez S\u00e1nchez<\/a><\/li>\n<li><a href=\"mailto:aialvarez@infomed.sld.cu\">MSC. Dra. Anairis Alvarez Ram\u00edrez<\/a><\/li>\n<\/ul>\n<p><strong><em><span style=\"color: #0000ff\">Comit\u00e9 organizador ejecutivo:<\/span> <\/em><\/strong><\/p>\n<ul>\n<li><a href=\"mailto:agravecg@infomed.sld.cu\">Dr. Gilberto Dur\u00e1n Torres<\/a><\/li>\n<li><a href=\"mailto:alvarolsosa@infomed.sld.cu\">Dr. Alvaro Sosa Acosta<\/a><\/li>\n<li>Dr. Jes\u00fas \u00c1ngel Izquierdo S\u00e1nchez<\/li>\n<li>Dra. Lourdes Borges Oquendo<\/li>\n<li>Dr. Jos\u00e9 Alberto Garc\u00eda Hern\u00e1ndez<\/li>\n<li>Dr. Mario Sombert Gonz\u00e1lez<\/li>\n<li><a href=\"mailto:josefa.companioni@infomed.sld.cu\">Dra. Josefa Companioni Tamayo<\/a><\/li>\n<li>Dra. Yanet Morej\u00f3n D\u00edaz<\/li>\n<li>Lic. Josefa Fent\u00f3n Tait<\/li>\n<li>Lic. Norys Hodelyn Urria<\/li>\n<li>Julio Antonio Su\u00e1rez Conde<\/li>\n<li>Marco \u00c1lvarez<\/li>\n<li><a href=\"mailto:gerenciacg@infomed.sld.cu\">Lic. Julio Rodr\u00edguez<\/a><\/li>\n<\/ul>\n","protected":false},"excerpt":{"rendered":"<p>Presidentes: MsC. Dr. Miguel Fonseca Aldana \u00e2\u20ac\u201c Director del Hospital Dr. Lu\u00eds Alberto Pich Garc\u00eda \u00e2\u20ac\u201c Decano de la Facultad Secretaria Ejecutiva y de Organizaci\u00f3n: (Email: congresocg@infomed.sld.cu) MSC. Dra. Angela Gandaria Marsill\u00ed Dra. M\u00f3nica Ivonne \u00c1lvarez Mesa MSC. Dra. Raquel Gonz\u00e1lez S\u00e1nchez MSC. Dra. Anairis Alvarez Ram\u00edrez Comit\u00e9 organizador ejecutivo: Dr. Gilberto Dur\u00e1n Torres Dr. [&hellip;]<\/p>\n","protected":false},"author":57,"featured_media":0,"parent":0,"menu_order":2,"comment_status":"closed","ping_status":"closed","template":"","meta":[],"_links":{"self":[{"href":"https:\/\/promociondeeventos.sld.cu\/calixto2012\/wp-json\/wp\/v2\/pages\/13"}],"collection":[{"href":"https:\/\/promociondeeventos.sld.cu\/calixto2012\/wp-json\/wp\/v2\/pages"}],"about":[{"href":"https:\/\/promociondeeventos.sld.cu\/calixto2012\/wp-json\/wp\/v2\/types\/page"}],"author":[{"embeddable":true,"href":"https:\/\/promociondeeventos.sld.cu\/calixto2012\/wp-json\/wp\/v2\/users\/57"}],"replies":[{"embeddable":true,"href":"https:\/\/promociondeeventos.sld.cu\/calixto2012\/wp-json\/wp\/v2\/comments?post=13"}],"version-history":[{"count":5,"href":"https:\/\/promociondeeventos.sld.cu\/calixto2012\/wp-json\/wp\/v2\/pages\/13\/revisions"}],"predecessor-version":[{"id":244,"href":"https:\/\/promociondeeventos.sld.cu\/calixto2012\/wp-json\/wp\/v2\/pages\/13\/revisions\/244"}],"wp:attachment":[{"href":"https:\/\/promociondeeventos.sld.cu\/calixto2012\/wp-json\/wp\/v2\/media?parent=13"}],"curies":[{"name":"wp","href":"https:\/\/api.w.org\/{rel}","templated":true}]}}