{"id":109,"date":"2011-12-27T13:22:26","date_gmt":"2011-12-27T18:22:26","guid":{"rendered":"http:\/\/promociondeeventos.sld.cu\/calixto2012\/?page_id=109"},"modified":"2011-12-29T11:20:51","modified_gmt":"2011-12-29T16:20:51","slug":"medicina","status":"publish","type":"page","link":"https:\/\/promociondeeventos.sld.cu\/calixto2012\/temas-centrales-por-jornadas-medicas\/medicina\/","title":{"rendered":"Medicina"},"content":{"rendered":"<p style=\"text-align: center\"><span style=\"color: #0000ff\"><strong>Programa Cient\u00edfico<\/strong><\/span><\/p>\n<p><strong>Tribunal <\/strong><\/p>\n<p><strong>Presidente:<\/strong> Dra. Ver\u00f3nica Mauri \u00c1lvarez<\/p>\n<p><strong>Secretario:<\/strong> Dra. Josefina Fern\u00e1ndez Camejo<\/p>\n<p><strong>Vocal:<\/strong> Dr. Jorge Alexis Rodr\u00edguez Reyes<\/p>\n<table border=\"1\" cellspacing=\"0\" cellpadding=\"0\">\n<tbody>\n<tr>\n<td width=\"114\" valign=\"top\">\n<p align=\"center\"><strong>Horario<\/strong><\/p>\n<\/td>\n<td valign=\"top\">\n<p align=\"center\"><strong>Actividad<\/strong><\/p>\n<\/td>\n<td valign=\"top\">\n<p align=\"center\"><strong>Participantes<\/strong><\/p>\n<\/td>\n<\/tr>\n<tr>\n<td width=\"114\" valign=\"top\">9:00-9:30am<\/td>\n<td valign=\"top\"><strong>Conferencia Magistral<\/strong><\/p>\n<p>Medicina   basada en la evidencia.<\/p>\n<\/td>\n<td valign=\"top\">Dr.   Jos\u00e9 Fern\u00e1ndez Sacasa<\/td>\n<\/tr>\n<tr>\n<td width=\"114\" valign=\"top\">9:30-10:00am<\/td>\n<td valign=\"top\"><strong>Conferencia magistral<\/strong><\/p>\n<p>El   Dr. House la ant\u00edtesis del m\u00e9dico que queremos formar.<\/p>\n<\/td>\n<td valign=\"top\">Dr.   Eduardo S\u00e1nchez Zulueta.<\/td>\n<\/tr>\n<tr>\n<td width=\"114\" valign=\"top\">10:00-11:15am<\/td>\n<td colspan=\"2\">\n<p align=\"center\"><strong>Simposio   Enfermedades infecciosas. (Conferencias)<\/strong><\/p>\n<p align=\"center\"><strong>Coordinador: Dr.   Ernesto Vicente Pe\u00f1a<\/strong><\/p>\n<\/td>\n<\/tr>\n<tr>\n<td width=\"114\" valign=\"top\">10:00   -10:15am<\/td>\n<td valign=\"top\">Descentralizaci\u00f3n   del SIDA. 5 a\u00f1os de experiencia.<\/td>\n<td valign=\"top\">Dra. Ana Liz Rodr\u00edguez Porto<\/p>\n<p>Dr. L\u00e1zaro Mart\u00ednez Monterrey<\/p>\n<\/td>\n<\/tr>\n<tr>\n<td width=\"114\" valign=\"top\">10:15 -10:30am<\/td>\n<td valign=\"top\">Dengue<\/td>\n<td valign=\"top\">Dr. Braulio L\u00f3pez B\u00e1ez<\/td>\n<\/tr>\n<tr>\n<td width=\"114\" valign=\"top\">10:30-10:45am<\/td>\n<td valign=\"top\">C\u00f3lera<\/td>\n<td valign=\"top\">Dr. Emilio Mart\u00ednez Almeida<\/td>\n<\/tr>\n<tr>\n<td width=\"114\" valign=\"top\">10:45-11:00am<\/td>\n<td valign=\"top\">TB<\/td>\n<td valign=\"top\">Dra. Alina Peris Cid<\/td>\n<\/tr>\n<tr>\n<td width=\"114\" valign=\"top\">11:00-11:15am<\/td>\n<td>\n<p align=\"center\"><strong>DISCUSION<\/strong><\/p>\n<\/td>\n<td valign=\"top\"><\/td>\n<\/tr>\n<tr>\n<td width=\"114\" valign=\"top\">11:15-12:00M<\/td>\n<td valign=\"top\"><strong>Mesa redonda.<\/strong><\/p>\n<p>Resultados de 3 a\u00f1os del Grupo Multidisciplinario de afecciones tor\u00e1cicas Hospital General Calixto Garc\u00eda\u00bb.<\/p>\n<\/td>\n<td valign=\"top\">Dr. R\u00f3mulo Soler Vaillant (moderador) Dr. Eddy Fr\u00edas<br \/>\nDr. Jos\u00e9 E Codispoti P\u00e9rez<br \/>\nDra. Lina M\u00e9ndez M\u00e1rquez<br \/>\nDra. Alina Silvia Peris Cid<br \/>\nDr. Antonio Hern\u00e1ndez Caballero<br \/>\nDra. B\u00e1rbara Cepero Rosales<br \/>\nDr. Eduardo \u00c1lvarez Rosell\n<\/td>\n<\/tr>\n<tr>\n<td width=\"114\" valign=\"top\">12:00-1:00pm<\/td>\n<td valign=\"top\"><strong>ALMUERZO<\/strong><\/td>\n<td valign=\"top\"><\/td>\n<\/tr>\n<tr>\n<td width=\"114\" valign=\"top\">1:00-   1:15 pm<\/td>\n<td valign=\"top\"><strong>Conferencia.<\/strong><\/p>\n<p>Ense\u00f1anza   de instrumentos m\u00e9dicos de urgencia.<\/p>\n<\/td>\n<td valign=\"top\">Dr.   Luis Quintana<\/td>\n<\/tr>\n<tr>\n<td width=\"114\" valign=\"top\">1:15-1:30pm<\/td>\n<td valign=\"top\">Conferencia<\/p>\n<p>Adherencia   terap\u00e9utica.<\/p>\n<\/td>\n<td valign=\"top\">Dra.   Niurky Suarez Silva<\/td>\n<\/tr>\n<tr>\n<td width=\"114\" valign=\"top\">1:30-2:30pm<\/td>\n<td colspan=\"2\">\n<p align=\"center\"><strong>Simposio   Enfermedades cr\u00f3nicas no transmisibles. (Conferencias)<\/strong><\/p>\n<p align=\"center\"><strong>Coordinador: Dra.   Ver\u00f3nica Mauri \u00c1lvarez <\/strong><\/p>\n<\/td>\n<\/tr>\n<tr>\n<td width=\"114\" valign=\"top\">1:30-1:45pm<\/td>\n<td valign=\"top\">HTA   infantil como precursor de hipertensi\u00f3n en adultos.<\/td>\n<td valign=\"top\">Dr.   Ren\u00e9 Llapur Milan<\/td>\n<\/tr>\n<tr>\n<td width=\"114\" valign=\"top\">1:45   \u00e2\u20ac\u201c 2:00pm<\/td>\n<td valign=\"top\">HTA<\/td>\n<td valign=\"top\">Dra.   Veronica Mauri Alvarez<\/td>\n<\/tr>\n<tr>\n<td width=\"114\" valign=\"top\">2:00-   2:15pm<\/td>\n<td valign=\"top\">D.M.<\/td>\n<td valign=\"top\">Dra.   Josefina Fern\u00e1ndez Camejo<\/td>\n<\/tr>\n<tr>\n<td width=\"114\" valign=\"top\">2:15-   2:30pm<\/td>\n<td valign=\"top\">Enfermedad   cerebro vascular.<\/td>\n<td valign=\"top\">Dra.   Yamile Vald\u00e9s Rodr\u00edguez<\/td>\n<\/tr>\n<tr>\n<td width=\"114\" valign=\"top\">2:30   \u00e2\u20ac\u201c 2:45pm<\/td>\n<td valign=\"top\">Cardiopat\u00eda   isqu\u00e9mica<\/td>\n<td valign=\"top\">Dr.   Edilberto Gonz\u00e1lez Ortiz<\/td>\n<\/tr>\n<tr>\n<td width=\"114\" valign=\"top\">2:45-3:00pm<\/td>\n<td valign=\"top\">\n<p align=\"center\"><strong>DISCUSION<\/strong><\/p>\n<\/td>\n<td valign=\"top\"><\/td>\n<\/tr>\n<tr>\n<td width=\"114\" valign=\"top\">3:00   &#8211; 3:15pm<\/td>\n<td valign=\"top\"><strong>Mesa redonda.<\/strong><\/p>\n<p>Morbilidad   en el anciano<\/p>\n<\/td>\n<td valign=\"top\">Dra.   Mercedes Ramos Quiroga, Dr. Jorge Alexis Rodr\u00edguez Reyes, Dr. Crist\u00f3bal   Vald\u00e9s Otero, Dr. L\u00e1zaro S\u00e1nchez Rodr\u00edguez<\/td>\n<\/tr>\n<tr>\n<td width=\"114\" valign=\"top\">3:15 &#8211; 4:00pm<\/td>\n<td valign=\"top\"><strong>Mesa redonda.<\/strong><\/p>\n<p>Medicina transfusional<br \/>\nUsos y abusos de la transfusi\u00f3n.<br \/>\nM\u00e9todos ahorradores de sangre.<br \/>\n\u00c3\u2030tica y transfusi\u00f3n<br \/>\nComit\u00e9 de medicina transfusional.\n<\/p>\n<\/td>\n<td valign=\"top\">Dr. Armando Bedoya Guti\u00e9rrez<br \/>\nDra. Babyle Medina Vega<br \/>\nDrC. Domingo P\u00e9rez Gonz\u00e1lez<br \/>\nDr. Lorenzo Mu\u00f1oz Caldaz<\/td>\n<\/tr>\n<\/tbody>\n<\/table>\n<p><strong><span style=\"text-decoration: underline\">Sesi\u00f3n de p\u00f3ster electr\u00f3nico.<\/span><\/strong><\/p>\n<p><strong>Tribunal<\/strong><\/p>\n<p><strong>Presidente:<\/strong> Dr. Edilberto Gonz\u00e1lez Ortiz<\/p>\n<p><strong>Secretario:<\/strong> Dr. V\u00edctor  Gonz\u00e1lez \u00c1lvarez<\/p>\n<p><strong>Vocal:<\/strong> Dra. Yamile Vald\u00e9s Gonz\u00e1lez<\/p>\n<ol>\n<li>Aportes de  diferentes personalidades de la medicina la historia de la desinfecci\u00f3n. MSc. Jorgelina Apao D\u00edaz, Lic. Yasmira Mestre Apao.<\/li>\n<li>Caracterizaci\u00f3n del proceso de evaluaci\u00f3n de la funci\u00f3n renal en las salas de Medicina Interna. Alain Guti\u00e9rrez L\u00f3pez; Cristhian Alexander Isla Torres; Dianamary Brito Herrera; Marcelino S\u00e1nchez Tamallo<\/li>\n<li>Consumo y Costo de Antimicrobianos controlados en el Hospital Calixto Garc\u00eda. A\u00f1o 2010. Dra. Marlene Garc\u00eda Orihuela, Dra. Ana Karelia Ru\u00edz Salvador, Dra. Ismary Alfonso Orta, Dr. Horacio Izquierdo Delgado, Dr. B\u00e1rbaro P\u00e9rez Hern\u00e1ndez<\/li>\n<li>Diabesidad y  su riesgo cardiovascular global<strong>.<\/strong> Alain Guti\u00e9rrez L\u00f3pez; Cristhian Alexander Isla Torres; Dianamary Brito Herrera; Marcelino S\u00e1nchez Tamallo<\/li>\n<li>El Dengue, un problema actual. Dr. Pedro R. Rodr\u00edguez Rom\u00e1n, Dra. Sonia Pico Nordet, Dra. Jenny N\u00fa\u00f1ez Fern\u00e1ndez<\/li>\n<li>Epidemia de VIH\/SIDA. Comportamiento de sus factores de riesgo. Policl\u00ednico Carlos J. Finlay, a\u00f1o 2010.<span style=\"text-decoration: underline\"> <\/span>Laura Evelyn Herrera Gonz\u00e1lez; Dra.Raiza Gonz\u00e1lez Garc\u00eda.<\/li>\n<li>An\u00e1lisis sistem\u00e1tico de la utilizaci\u00f3n de antibi\u00f3ticos como estrategia \u00fatil para mejorar la calidad de la prescripci\u00f3n. Dr. Horacio Izquierdo Delgado. Dr. Jes\u00fas \u00c1ngel Izquierdo S\u00e1nchez. Dr. Leandro Chavao Tieles.<\/li>\n<li>Pronostico de mortalidad a los 30 d\u00edas en el infarto agudo del miocardio   con elevaci\u00f3n del st.<span style=\"text-decoration: underline\"> <\/span>Dra. Naybil Planes Nelson; Dra  Dailin Viel Diaz;  Dra Yusel  Mass\u00f3 Vicet.<\/li>\n<li>Riesgo cardiovascular global  en pacientes mayores de 40 a\u00f1os. Consultorio 23. Policl\u00ednico Turcios Lima 2009-2010. Adrian Augusto Naranjo Dom\u00ednguez; Angel Yaniel Rodr\u00edguez Navarro; Ronald Aroche Aportela;<em> <\/em>Agust\u00edn Jes\u00fas Montano S\u00e1nchez<\/li>\n<li>EPOC. Situaci\u00f3n actual y nuevas estrategias de tratamiento. Dr. Victor  Gonz\u00e1lez \u00c1lvarez.<\/li>\n<li>Mortalidad asociada   a VIH. Hospital Calixto Garc\u00eda 2008-2011. Dra. Ana Liz Rodr\u00edguez Porto; Dra. Mayra S\u00e1nchez Le\u00f3n.<\/li>\n<li>Enfoque y actualidades en las enfermedades cardiovasculares. Dr. Lludenich Osoria Mengana.<\/li>\n<li>Pseudo tumor cerebral. Dr. Antonio Guevara Melc\u00f3n.<\/li>\n<\/ol>\n<p><strong><span style=\"text-decoration: underline\">Sesi\u00f3n de cartel.<\/span><\/strong><\/p>\n<p><strong>Tribunal<\/strong><\/p>\n<p><strong>Presidente:<\/strong> Dra. Ana Liz Rodr\u00edguez Porto<\/p>\n<p><strong>Secretario:<\/strong> Dra. Niurky Suarez Silva<\/p>\n<p><strong>Vocal:<\/strong> Dra. Deborah Mart\u00ed<\/p>\n<p><strong>CARTER<\/strong><\/p>\n<ol>\n<li>Caracterizaci\u00f3n de los ingresos por reagudizaci\u00f3n de la EPOC, en la UCI.<span style=\"text-decoration: underline\"> <\/span>Dra. Dailin Viel Diaz; Dra. Naybil Planes Nelson; Yusel  Mass\u00f3 Vicet; Dra. Moraima Le\u00f3n Roble; Dr Gannelin Guti\u00e9rrez Turi\u00f1o.<\/li>\n<li>Cetoacidosis diab\u00e9tica y estado hiperosmolar no cet\u00f3sico.  \u00abHospital Enrique Cabrera\u00bb. 2010. MsC. Dra . Idania Teresa Mora L\u00f3pez.<\/li>\n<li>Comportamiento Cl\u00ednico Epidemiol\u00f3gico de las Neumon\u00edas no<br \/>\nComplicadas en UCIM. Lic. Marcos Mastrapa Boda\u00f1o.<\/li>\n<li>Citolog\u00eda aspirativa de la mama<strong><em>. <\/em><\/strong>Su importancia.<strong><em> <\/em><\/strong><em>Dra. Ana Dolores Mori Est\u00e9vez.<\/em><\/li>\n<li>Adenocalcinoma bronquioloalbiolar. Reporte de un caso. Dra. B\u00e1rbara Cepero Rosales.<\/li>\n<li>Uso del Meropenem en el<em> <\/em>Hospital Calixto Garc\u00eda<em> <\/em>en el a\u00f1o 2011. Lic. Mar\u00eda Cecilia Echevarr\u00eda Linares, Dra. Ismary Alfonso, Tec. Mislene Mendoza.<\/li>\n<li>Prescripci\u00f3n del Astrion\u00e1n en el Hospital Calixto Garc\u00eda en el a\u00f1o 2011. Tec. Mislene Mendoza,Lic. Mar\u00eda Cecilia Echevarr\u00eda Linares,Dra. Ismary Alfonso.<\/li>\n<li>Efecto de la suplementaci\u00f3n de vitamina E sobre los eventos relacionados con la aterosclerosis. Lic. Martha Cecilia Olivera de la Torre Dra. Alina Guerrero Ram\u00edrez, Dra. Estela Yee L\u00f3pez, Lic. Irmania Bell Badel, Lic. Mayra Hechavarr\u00eda Mel\u00e9ndez<strong>.<\/strong><\/li>\n<li>El farmac\u00e9utico en el ensayo cl\u00ednico: interrelaci\u00f3n con el equipo de investigaci\u00f3n. Liana Mart\u00ednez P\u00e9rez; Barbara Wilkinson Brito; Mayel\u00edn Troche Concepci\u00f3n; Aymara Fern\u00e1ndez Lorente; Yunier Dur\u00e1n Soto;  Carmen Viada Gonz\u00e1lez; Arasay Montes D\u00e2\u20ac\u2122 Santis<\/li>\n<li>Enfemedad renal cronica como problema de salud. Dr. Lu\u00eds Gonz\u00e1les Vald\u00e9s.<\/li>\n<li>Factores de riesgo cardiovascular en el ritmo circadiano del infarto agudo del miocardio. Hospital Abel Santamar\u00eda 2005-2009.<span style=\"text-decoration: underline\"> <\/span>Adrian Augusto Naranjo Dom\u00ednguez; Angel Yaniel Rodr\u00edguez Navarro; Rosa Elena Llera Almenteros, Ronald Aroche Aportela.<\/li>\n<li>Tendencias en el uso de cefalosporinas. Hospital Universitario General Calixto Garc\u00eda. 2010-2011. Dr. Horacio Izquierdo Delgado, Dr. Jes\u00fas \u00c1ngel Izquierdo S\u00e1nchez.<\/li>\n<li>Utilizaci\u00f3n del plasma fresco congelado en el Hospital Universitario General Calixto Garc\u00eda. A\u00f1o 2011. Dr. Jes\u00fas \u00c1ngel Izquierdo S\u00e1nchez,  Dr. Horacio Izquierdo Delgado.<\/li>\n<li>La Uta: Aspectos relevantes de la Leishmaniosis  Tegumentaria Americana en el Per\u00fa. Cristhian Alexander Isla Torres; Alain Guti\u00e9rrez L\u00f3pez; Karen Magaly Santill\u00e1n Rodr\u00edguez; Cristhian Jhonatan Abad Castillo.<\/li>\n<li>Mortalidad Hospitalaria en el Servicio de Medicina Interna del Hospital Manuel Ascunce Domenech. Magell Norat Calvo.<\/li>\n<li>Papel del internista en el estudio de la complicaciones no motoras en la  Enfermedad de Parkinson. Arnoldo Padr\u00f3n S\u00e1nchez ;  Yordanka  Ricardo de la F\u00e9 ;Mario \u00c1lvarez  S\u00e1nchez ; Ivon Pedroso Iba\u00f1ez ; Daymet  Grass Fern\u00e1ndez.<\/li>\n<li><strong> <\/strong>Repercusi\u00f3n familiar de la enfermedad de  Alzheimer. \u00c1rea de salud  Policl\u00ednico Mario  Mu\u00f1oz. A\u00f1o 2010. MSc. Mabel Aguirre Lanz; MSc. Cristobalina Navarrete Ribalta;   MSc. Liset Batista Robles  ;  MSc.Sonya De la Rosa Valle;  MSc.Annia Torres A\u00f1el.<\/li>\n<li>Resultados de la ozonoterapia en  el tratamiento de la Giardiasis.<span style=\"text-decoration: underline\"> <\/span>Olaechea Varona Leroy; Serrano Garc\u00eda Yanier; Taim\u00ed Miranda Vergara.<\/li>\n<li>Riesgo de padecer diabetes mellitus en individuos sin alteraci\u00f3n conocida de la glucemia. Policl\u00ednico Turcios Lima 2009-2010. Adrian Augusto Naranjo Dom\u00ednguez; Angel Yaniel Rodr\u00edguez Navarro; Ronald Aroche Aportela;<em> <\/em>Yorelvis Haces Trujillo.<\/li>\n<li>Sindrome de Guillain Barre en la U.C.I .2009-2011.<span style=\"text-decoration: underline\"> <\/span>Dra. Elizabeth Almeida Correa,  Dr. Alberto Garc\u00eda G\u00f3mez,  Dra. Moraima Le\u00f3n Robles,  Dra. Luisa Guti\u00e9rrez Guti\u00e9rrez, Dr. Amel Garc\u00eda Montero.<\/li>\n<li>S\u00edndrome demencial. Diagn\u00f3stico y manejo. Hospital Comandante Manuel Fajardo. Enero 2011- marzo 2011. Jos\u00e9 Antonio Bonilla Fern\u00e1ndez, Mabys Dur\u00e1n P\u00e9rez, Dr. Roberto Larrea Fabra.<\/li>\n<li>S\u00edndrome Metab\u00f3lico en el consultorio 1 del policl\u00ednico Luis Galv\u00e1n, septiembre-noviembre 2011. Dr. Daniel Ricardo Mart\u00ednez Avila.<\/li>\n<li><strong> <\/strong>El coordinador de la investigaci\u00f3n cl\u00ednica. Estudio de sus funciones.<span style=\"text-decoration: underline\"> <\/span>Barbara Wilkinson Brito; Liana B Mart\u00ednez P\u00e9rez; Aymara Fern\u00e1ndez Lorente; Carmen Viada Gonz\u00e1lez; Ana Rosa Valls Hung; Arasay Montes D` Santis; Mayel\u00edn Troche Concepci\u00f3n; Yunier Dur\u00e1n Soto; Leticia Cabrera Ben\u00edtez; Jorge Luis S\u00e1nchez Escalona; Milagro  Domencq Salmon<\/li>\n<li>Curso Bases legales de la  actuaci\u00f3n en la especialidad de MGI. Dra. Elisa Gasca Hern\u00e1ndez; Dra. Niurka Taureaux D\u00edaz; Dra. Alina de la Cruz del Valle; Dra. Anaysa Rizo V\u00e1zquez; Dra. Ana Mercedes \u00c1vila L\u00f3pez<\/li>\n<li>Complicaciones de la obesidad en pacientes pedi\u00e1tricos. Dr. Jos\u00e9 M. Basain Vald\u00e9s ; Dra. Mar\u00eda del C. Vald\u00e9s Alonso; Dra. Mar\u00eda A. Cruz; Dra. Mirtha Chirino Gonz\u00e1lez.<\/li>\n<li>Comportamiento del embarazo en la adolescencia en el per\u00edodo 2009 &#8211; 2010. Policl\u00ednico Enrique Betancourt  Neninger. Dra. Teresa Fonte Sevillano.<\/li>\n<li>Efectos del crecimiento intrauterino retardado sobre la respuesta inmune. Lic. Liudmila Montano Rodr\u00edguez; Dr Mayder Mart\u00ednez L\u00f3pez; Dr Liana Yanet Rojas Rodr\u00edguez; Dr Mireyis Meri\u00f1o Mart\u00ednez.<\/li>\n<li>Evaluaci\u00f3n de la adherencia a Gu\u00edas de Buenas Pr\u00e1cticas en la crisis de Asma Bronquial. Dianamary Brito Herrera, Diana Ardila Almaguer, Alain Guti\u00e9rrez L\u00f3pez, Marcelino S\u00e1nchez Tamayo.<\/li>\n<li>Obesidad y dislipidemia como factores de riesgo aterog\u00e9nicos en edades pedi\u00e1tricas. Dr. Jos\u00e9 M. Basain Vald\u00e9s ; Dra. Mar\u00eda del C. Vald\u00e9s Alonso, Dra. Mirtha Chirino, Dra. Mar\u00eda A. Cruz.<\/li>\n<li>Pesquisa y diagn\u00f3stico precoz de las desviaciones del neurodesarrollo infantil. Dianamary Brito Herrera, Alain Guti\u00e9rrez L\u00f3pez, Marcelino S\u00e1nchez Tamayo.<\/li>\n<li>Aislamiento y susceptibilidad antimicrobiana de bacterias aisladas en pacientes ingresados en la sala de infecciones del SOMA. Estudio de dos a\u00f1os. MSc. Niria Castro S\u00e1nchez, MSc. Dra. Mar\u00eda  Cleof\u00e9 Cepero; MSc. Yolanda Medina; MSc. Andr\u00e9s Noya Caba\u00f1as<\/li>\n<li>Efecto del bloqueo del Sistema EGF sobre la cicatrizaci\u00f3n en pacientes oncol\u00f3gicos. \u00bfQu\u00e9 acontece con la vacuna CIMAvax EGF? Dra. Aymara Fern\u00e1ndez Lorente; Dr. Angel Casac\u00f3 Parada; Dra. Soraida Acosta Broks; Dra. Elia Neninger Vinageras; Dra. Mar\u00eda del Carmen Barroso \u00c1lvarez; MCs. Barbara Wilkinson Brito; Lic. Mayelin Troche Concepci\u00f3n; MCs. Liana B. Mart\u00ednez P\u00e9rez; Lic. Yunier Dur\u00e1n Soto; MCs. Carmen Viada Gonz\u00e1lez.<\/li>\n<li>Epigen\u00e9tica, la ciencia del cambio<strong>.<\/strong> Dr. Mikhail Benet Rodr\u00edguez, Ana Lourdes Vasallo D\u00edaz, Dianamary Brito Herrera, Marcelino S\u00e1nchez Tamayo, Alain Guti\u00e9rrez L\u00f3pez.<\/li>\n<li>Estudio de las variaciones del leucograma en pacientes con artritis reumatoide. \u00abOctubre  2011- Julio 2012\u00bb. Dra.  Iliana Sansaricq Coto, Dra. Ana Febles Pi\u00f1ar, Dra. Evelia J Molinet Fuertes. Dr. Jos\u00e9 Antonio Moulton \u00c1lvarez, Lic.  Olga Rabell Piera<\/li>\n<li>Programa de hemovigilancia de la terapia transfusional. Lic. Yulaidy Mart\u00ednez Matos.  Lic. Elena Torres Amador.<\/li>\n<li>Sistema Log\u00edstico de muestras biol\u00f3gicas de pacientes incluidos en Ensayos Cl\u00ednicos Multic\u00e9ntricos. Mayelin Troche Concepci\u00f3n; B\u00e1rbara Wilkinson Brito; Liana Mart\u00ednez P\u00e9rez; Aymara Fern\u00e1ndez Lorente; Arasay Montes D\u00b4Santis; Carmen Viada Gonz\u00e1lez; Patricia Lorenzo Luaces \u00c1lvarez.<\/li>\n<li>Transfusi\u00f3n en el paciente cr\u00edtico ingresado en el \u00e1rea del grave del Hospital Carlos J. Finlay, Mildrey Gil Agramonte; Amel Garc\u00eda Montero; Vania Ferrer Santos; Vivian Prevot Caz\u00f3n, Tatiana Pe\u00f1alver Pe\u00f1alver<\/li>\n<li>Utilidad cl\u00ednica de la enzima Lactato deshidrogenasa en el Linfoma No Hodgkin, Dra. Etna Yohandra Vega Gonz\u00e1lez<\/li>\n<li>Estudio de las variaciones del leucograma en pacientes con artritis reumatoidea. Dra.  Ileana Sansoriago<\/li>\n<li>Efectividad de la ceruloplasmina en el diagn\u00f3stico de la enfermedad de Wilson. Dra.  Maggy Alem\u00e1n Gallas<\/li>\n<li>Efectividad del URYXXON stick 10 para el diagn\u00f3stico de las infecciones del tracto urinario Dra.  Omaida Blanco Ponce<\/li>\n<\/ol>\n","protected":false},"excerpt":{"rendered":"<p>Programa Cient\u00edfico Tribunal Presidente: Dra. Ver\u00f3nica Mauri \u00c1lvarez Secretario: Dra. Josefina Fern\u00e1ndez Camejo Vocal: Dr. Jorge Alexis Rodr\u00edguez Reyes Horario Actividad Participantes 9:00-9:30am Conferencia Magistral Medicina basada en la evidencia. Dr. Jos\u00e9 Fern\u00e1ndez Sacasa 9:30-10:00am Conferencia magistral El Dr. House la ant\u00edtesis del m\u00e9dico que queremos formar. Dr. Eduardo S\u00e1nchez Zulueta. 10:00-11:15am Simposio Enfermedades infecciosas. [&hellip;]<\/p>\n","protected":false},"author":57,"featured_media":0,"parent":21,"menu_order":0,"comment_status":"closed","ping_status":"closed","template":"","meta":[],"_links":{"self":[{"href":"https:\/\/promociondeeventos.sld.cu\/calixto2012\/wp-json\/wp\/v2\/pages\/109"}],"collection":[{"href":"https:\/\/promociondeeventos.sld.cu\/calixto2012\/wp-json\/wp\/v2\/pages"}],"about":[{"href":"https:\/\/promociondeeventos.sld.cu\/calixto2012\/wp-json\/wp\/v2\/types\/page"}],"author":[{"embeddable":true,"href":"https:\/\/promociondeeventos.sld.cu\/calixto2012\/wp-json\/wp\/v2\/users\/57"}],"replies":[{"embeddable":true,"href":"https:\/\/promociondeeventos.sld.cu\/calixto2012\/wp-json\/wp\/v2\/comments?post=109"}],"version-history":[{"count":10,"href":"https:\/\/promociondeeventos.sld.cu\/calixto2012\/wp-json\/wp\/v2\/pages\/109\/revisions"}],"predecessor-version":[{"id":227,"href":"https:\/\/promociondeeventos.sld.cu\/calixto2012\/wp-json\/wp\/v2\/pages\/109\/revisions\/227"}],"up":[{"embeddable":true,"href":"https:\/\/promociondeeventos.sld.cu\/calixto2012\/wp-json\/wp\/v2\/pages\/21"}],"wp:attachment":[{"href":"https:\/\/promociondeeventos.sld.cu\/calixto2012\/wp-json\/wp\/v2\/media?parent=109"}],"curies":[{"name":"wp","href":"https:\/\/api.w.org\/{rel}","templated":true}]}}