{"id":102,"date":"2011-12-27T13:06:10","date_gmt":"2011-12-27T18:06:10","guid":{"rendered":"http:\/\/promociondeeventos.sld.cu\/calixto2012\/?page_id=102"},"modified":"2011-12-27T13:55:37","modified_gmt":"2011-12-27T18:55:37","slug":"enfermeria","status":"publish","type":"page","link":"https:\/\/promociondeeventos.sld.cu\/calixto2012\/temas-centrales-por-jornadas-medicas\/enfermeria\/","title":{"rendered":"Enfermer\u00eda"},"content":{"rendered":"<p style=\"text-align: center\"><span style=\"color: #0000ff\"><strong>Programa Cient\u00edfico<\/strong><\/span><\/p>\n<p><strong>Presidencia de Honor<\/strong><\/p>\n<p>Lic. Norys Hodelin Urria<\/p>\n<p>Dr. Miguel Fonseca Sardana<\/p>\n<p><strong> <\/strong><\/p>\n<p><strong> <\/strong><\/p>\n<p><strong>Comit\u00e9 Organizador<\/strong><\/p>\n<p>Lic. Alicia Sende Odoardo<\/p>\n<p>Lic. Mayte Ramos Herrera<\/p>\n<p>Lic. Rosa Irma Alarcon Reyes<\/p>\n<p>Lic. Mario Rodriguez Marquetti<\/p>\n<p>Lic. Angela Marrero Lemus<\/p>\n<p>Lic. Mayelin Reyes Garcia<\/p>\n<p><strong>Comit\u00e9 Cient\u00edfico<\/strong><\/p>\n<p>Lic. Marisol Alfonso Mora<\/p>\n<p>Lic. Josefa Fenton Tait<\/p>\n<p style=\"text-align: left\"><strong> Sal\u00f3n Teatro CITED<\/strong><\/p>\n<p>Presidente. Lic. Maria Fenton Tait<\/p>\n<p>Secretario. Lic. Inalvis Francia Jorge<\/p>\n<p>Vocal Belkis N\u00fa\u00f1ez Salvador<\/p>\n<p><strong>8.30 am <\/strong>Palabras de Apertura<\/p>\n<p><strong>9.00am <\/strong>Titulo: Algoritmo de Actuaci\u00f3n ante Enfermos con Riesgo de padecer Ulcera por<\/p>\n<p>Presi\u00f3n. Tema Libre<\/p>\n<p><strong>Autor. <\/strong>Lic. Miguel A Gonz\u00e1lez Aguiar<\/p>\n<p>Especialista de 1er grado en enfermer\u00eda intensiva<\/p>\n<p>Master en Urgencias M\u00e9dica<\/p>\n<p><strong> 9.10am <\/strong>T\u00edtulo: Aplicaci\u00f3n del consentimiento educado a las acciones del proceso de atenci\u00f3n de enfermer\u00eda durante la administraci\u00f3n\u00a0 de Betafer\u00f3n en pacientes con Esclerosis M\u00faltiple. Tratados en el CIREN\u00a0 en el periodo de un a\u00f1o\u00a0\u00a0 P\u00f3ster<\/p>\n<p><strong>Autores<\/strong>:lic. Daymet Grass Fern\u00e1ndez<\/p>\n<p>Dr. C. Jos\u00e9 A. Cabrera G\u00f3mez<\/p>\n<p>MSc Karina Romero<\/p>\n<p><strong>9.20am.<\/strong> T\u00edtulo: <strong>Atenci\u00f3n<\/strong> Integral al Paciente Cardi\u00f3pata<\/p>\n<p><strong>Autor: <\/strong>Dr. Osorio Mengana Llanes<\/p>\n<p>Especialista en 1er grado de Cardiolog\u00eda<\/p>\n<p><strong>9.30am<\/strong> <strong>Titulo. <\/strong>Buenas Pr\u00e1cticas en los Cuidados de Enfermer\u00eda en Hemodi\u00e1lisis: Garant\u00eda de<\/p>\n<p>Calidad. Tema Libre.<\/p>\n<p><strong>Autores <\/strong>Lic. Belkis Rosa N\u00fa\u00f1ez Salvador<\/p>\n<p>Especialista de 1er grado en Enfermer\u00eda Intensiva<\/p>\n<p>Lic. Ahymara de la C Hern\u00e1ndez P\u00e9rez<\/p>\n<p>Lic. Aldo Gonz\u00e1lez Elosequi<\/p>\n<p>Lic. Arelys Palacios Rev\u00e9<\/p>\n<p><strong>9.40 <\/strong>Discusi\u00f3n<\/p>\n<p><strong>9.45am <\/strong>T\u00edtulo: Cambios, calidad asistencial actual y personal de apoyo. Estudio comparativo.<\/p>\n<p>Calixto Garc\u00eda Abril \u00e2\u20ac\u201c Octubre 2010-2011<\/p>\n<p><strong> <\/strong><\/p>\n<p>Autor: Lic. Alicia Sende Odoardo<\/p>\n<p>Master en Urgencias M\u00e9dicas en Atenci\u00f3n Primaria de Salud.<\/p>\n<p>Profesora Instructor<\/p>\n<p><strong>10.00am <\/strong>T\u00edtulo: Comportamiento del Paciente en la  Cirug\u00eda Bari\u00e1trica Endosc\u00f3pica<\/p>\n<p><strong>Autores:<\/strong> Lic. Nerlys Montero Laffita<\/p>\n<p>Lic. Dilaida Lima Milian<\/p>\n<p>Lic. Maril\u00fa Rojas Pe\u00f1a<\/p>\n<p>Lic. Darling Vald\u00e9s Blanco<\/p>\n<p><strong>Asesor.<\/strong> Dr. Ra\u00fal Rodr\u00edguez S\u00e1nchez<\/p>\n<p><strong>10.10am <\/strong>T\u00edtulo: Atenci\u00f3n de enfermer\u00eda en la prevenci\u00f3n del Pie Diab\u00e9tico.<\/p>\n<p>Autores: Msc. Miriam \u00c1lvarez Garc\u00eda.<\/p>\n<p>Msc. Ada G. Vald\u00e9s Carrillo.<\/p>\n<p>Lic. \u00c1ngela Marrero Lemus.<\/p>\n<p><strong>10.20am <\/strong>Titulo.Drogas uso y abuso<\/p>\n<p>Autora.Lic. Mirelys Corria Osoria<\/p>\n<p><strong>10.30am<\/strong> Discusi\u00f3n<\/p>\n<p><strong>10.35am <\/strong>T\u00edtulo: El modelo de Enfermer\u00eda Transcultural una mirada desde la  Antropolog\u00eda Fisiol\u00f3gica Cubana Conferencia<\/p>\n<p>Autora: Dra. C. Luisa Mart\u00ednez O\u00e2\u20ac\u2122Farrill<\/p>\n<p><strong>10.45am <\/strong>T\u00edtulo. Estilos de liderazgos en el Personal Administrativo de Enfermer\u00eda del Hospital<\/p>\n<p>Calixto Garc\u00eda A\u00f1o 2011<\/p>\n<p><strong>Autora <\/strong>Lic. Marisol Alfonso Mora<\/p>\n<p>Master en Enfermer\u00eda<\/p>\n<p><strong>10.55am <\/strong>T\u00edtulo: Estrategia\u00a0 de Enfermer\u00eda en Pacientes. Portadores de Neuromiel\u00edtis \u00d3ptica.<\/p>\n<p><strong><span style=\"text-decoration: underline\">Autores<\/span>:<\/strong> lic. Daymet Grass Fern\u00e1ndez<\/p>\n<p>Dr. C. Jos\u00e9 A. Cabrera G\u00f3mez<\/p>\n<p>MSc Karina Romero<\/p>\n<p>MSc Arnoldo Padr\u00f3n S\u00e1nchez<\/p>\n<p><strong>11.00am<\/strong> Discusi\u00f3n<\/p>\n<p><strong> 11.10am <\/strong>Titulo. Presencia del M\u00e9todo Cl\u00ednico en el Proceso de Atenci\u00f3n de Enfermer\u00eda en la<\/p>\n<p>Docencia y en la Asistencia<\/p>\n<p><strong>Autora.<\/strong> Lic. Maria C Fenton Tait<\/p>\n<p>Master en Enfermer\u00eda<\/p>\n<p>Profesora Auxiliar<\/p>\n<p>Profesora Consultante<\/p>\n<p><strong> 11.20am <\/strong>Titulo. Presencia del M\u00e9todo Cl\u00ednico en el Proceso de Atenci\u00f3n de Enfermer\u00eda en<\/p>\n<p>Pacientes con afecciones cl\u00ednico quir\u00fargicas<\/p>\n<p><strong>Autora <\/strong>Lic. Josefa Fenton Tait<\/p>\n<p>Profesora Auxiliar<\/p>\n<p>Profesora Consultante<\/p>\n<p><strong> 11.30am<\/strong> Titulo: Peri operatorio del Paciente con Hiperhidrosis Palmo Plantal y Axilar.<\/p>\n<p><strong>Autora:<\/strong> Lic. Nerly Montero Laffita<\/p>\n<p>Lic. Dilaida Lima Milanes<\/p>\n<p>Lic. Darling Vald\u00e9s Blanco<\/p>\n<p>Enf Esp Arelys Rodr\u00edguez palacios<\/p>\n<p>Lic. Esperanza Camejo\u00a0 Morales<\/p>\n<p><strong>Asesor:<\/strong> Dr. Carlos Rivera<\/p>\n<p><strong> 11.40am <\/strong>Titulo: Protocolo\u00a0 de actuaci\u00f3n de Enfermer\u00eda en la implantaci\u00f3n de\u00a0 Marcapasos<\/p>\n<p>Permanente.<\/p>\n<p><strong>Autores:<\/strong> Enfermero: Alex Casta\u00f1eda Castillo.<\/p>\n<p>Especialista en Cuidados Intensivos y Licenciado en enfermer\u00eda<\/p>\n<p>Marcelo Mart\u00ednez Parodi. Especialista en Cuidados Intensivos, Licenciado en<\/p>\n<p>En enfermer\u00eda y master en Virolog\u00eda.<\/p>\n<p>Dra.: Esther Leal Bal\u00f3n. Especialista de 1<sup>er<\/sup> grado en Cardiolog\u00eda<\/p>\n<p><strong> 11.45 a.m.<\/strong> Discusi\u00f3n<\/p>\n<p><strong> 11.55am <\/strong>Titulo: Valores Human\u00edsticos en Enfermer\u00eda<\/p>\n<p><strong>Autores:<\/strong> MsC Marlina Lescaille Taquechel.<\/p>\n<p>MSC Evarista Alicia Fern\u00e1ndez Hern\u00e1ndez.<\/p>\n<p>MsC Ivonne Alicia Rojas Fernandez.<\/p>\n<p><strong> 12.05 <\/strong>Titulo: Afecciones Cardiovasculares en Mujeres en Edad F\u00e9rtil e Intervenciones de<\/p>\n<p>Enfermer\u00eda Centro de Cuidados Coronarios 2011<\/p>\n<p><strong>Autores:<\/strong> Lic. Mario Rodr\u00edguez Marquetti<\/p>\n<p>Lic. Yesenia Montoya Rabelo<\/p>\n<p>Lic. Daysis Ferrer Gibson<\/p>\n<p><strong> 12.15 <\/strong>Titulo: Cuidados Peri operatorio del Paciente Sometido a Cirug\u00eda Con Excimer L\u00e1ser<\/p>\n<p><strong>Autores:<\/strong> MsC Miriam \u00c1lvarez Garc\u00eda<\/p>\n<p>MsC Rafael Su\u00e1rez Fuente<\/p>\n<p><strong> 12.25 <\/strong>Titulo: Modelos Conceptuales de Enfermer\u00eda \u00fatiles en la Rehabilitaci\u00f3n  Cardiovascular<\/p>\n<p>Centro de Cuidados Coronarios 2011.<\/p>\n<p><strong>Autores:<\/strong> Lic. Mario Rodr\u00edguez Marquetti<\/p>\n<p><strong>12.35 <\/strong>Titulo Margarita N\u00fa\u00f1ez N\u00fa\u00f1ez<\/p>\n<p><strong>Autora:<\/strong> MSc Lic. Maria del Carmen Amaro Cano<\/p>\n<p><strong> 12.40 <\/strong> Aportes de\u00a0 diferentes personalidades de la medicina la historia de la desinfecci\u00f3n.<\/p>\n<p><strong>Autores:<\/strong> MSc. Jorgelina Apao D\u00edaz, Lic. Yasmira Mestre Apao.<\/p>\n<p><strong>12.55 <\/strong>Caracterizaci\u00f3n de las mujeres atendidas en una consulta de climaterio y menopausia<\/p>\n<p><strong>Autores:<\/strong> Lic. Daysi A. Le\u00f3n D\u00edaz, MSc. Lic. Miriam \u00c1lvarez Garc\u00eda<\/p>\n","protected":false},"excerpt":{"rendered":"<p>Programa Cient\u00edfico Presidencia de Honor Lic. Norys Hodelin Urria Dr. Miguel Fonseca Sardana Comit\u00e9 Organizador Lic. Alicia Sende Odoardo Lic. Mayte Ramos Herrera Lic. Rosa Irma Alarcon Reyes Lic. Mario Rodriguez Marquetti Lic. Angela Marrero Lemus Lic. Mayelin Reyes Garcia Comit\u00e9 Cient\u00edfico Lic. Marisol Alfonso Mora Lic. Josefa Fenton Tait Sal\u00f3n Teatro CITED Presidente. Lic. [&hellip;]<\/p>\n","protected":false},"author":57,"featured_media":0,"parent":21,"menu_order":0,"comment_status":"closed","ping_status":"closed","template":"","meta":[],"_links":{"self":[{"href":"https:\/\/promociondeeventos.sld.cu\/calixto2012\/wp-json\/wp\/v2\/pages\/102"}],"collection":[{"href":"https:\/\/promociondeeventos.sld.cu\/calixto2012\/wp-json\/wp\/v2\/pages"}],"about":[{"href":"https:\/\/promociondeeventos.sld.cu\/calixto2012\/wp-json\/wp\/v2\/types\/page"}],"author":[{"embeddable":true,"href":"https:\/\/promociondeeventos.sld.cu\/calixto2012\/wp-json\/wp\/v2\/users\/57"}],"replies":[{"embeddable":true,"href":"https:\/\/promociondeeventos.sld.cu\/calixto2012\/wp-json\/wp\/v2\/comments?post=102"}],"version-history":[{"count":2,"href":"https:\/\/promociondeeventos.sld.cu\/calixto2012\/wp-json\/wp\/v2\/pages\/102\/revisions"}],"predecessor-version":[{"id":137,"href":"https:\/\/promociondeeventos.sld.cu\/calixto2012\/wp-json\/wp\/v2\/pages\/102\/revisions\/137"}],"up":[{"embeddable":true,"href":"https:\/\/promociondeeventos.sld.cu\/calixto2012\/wp-json\/wp\/v2\/pages\/21"}],"wp:attachment":[{"href":"https:\/\/promociondeeventos.sld.cu\/calixto2012\/wp-json\/wp\/v2\/media?parent=102"}],"curies":[{"name":"wp","href":"https:\/\/api.w.org\/{rel}","templated":true}]}}