{"id":56,"date":"2025-03-14T13:33:46","date_gmt":"2025-03-14T13:33:46","guid":{"rendered":"https:\/\/promociondeeventos.sld.cu\/calidaddevida2025\/?page_id=56"},"modified":"2025-04-08T16:00:25","modified_gmt":"2025-04-08T16:00:25","slug":"inscripciones","status":"publish","type":"page","link":"https:\/\/promociondeeventos.sld.cu\/calidaddevida2025\/inscripciones\/","title":{"rendered":"Inscripciones"},"content":{"rendered":"<p>Si usted tiene inter\u00e9s en participar, descarque el formulario de inscripci\u00f3n, complete sus datos y env\u00edelo al correo electr\u00f3nico: <a href=\"mailto:lgil@ipk.sld.cu\" target=\"_blank\" rel=\"noopener\">lgil@ipk.sld.cu<\/a><\/p>\n<p><a href=\"http:\/\/promociondeeventos.sld.cu\/pediatriaipk2025\/files\/2025\/04\/PG-01-Planilla-de-Solicitud-de-Matricula.doc\" target=\"_blank\" rel=\"noopener\">Descargar Planilla de Solicitud de Matricula<\/a><\/p>\n","protected":false},"excerpt":{"rendered":"<p>Si usted tiene inter\u00e9s en participar, descarque el formulario de inscripci\u00f3n, complete sus datos y env\u00edelo al correo electr\u00f3nico: lgil@ipk.sld.cu Descargar Planilla de Solicitud de Matricula<\/p>\n","protected":false},"author":3257,"featured_media":0,"parent":0,"menu_order":0,"comment_status":"closed","ping_status":"closed","template":"","meta":[],"_links":{"self":[{"href":"https:\/\/promociondeeventos.sld.cu\/calidaddevida2025\/wp-json\/wp\/v2\/pages\/56"}],"collection":[{"href":"https:\/\/promociondeeventos.sld.cu\/calidaddevida2025\/wp-json\/wp\/v2\/pages"}],"about":[{"href":"https:\/\/promociondeeventos.sld.cu\/calidaddevida2025\/wp-json\/wp\/v2\/types\/page"}],"author":[{"embeddable":true,"href":"https:\/\/promociondeeventos.sld.cu\/calidaddevida2025\/wp-json\/wp\/v2\/users\/3257"}],"replies":[{"embeddable":true,"href":"https:\/\/promociondeeventos.sld.cu\/calidaddevida2025\/wp-json\/wp\/v2\/comments?post=56"}],"version-history":[{"count":2,"href":"https:\/\/promociondeeventos.sld.cu\/calidaddevida2025\/wp-json\/wp\/v2\/pages\/56\/revisions"}],"predecessor-version":[{"id":65,"href":"https:\/\/promociondeeventos.sld.cu\/calidaddevida2025\/wp-json\/wp\/v2\/pages\/56\/revisions\/65"}],"wp:attachment":[{"href":"https:\/\/promociondeeventos.sld.cu\/calidaddevida2025\/wp-json\/wp\/v2\/media?parent=56"}],"curies":[{"name":"wp","href":"https:\/\/api.w.org\/{rel}","templated":true}]}}