{"id":5,"date":"2025-03-06T19:56:02","date_gmt":"2025-03-06T19:56:02","guid":{"rendered":"https:\/\/promociondeeventos.sld.cu\/calidaddevida2025\/?page_id=5"},"modified":"2025-03-26T19:19:09","modified_gmt":"2025-03-26T19:19:09","slug":"convocatoria","status":"publish","type":"page","link":"https:\/\/promociondeeventos.sld.cu\/calidaddevida2025\/","title":{"rendered":"Convocatoria"},"content":{"rendered":"<p>El estudio de la calidad de vida relacionada con la salud (CVRS) resulta de gran importancia tanto en el \u00e1rea de la investigaci\u00f3n como en la asistencia cl\u00ednica. La creciente necesidad de evaluar nuevas opciones terap\u00e9uticas, el incremento en la prevalencia de las enfermedades cr\u00f3nicas, la necesidad expl\u00edcita de reconocer el valor que tienen las percepciones de cambio de la CVRS que cada paciente experimenta y el hecho de que en m\u00faltiples afecciones y en distintos grupos de pacientes, la correlaci\u00f3n entre los marcadores anal\u00edticos y funcionales y la CVRS percibida por estos es baja, ha propiciado que un mayor n\u00famero de ensayos cl\u00ednicos controlados (ECC) incluyan entre sus objetivos esta evaluaci\u00f3n. Sin embargo, la calidad es necesario conocer la metodolog\u00eda con la que son realizados estos estudios, fundamentalmente en el ac\u00e1pite del protocolo destinado a la planificaci\u00f3n de la evaluaci\u00f3n de este par\u00e1metro, la recolecci\u00f3n de los datos y el an\u00e1lisis e interpretaci\u00f3n de los resultados. Debido al creciente auge que llevan aparejados estudios de CVRS. Sugeriremos algunos aspectos a tener en cuenta en el momento de planificar, recolectar los datos e interpretar los resultados de un ECC que incluya la evaluaci\u00f3n de la CVRS. Calidad de vida es un concepto lo suficientemente poli\u00e9drico y multifactorial como para que la Organizaci\u00f3n Mundial de la Salud (OMS) necesitara 15 grupos de investigaci\u00f3n internacionales, trabajando simult\u00e1neamente, para llegar a una definici\u00f3n v\u00e1lida en diferentes culturas: \u00abLa percepci\u00f3n que tiene un individuo de su posici\u00f3n en la vida en el contexto de la cultura y los sistemas de valores en los que vive, y en relaci\u00f3n con sus metas, expectativas, est\u00e1ndares y preocupaciones\u00bb. El t\u00e9rmino lleva desarroll\u00e1ndose conceptualmente m\u00e1s de 80 a\u00f1os, desde que los investigadores en salud comenzaron a interesarse por las formas en que factores externos a la condici\u00f3n f\u00edsica, tanto objetivos como subjetivos, empeoraban o mejoraban la situaci\u00f3n de los pacientes. Se barajaban entonces cuestiones como la situaci\u00f3n econ\u00f3mica y social, la satisfacci\u00f3n con uno mismo o sus circunstancias personales.\u00a0 Le invitamos a participar en el<strong> Taller: Calidad de Vida en Protocolos Cl\u00ednicos. Aplicaci\u00f3n, evaluaci\u00f3n y resultados. Instituto de Medicina Tropical \u00a8Pedro Kour\u00ed\u00a8, La Habana, del 28 al 29 de mayo de 2025.<\/strong><\/p>\n","protected":false},"excerpt":{"rendered":"<p>El estudio de la calidad de vida relacionada con la salud (CVRS) resulta de gran importancia tanto en el \u00e1rea de la investigaci\u00f3n como en la asistencia cl\u00ednica. La creciente necesidad de evaluar nuevas opciones terap\u00e9uticas, el incremento en la prevalencia de las enfermedades cr\u00f3nicas, la necesidad expl\u00edcita de reconocer el valor que tienen las [&hellip;]<\/p>\n","protected":false},"author":3205,"featured_media":0,"parent":0,"menu_order":0,"comment_status":"closed","ping_status":"closed","template":"","meta":[],"_links":{"self":[{"href":"https:\/\/promociondeeventos.sld.cu\/calidaddevida2025\/wp-json\/wp\/v2\/pages\/5"}],"collection":[{"href":"https:\/\/promociondeeventos.sld.cu\/calidaddevida2025\/wp-json\/wp\/v2\/pages"}],"about":[{"href":"https:\/\/promociondeeventos.sld.cu\/calidaddevida2025\/wp-json\/wp\/v2\/types\/page"}],"author":[{"embeddable":true,"href":"https:\/\/promociondeeventos.sld.cu\/calidaddevida2025\/wp-json\/wp\/v2\/users\/3205"}],"replies":[{"embeddable":true,"href":"https:\/\/promociondeeventos.sld.cu\/calidaddevida2025\/wp-json\/wp\/v2\/comments?post=5"}],"version-history":[{"count":8,"href":"https:\/\/promociondeeventos.sld.cu\/calidaddevida2025\/wp-json\/wp\/v2\/pages\/5\/revisions"}],"predecessor-version":[{"id":64,"href":"https:\/\/promociondeeventos.sld.cu\/calidaddevida2025\/wp-json\/wp\/v2\/pages\/5\/revisions\/64"}],"wp:attachment":[{"href":"https:\/\/promociondeeventos.sld.cu\/calidaddevida2025\/wp-json\/wp\/v2\/media?parent=5"}],"curies":[{"name":"wp","href":"https:\/\/api.w.org\/{rel}","templated":true}]}}