{"id":5,"date":"2024-12-22T21:30:03","date_gmt":"2024-12-22T21:30:03","guid":{"rendered":"https:\/\/promociondeeventos.sld.cu\/bioqholg2025\/?page_id=5"},"modified":"2024-12-22T21:59:03","modified_gmt":"2024-12-22T21:59:03","slug":"convocatoria","status":"publish","type":"page","link":"https:\/\/promociondeeventos.sld.cu\/bioqholg2025\/","title":{"rendered":"Convocatoria"},"content":{"rendered":"<p style=\"text-align: justify;\">Estimado(a) colega:<\/p>\n<p style=\"text-align: justify;\">La Universidad de Ciencias M\u00e9dicas de Holgu\u00edn y el Cap\u00edtulo Provincial de la Sociedad Cubana de Ciencias B\u00e1sicas Biom\u00e9dicas de Holgu\u00edn, tienen el honor de invitarle a BioqHo 2025- V Encuentro Virtual de Bioqu\u00edmica. Holgu\u00edn 2025, a efectuarse desde el 1 al 30 de junio de 2025 en el marco de las actividades por el 15 de junio, D\u00eda del Bioqu\u00edmico.<br \/>\nSe pretende debatir los resultados de las investigaciones en el campo de la Bioqu\u00edmica, generalizar los avances en este campo en nuestra provincia y promover el desarrollo de nuevos proyectos cient\u00edficos en la tem\u00e1tica.<br \/>\nCon un elevado compromiso este V Encuentro Virtual de Bioqu\u00edmica en Holgu\u00edn, de car\u00e1cter Nacional, continuar\u00e1 consolidando los avances alcanzados en la Bioqu\u00edmica, de manera que los resultados de ella est\u00e9n orientados a la discusi\u00f3n de los principales temas vinculados a esta ciencia que impacten en la formaci\u00f3n de los recursos humanos necesarios para garantizar la calidad de la atenci\u00f3n en salud y el bienestar del pueblo.<br \/>\nEl evento virtual persigue hacer un uso eficiente de las tecnolog\u00edas para promover la difusi\u00f3n de los resultados investigativos e incrementar el intercambio y la colaboraci\u00f3n cient\u00edfica entre profesionales de la salud.<\/p>\n<p>\u00a1Participa!<br \/>\nComit\u00e9 Organizador.<\/p>\n","protected":false},"excerpt":{"rendered":"<p>Estimado(a) colega: La Universidad de Ciencias M\u00e9dicas de Holgu\u00edn y el Cap\u00edtulo Provincial de la Sociedad Cubana de Ciencias B\u00e1sicas Biom\u00e9dicas de Holgu\u00edn, tienen el honor de invitarle a BioqHo 2025- V Encuentro Virtual de Bioqu\u00edmica. Holgu\u00edn 2025, a efectuarse desde el 1 al 30 de junio de 2025 en el marco de las actividades [&hellip;]<\/p>\n","protected":false},"author":3262,"featured_media":0,"parent":0,"menu_order":0,"comment_status":"closed","ping_status":"closed","template":"","meta":[],"_links":{"self":[{"href":"https:\/\/promociondeeventos.sld.cu\/bioqholg2025\/wp-json\/wp\/v2\/pages\/5"}],"collection":[{"href":"https:\/\/promociondeeventos.sld.cu\/bioqholg2025\/wp-json\/wp\/v2\/pages"}],"about":[{"href":"https:\/\/promociondeeventos.sld.cu\/bioqholg2025\/wp-json\/wp\/v2\/types\/page"}],"author":[{"embeddable":true,"href":"https:\/\/promociondeeventos.sld.cu\/bioqholg2025\/wp-json\/wp\/v2\/users\/3262"}],"replies":[{"embeddable":true,"href":"https:\/\/promociondeeventos.sld.cu\/bioqholg2025\/wp-json\/wp\/v2\/comments?post=5"}],"version-history":[{"count":4,"href":"https:\/\/promociondeeventos.sld.cu\/bioqholg2025\/wp-json\/wp\/v2\/pages\/5\/revisions"}],"predecessor-version":[{"id":40,"href":"https:\/\/promociondeeventos.sld.cu\/bioqholg2025\/wp-json\/wp\/v2\/pages\/5\/revisions\/40"}],"wp:attachment":[{"href":"https:\/\/promociondeeventos.sld.cu\/bioqholg2025\/wp-json\/wp\/v2\/media?parent=5"}],"curies":[{"name":"wp","href":"https:\/\/api.w.org\/{rel}","templated":true}]}}