{"id":19,"date":"2024-12-22T21:32:24","date_gmt":"2024-12-22T21:32:24","guid":{"rendered":"https:\/\/promociondeeventos.sld.cu\/bioqholg2025\/?page_id=19"},"modified":"2024-12-22T21:41:39","modified_gmt":"2024-12-22T21:41:39","slug":"contactos","status":"publish","type":"page","link":"https:\/\/promociondeeventos.sld.cu\/bioqholg2025\/contactos\/","title":{"rendered":"Contactos"},"content":{"rendered":"<p>Dra. Raisa Rodr\u00edguez Hern\u00e1ndez<br \/>\nUniversidad de Ciencias M\u00e9dicas de Holgu\u00edn\/raisarod@infomed.sld.cu<\/p>\n","protected":false},"excerpt":{"rendered":"<p>Dra. Raisa Rodr\u00edguez Hern\u00e1ndez Universidad de Ciencias M\u00e9dicas de Holgu\u00edn\/raisarod@infomed.sld.cu<\/p>\n","protected":false},"author":3262,"featured_media":0,"parent":0,"menu_order":0,"comment_status":"closed","ping_status":"closed","template":"","meta":[],"_links":{"self":[{"href":"https:\/\/promociondeeventos.sld.cu\/bioqholg2025\/wp-json\/wp\/v2\/pages\/19"}],"collection":[{"href":"https:\/\/promociondeeventos.sld.cu\/bioqholg2025\/wp-json\/wp\/v2\/pages"}],"about":[{"href":"https:\/\/promociondeeventos.sld.cu\/bioqholg2025\/wp-json\/wp\/v2\/types\/page"}],"author":[{"embeddable":true,"href":"https:\/\/promociondeeventos.sld.cu\/bioqholg2025\/wp-json\/wp\/v2\/users\/3262"}],"replies":[{"embeddable":true,"href":"https:\/\/promociondeeventos.sld.cu\/bioqholg2025\/wp-json\/wp\/v2\/comments?post=19"}],"version-history":[{"count":2,"href":"https:\/\/promociondeeventos.sld.cu\/bioqholg2025\/wp-json\/wp\/v2\/pages\/19\/revisions"}],"predecessor-version":[{"id":31,"href":"https:\/\/promociondeeventos.sld.cu\/bioqholg2025\/wp-json\/wp\/v2\/pages\/19\/revisions\/31"}],"wp:attachment":[{"href":"https:\/\/promociondeeventos.sld.cu\/bioqholg2025\/wp-json\/wp\/v2\/media?parent=19"}],"curies":[{"name":"wp","href":"https:\/\/api.w.org\/{rel}","templated":true}]}}